{"id":2289,"date":"2024-05-31T12:21:25","date_gmt":"2024-05-31T11:21:25","guid":{"rendered":"https:\/\/ortopediagot.net\/?post_type=product&#038;p=2289"},"modified":"2024-05-31T12:21:25","modified_gmt":"2024-05-31T11:21:25","slug":"ktb461-kids-estabilizadora-de-tobillo","status":"publish","type":"product","link":"https:\/\/ortopediagot.net\/Inicio\/producto\/ktb461-kids-estabilizadora-de-tobillo\/","title":{"rendered":"KTB461 KIDS ESTABILIZADORA DE TOBILLO"},"content":{"rendered":"<p>Esguince<br \/>\nTendinitis<br \/>\nPrevenci\u00f3n de recidivas de esguinces<\/p>\n<div class=\"tsf-campo-acf-titulo tsf-campo-acf-titulo-caracteristicas tsf_campo-acf tsf_caracteristicas\"><strong>Caracter\u00edsticas<\/strong><\/div>\n<div><\/div>\n<div class=\"tsf-campo-acf-valores tsf-campo-acf-valores-caracteristicas tsf_campo-acf tsf_caracteristicas\">Tejido el\u00e1stico y transpirable<br \/>\nAbierta sobre la pantorrilla para facilitar su colocaci\u00f3n.<br \/>\nIncorpora una cinta el\u00e1stica de sujeci\u00f3n que posibilita la realizaci\u00f3n de un vendaje estabilizador<\/div>\n<div class=\"tsf-campo-acf-titulo tsf-campo-acf-titulo-pa_tallas tsf_campo-acf tsf_pa_tallas\"><\/div>\n<div><strong>Tallas<\/strong><\/div>\n<div><\/div>\n<div class=\"tsf-campo-acf-valores tsf-campo-acf-valores-pa_tallas tsf_campo-acf tsf_pa_tallas\">XS, S<\/div>\n<div class=\"tsf-campo-acf-valores tsf-campo-acf-valores-tallas_medidas tsf_campo-acf tsf_pa_tallas_medidas\">CONTORNO DE TOBILLO<br \/>\nXS: 18-20 CM; S: 21-24 CM<\/div>\n","protected":false},"excerpt":{"rendered":"<p>Esguince Tendinitis Prevenci\u00f3n de recidivas de esguinces Caracter\u00edsticas Tejido el\u00e1stico y transpirable Abierta sobre la pantorrilla para facilitar su colocaci\u00f3n. Incorpora una cinta el\u00e1stica de sujeci\u00f3n que posibilita la realizaci\u00f3n de un vendaje estabilizador Tallas XS, S CONTORNO DE TOBILLO XS: 18-20 CM; S: 21-24 CM<\/p>\n","protected":false},"featured_media":2290,"comment_status":"open","ping_status":"closed","template":"","meta":{"saved_in_kubio":false},"product_brand":[],"product_cat":[95],"product_tag":[118],"class_list":{"0":"post-2289","1":"product","2":"type-product","3":"status-publish","4":"has-post-thumbnail","6":"product_cat-miembro-inferior","7":"product_tag-emo","9":"first","10":"instock","11":"shipping-taxable","12":"product-type-simple"},"_links":{"self":[{"href":"https:\/\/ortopediagot.net\/Inicio\/wp-json\/wp\/v2\/product\/2289"}],"collection":[{"href":"https:\/\/ortopediagot.net\/Inicio\/wp-json\/wp\/v2\/product"}],"about":[{"href":"https:\/\/ortopediagot.net\/Inicio\/wp-json\/wp\/v2\/types\/product"}],"replies":[{"embeddable":true,"href":"https:\/\/ortopediagot.net\/Inicio\/wp-json\/wp\/v2\/comments?post=2289"}],"wp:featuredmedia":[{"embeddable":true,"href":"https:\/\/ortopediagot.net\/Inicio\/wp-json\/wp\/v2\/media\/2290"}],"wp:attachment":[{"href":"https:\/\/ortopediagot.net\/Inicio\/wp-json\/wp\/v2\/media?parent=2289"}],"wp:term":[{"taxonomy":"product_brand","embeddable":true,"href":"https:\/\/ortopediagot.net\/Inicio\/wp-json\/wp\/v2\/product_brand?post=2289"},{"taxonomy":"product_cat","embeddable":true,"href":"https:\/\/ortopediagot.net\/Inicio\/wp-json\/wp\/v2\/product_cat?post=2289"},{"taxonomy":"product_tag","embeddable":true,"href":"https:\/\/ortopediagot.net\/Inicio\/wp-json\/wp\/v2\/product_tag?post=2289"}],"curies":[{"name":"wp","href":"https:\/\/api.w.org\/{rel}","templated":true}]}}