{"id":2296,"date":"2024-05-31T12:31:11","date_gmt":"2024-05-31T11:31:11","guid":{"rendered":"https:\/\/ortopediagot.net\/?post_type=product&#038;p=2296"},"modified":"2024-05-31T12:31:12","modified_gmt":"2024-05-31T11:31:12","slug":"lif131-lifter-lengueta-de-traccion","status":"publish","type":"product","link":"https:\/\/ortopediagot.net\/Inicio\/producto\/lif131-lifter-lengueta-de-traccion\/","title":{"rendered":"LIF131 LIFTER LENG\u00dcETA DE TRACCI\u00d3N"},"content":{"rendered":"<div class=\"tsf-campo-acf-titulo tsf-campo-acf-titulo-caracteristicas tsf_campo-acf tsf_caracteristicas\"><strong>Caracter\u00edsticas<\/strong><\/div>\n<div><\/div>\n<div class=\"tsf-campo-acf-valores tsf-campo-acf-valores-caracteristicas tsf_campo-acf tsf_caracteristicas\">Pieza de anclaje que funciona como corredera del el\u00e1stico de tracci\u00f3n.<br \/>\nDistribuye la tracci\u00f3n generada por el el\u00e1stico de tracci\u00f3n.<\/div>\n","protected":false},"excerpt":{"rendered":"<p>Caracter\u00edsticas Pieza de anclaje que funciona como corredera del el\u00e1stico de tracci\u00f3n. Distribuye la tracci\u00f3n generada por el el\u00e1stico de tracci\u00f3n.<\/p>\n","protected":false},"featured_media":0,"comment_status":"open","ping_status":"closed","template":"","meta":{"saved_in_kubio":false},"product_brand":[],"product_cat":[120],"product_tag":[118],"class_list":{"0":"post-2296","1":"product","2":"type-product","3":"status-publish","5":"product_cat-repuestos","6":"product_tag-emo","8":"first","9":"instock","10":"shipping-taxable","11":"product-type-simple"},"_links":{"self":[{"href":"https:\/\/ortopediagot.net\/Inicio\/wp-json\/wp\/v2\/product\/2296"}],"collection":[{"href":"https:\/\/ortopediagot.net\/Inicio\/wp-json\/wp\/v2\/product"}],"about":[{"href":"https:\/\/ortopediagot.net\/Inicio\/wp-json\/wp\/v2\/types\/product"}],"replies":[{"embeddable":true,"href":"https:\/\/ortopediagot.net\/Inicio\/wp-json\/wp\/v2\/comments?post=2296"}],"wp:attachment":[{"href":"https:\/\/ortopediagot.net\/Inicio\/wp-json\/wp\/v2\/media?parent=2296"}],"wp:term":[{"taxonomy":"product_brand","embeddable":true,"href":"https:\/\/ortopediagot.net\/Inicio\/wp-json\/wp\/v2\/product_brand?post=2296"},{"taxonomy":"product_cat","embeddable":true,"href":"https:\/\/ortopediagot.net\/Inicio\/wp-json\/wp\/v2\/product_cat?post=2296"},{"taxonomy":"product_tag","embeddable":true,"href":"https:\/\/ortopediagot.net\/Inicio\/wp-json\/wp\/v2\/product_tag?post=2296"}],"curies":[{"name":"wp","href":"https:\/\/api.w.org\/{rel}","templated":true}]}}