{"id":2298,"date":"2024-05-31T12:33:01","date_gmt":"2024-05-31T11:33:01","guid":{"rendered":"https:\/\/ortopediagot.net\/?post_type=product&#038;p=2298"},"modified":"2024-05-31T12:33:01","modified_gmt":"2024-05-31T11:33:01","slug":"lif132-lifter-elastico-de-traccion","status":"publish","type":"product","link":"https:\/\/ortopediagot.net\/Inicio\/producto\/lif132-lifter-elastico-de-traccion\/","title":{"rendered":"LIF132 LIFTER ELASTICO DE TRACCI\u00d3N"},"content":{"rendered":"<div class=\"tsf-campo-acf-titulo tsf-campo-acf-titulo-caracteristicas tsf_campo-acf tsf_caracteristicas\"><strong>Caracter\u00edsticas<\/strong><\/div>\n<div><\/div>\n<div class=\"tsf-campo-acf-valores tsf-campo-acf-valores-caracteristicas tsf_campo-acf tsf_caracteristicas\">Cord\u00f3n el\u00e1stico que une el soporte tibial y de tracci\u00f3n.<br \/>\nRegula el grado dorsiflexi\u00f3n del pie.<br \/>\nM\u00ednimo espesor: micro-velcro.<br \/>\nEl\u00e1stico de m\u00e1xima resistencia.<\/div>\n<div class=\"tsf-campo-acf-titulo tsf-campo-acf-titulo-pa_tallas tsf_campo-acf tsf_pa_tallas\"><\/div>\n<div><strong>Tallas\u00a0<\/strong><\/div>\n<div><\/div>\n<div class=\"tsf-campo-acf-valores tsf-campo-acf-valores-pa_tallas tsf_campo-acf tsf_pa_tallas\">S, L<\/div>\n<div class=\"tsf-campo-acf-valores tsf-campo-acf-valores-tallas_medidas tsf_campo-acf tsf_pa_tallas_medidas\">CONTORNO DE TOBILLO<br \/>\nS &#8211; M: 14-22 L &#8211; XL: 22-30<\/div>\n","protected":false},"excerpt":{"rendered":"<p>Caracter\u00edsticas Cord\u00f3n el\u00e1stico que une el soporte tibial y de tracci\u00f3n. Regula el grado dorsiflexi\u00f3n del pie. M\u00ednimo espesor: micro-velcro. El\u00e1stico de m\u00e1xima resistencia. Tallas\u00a0 S, L CONTORNO DE TOBILLO S &#8211; M: 14-22 L &#8211; XL: 22-30<\/p>\n","protected":false},"featured_media":2299,"comment_status":"open","ping_status":"closed","template":"","meta":{"saved_in_kubio":false},"product_brand":[],"product_cat":[120],"product_tag":[118],"class_list":{"0":"post-2298","1":"product","2":"type-product","3":"status-publish","4":"has-post-thumbnail","6":"product_cat-repuestos","7":"product_tag-emo","9":"first","10":"instock","11":"shipping-taxable","12":"product-type-simple"},"_links":{"self":[{"href":"https:\/\/ortopediagot.net\/Inicio\/wp-json\/wp\/v2\/product\/2298"}],"collection":[{"href":"https:\/\/ortopediagot.net\/Inicio\/wp-json\/wp\/v2\/product"}],"about":[{"href":"https:\/\/ortopediagot.net\/Inicio\/wp-json\/wp\/v2\/types\/product"}],"replies":[{"embeddable":true,"href":"https:\/\/ortopediagot.net\/Inicio\/wp-json\/wp\/v2\/comments?post=2298"}],"wp:featuredmedia":[{"embeddable":true,"href":"https:\/\/ortopediagot.net\/Inicio\/wp-json\/wp\/v2\/media\/2299"}],"wp:attachment":[{"href":"https:\/\/ortopediagot.net\/Inicio\/wp-json\/wp\/v2\/media?parent=2298"}],"wp:term":[{"taxonomy":"product_brand","embeddable":true,"href":"https:\/\/ortopediagot.net\/Inicio\/wp-json\/wp\/v2\/product_brand?post=2298"},{"taxonomy":"product_cat","embeddable":true,"href":"https:\/\/ortopediagot.net\/Inicio\/wp-json\/wp\/v2\/product_cat?post=2298"},{"taxonomy":"product_tag","embeddable":true,"href":"https:\/\/ortopediagot.net\/Inicio\/wp-json\/wp\/v2\/product_tag?post=2298"}],"curies":[{"name":"wp","href":"https:\/\/api.w.org\/{rel}","templated":true}]}}