{"id":2303,"date":"2024-05-31T12:35:13","date_gmt":"2024-05-31T11:35:13","guid":{"rendered":"https:\/\/ortopediagot.net\/?post_type=product&#038;p=2303"},"modified":"2024-05-31T12:35:13","modified_gmt":"2024-05-31T11:35:13","slug":"lif141-lifter-ganchos-de-traccion","status":"publish","type":"product","link":"https:\/\/ortopediagot.net\/Inicio\/producto\/lif141-lifter-ganchos-de-traccion\/","title":{"rendered":"LIF141 LIFTER GANCHOS DE TRACCI\u00d3N"},"content":{"rendered":"<div class=\"tsf-campo-acf-titulo tsf-campo-acf-titulo-caracteristicas tsf_campo-acf tsf_caracteristicas\"><strong>Caracter\u00edsticas<\/strong><\/div>\n<div><\/div>\n<div class=\"tsf-campo-acf-valores tsf-campo-acf-valores-caracteristicas tsf_campo-acf tsf_caracteristicas\">Ganchos de anclaje que funcionan como corredera del el\u00e1stico de tracci\u00f3n.<br \/>\nDistribuye la tracci\u00f3n generada por el el\u00e1stico de tracci\u00f3n.<\/div>\n","protected":false},"excerpt":{"rendered":"<p>Caracter\u00edsticas Ganchos de anclaje que funcionan como corredera del el\u00e1stico de tracci\u00f3n. Distribuye la tracci\u00f3n generada por el el\u00e1stico de tracci\u00f3n.<\/p>\n","protected":false},"featured_media":2304,"comment_status":"open","ping_status":"closed","template":"","meta":{"saved_in_kubio":false},"product_brand":[],"product_cat":[120],"product_tag":[118],"class_list":{"0":"post-2303","1":"product","2":"type-product","3":"status-publish","4":"has-post-thumbnail","6":"product_cat-repuestos","7":"product_tag-emo","9":"first","10":"instock","11":"shipping-taxable","12":"product-type-simple"},"_links":{"self":[{"href":"https:\/\/ortopediagot.net\/Inicio\/wp-json\/wp\/v2\/product\/2303"}],"collection":[{"href":"https:\/\/ortopediagot.net\/Inicio\/wp-json\/wp\/v2\/product"}],"about":[{"href":"https:\/\/ortopediagot.net\/Inicio\/wp-json\/wp\/v2\/types\/product"}],"replies":[{"embeddable":true,"href":"https:\/\/ortopediagot.net\/Inicio\/wp-json\/wp\/v2\/comments?post=2303"}],"wp:featuredmedia":[{"embeddable":true,"href":"https:\/\/ortopediagot.net\/Inicio\/wp-json\/wp\/v2\/media\/2304"}],"wp:attachment":[{"href":"https:\/\/ortopediagot.net\/Inicio\/wp-json\/wp\/v2\/media?parent=2303"}],"wp:term":[{"taxonomy":"product_brand","embeddable":true,"href":"https:\/\/ortopediagot.net\/Inicio\/wp-json\/wp\/v2\/product_brand?post=2303"},{"taxonomy":"product_cat","embeddable":true,"href":"https:\/\/ortopediagot.net\/Inicio\/wp-json\/wp\/v2\/product_cat?post=2303"},{"taxonomy":"product_tag","embeddable":true,"href":"https:\/\/ortopediagot.net\/Inicio\/wp-json\/wp\/v2\/product_tag?post=2303"}],"curies":[{"name":"wp","href":"https:\/\/api.w.org\/{rel}","templated":true}]}}