{"id":2306,"date":"2024-05-31T12:37:10","date_gmt":"2024-05-31T11:37:10","guid":{"rendered":"https:\/\/ortopediagot.net\/?post_type=product&#038;p=2306"},"modified":"2024-05-31T12:37:10","modified_gmt":"2024-05-31T11:37:10","slug":"ps100-ortec-talonera-antidecubito","status":"publish","type":"product","link":"https:\/\/ortopediagot.net\/Inicio\/producto\/ps100-ortec-talonera-antidecubito\/","title":{"rendered":"PS100 ORTEC TALONERA ANTIDEC\u00daBITO"},"content":{"rendered":"<p>Prevenci\u00f3n de \u00falceras y escaras en pacientes que permanecen en dec\u00fabito durante largos per\u00edodos de tiempo en una misma posici\u00f3n.<\/p>\n<div class=\"tsf-campo-acf-titulo tsf-campo-acf-titulo-caracteristicas tsf_campo-acf tsf_caracteristicas\"><strong>Caracteristicas<\/strong><\/div>\n<div><\/div>\n<div class=\"tsf-campo-acf-valores tsf-campo-acf-valores-caracteristicas tsf_campo-acf tsf_caracteristicas\">Ortesis para el posicionamiento de miembro inferior.<br \/>\nFacilidad de colocaci\u00f3n.<br \/>\nAntidec\u00fabito de tal\u00f3n.<br \/>\nAlmohadillados c\u00f3modos para el paciente.<br \/>\nMaterial muy suave que disminuye la presi\u00f3n.<br \/>\nCosturas externas para evitar los roces<br \/>\nAjuste mediante velcro.<\/div>\n","protected":false},"excerpt":{"rendered":"<p>Prevenci\u00f3n de \u00falceras y escaras en pacientes que permanecen en dec\u00fabito durante largos per\u00edodos de tiempo en una misma posici\u00f3n. Caracteristicas Ortesis para el posicionamiento de miembro inferior. Facilidad de colocaci\u00f3n. Antidec\u00fabito de tal\u00f3n. Almohadillados c\u00f3modos para el paciente. Material muy suave que disminuye la presi\u00f3n. Costuras externas para evitar los roces Ajuste mediante velcro.<\/p>\n","protected":false},"featured_media":2307,"comment_status":"open","ping_status":"closed","template":"","meta":{"saved_in_kubio":false},"product_brand":[],"product_cat":[95],"product_tag":[118],"class_list":{"0":"post-2306","1":"product","2":"type-product","3":"status-publish","4":"has-post-thumbnail","6":"product_cat-miembro-inferior","7":"product_tag-emo","9":"first","10":"instock","11":"shipping-taxable","12":"product-type-simple"},"_links":{"self":[{"href":"https:\/\/ortopediagot.net\/Inicio\/wp-json\/wp\/v2\/product\/2306"}],"collection":[{"href":"https:\/\/ortopediagot.net\/Inicio\/wp-json\/wp\/v2\/product"}],"about":[{"href":"https:\/\/ortopediagot.net\/Inicio\/wp-json\/wp\/v2\/types\/product"}],"replies":[{"embeddable":true,"href":"https:\/\/ortopediagot.net\/Inicio\/wp-json\/wp\/v2\/comments?post=2306"}],"wp:featuredmedia":[{"embeddable":true,"href":"https:\/\/ortopediagot.net\/Inicio\/wp-json\/wp\/v2\/media\/2307"}],"wp:attachment":[{"href":"https:\/\/ortopediagot.net\/Inicio\/wp-json\/wp\/v2\/media?parent=2306"}],"wp:term":[{"taxonomy":"product_brand","embeddable":true,"href":"https:\/\/ortopediagot.net\/Inicio\/wp-json\/wp\/v2\/product_brand?post=2306"},{"taxonomy":"product_cat","embeddable":true,"href":"https:\/\/ortopediagot.net\/Inicio\/wp-json\/wp\/v2\/product_cat?post=2306"},{"taxonomy":"product_tag","embeddable":true,"href":"https:\/\/ortopediagot.net\/Inicio\/wp-json\/wp\/v2\/product_tag?post=2306"}],"curies":[{"name":"wp","href":"https:\/\/api.w.org\/{rel}","templated":true}]}}