{"id":2308,"date":"2024-05-31T12:38:20","date_gmt":"2024-05-31T11:38:20","guid":{"rendered":"https:\/\/ortopediagot.net\/?post_type=product&#038;p=2308"},"modified":"2024-05-31T12:38:21","modified_gmt":"2024-05-31T11:38:21","slug":"ps200-ortec-postural-antidecubito","status":"publish","type":"product","link":"https:\/\/ortopediagot.net\/Inicio\/producto\/ps200-ortec-postural-antidecubito\/","title":{"rendered":"PS200 ORTEC POSTURAL ANTIDEC\u00daBITO"},"content":{"rendered":"<p>Prevenci\u00f3n de \u00falceras y escaras en pacientes que permacencen en dec\u00fabito durante largos per\u00edodos de tiempo en una misma posici\u00f3n.<\/p>\n<p>&nbsp;<\/p>\n<div class=\"tsf-campo-acf-titulo tsf-campo-acf-titulo-caracteristicas tsf_campo-acf tsf_caracteristicas\"><strong>Caracter\u00edsticas<\/strong><\/div>\n<div class=\"tsf-campo-acf-valores tsf-campo-acf-valores-caracteristicas tsf_campo-acf tsf_caracteristicas\">\nOrtesis de termopl\u00e1stico para el posicionamiento de miembro inferior.<br \/>\nAlmohadillado en suapel muy confortable.<br \/>\nLibera tal\u00f3n, maleolos y la posible presion en dedos por el peso de las s\u00e1banas.<\/div>\n","protected":false},"excerpt":{"rendered":"<p>Prevenci\u00f3n de \u00falceras y escaras en pacientes que permacencen en dec\u00fabito durante largos per\u00edodos de tiempo en una misma posici\u00f3n. &nbsp; Caracter\u00edsticas Ortesis de termopl\u00e1stico para el posicionamiento de miembro inferior. Almohadillado en suapel muy confortable. Libera tal\u00f3n, maleolos y la posible presion en dedos por el peso de las s\u00e1banas.<\/p>\n","protected":false},"featured_media":2309,"comment_status":"open","ping_status":"closed","template":"","meta":{"saved_in_kubio":false},"product_brand":[],"product_cat":[95],"product_tag":[118],"class_list":{"0":"post-2308","1":"product","2":"type-product","3":"status-publish","4":"has-post-thumbnail","6":"product_cat-miembro-inferior","7":"product_tag-emo","9":"first","10":"instock","11":"shipping-taxable","12":"product-type-simple"},"_links":{"self":[{"href":"https:\/\/ortopediagot.net\/Inicio\/wp-json\/wp\/v2\/product\/2308"}],"collection":[{"href":"https:\/\/ortopediagot.net\/Inicio\/wp-json\/wp\/v2\/product"}],"about":[{"href":"https:\/\/ortopediagot.net\/Inicio\/wp-json\/wp\/v2\/types\/product"}],"replies":[{"embeddable":true,"href":"https:\/\/ortopediagot.net\/Inicio\/wp-json\/wp\/v2\/comments?post=2308"}],"wp:featuredmedia":[{"embeddable":true,"href":"https:\/\/ortopediagot.net\/Inicio\/wp-json\/wp\/v2\/media\/2309"}],"wp:attachment":[{"href":"https:\/\/ortopediagot.net\/Inicio\/wp-json\/wp\/v2\/media?parent=2308"}],"wp:term":[{"taxonomy":"product_brand","embeddable":true,"href":"https:\/\/ortopediagot.net\/Inicio\/wp-json\/wp\/v2\/product_brand?post=2308"},{"taxonomy":"product_cat","embeddable":true,"href":"https:\/\/ortopediagot.net\/Inicio\/wp-json\/wp\/v2\/product_cat?post=2308"},{"taxonomy":"product_tag","embeddable":true,"href":"https:\/\/ortopediagot.net\/Inicio\/wp-json\/wp\/v2\/product_tag?post=2308"}],"curies":[{"name":"wp","href":"https:\/\/api.w.org\/{rel}","templated":true}]}}