{"id":2310,"date":"2024-05-31T12:40:43","date_gmt":"2024-05-31T11:40:43","guid":{"rendered":"https:\/\/ortopediagot.net\/?post_type=product&#038;p=2310"},"modified":"2024-05-31T12:40:44","modified_gmt":"2024-05-31T11:40:44","slug":"ps300-fasciplant","status":"publish","type":"product","link":"https:\/\/ortopediagot.net\/Inicio\/producto\/ps300-fasciplant\/","title":{"rendered":"PS300 FASCIPLANT"},"content":{"rendered":"<p>Fascitis plantar.<br \/>\nTendinitis del tend\u00f3n de Aquiles.<br \/>\nEspol\u00f3n de calc\u00e1neo.<\/p>\n<div class=\"tsf-campo-acf-titulo tsf-campo-acf-titulo-caracteristicas tsf_campo-acf tsf_caracteristicas\"><strong>Caracter\u00edsticas<\/strong><\/div>\n<div><\/div>\n<div class=\"tsf-campo-acf-valores tsf-campo-acf-valores-caracteristicas tsf_campo-acf tsf_caracteristicas\">F\u00e9rula postural nocturna para el tratamiento de la fascitis plantar.<br \/>\nFabricada en termopl\u00e1stico. Con sistema con control de la flexoextensi\u00f3n.<br \/>\nSuave forro y almohadillas para el m\u00e1ximo confort.<br \/>\nDoble sistema elongador que act\u00faa sobre la fascia plantar y sobre la musculatura extensora del pie.<br \/>\nDise\u00f1o ligero y de conformaci\u00f3n anat\u00f3mica.<br \/>\nCinchas de sujeci\u00f3n sobre tarso, maleolos y pantorrilla.<br \/>\nCu\u00f1a bilateral sub-fal\u00e1ngica para m\u00e1xima elongaci\u00f3n de la fascia.<br \/>\nSuela antideslizante. Cierre de microvelcro.<br \/>\nTalla \u00fanica.<\/div>\n","protected":false},"excerpt":{"rendered":"<p>Fascitis plantar. Tendinitis del tend\u00f3n de Aquiles. Espol\u00f3n de calc\u00e1neo. Caracter\u00edsticas F\u00e9rula postural nocturna para el tratamiento de la fascitis plantar. Fabricada en termopl\u00e1stico. Con sistema con control de la flexoextensi\u00f3n. Suave forro y almohadillas para el m\u00e1ximo confort. Doble sistema elongador que act\u00faa sobre la fascia plantar y sobre la musculatura extensora del pie. [&hellip;]<\/p>\n","protected":false},"featured_media":2311,"comment_status":"open","ping_status":"closed","template":"","meta":{"saved_in_kubio":false},"product_brand":[],"product_cat":[95],"product_tag":[118],"class_list":{"0":"post-2310","1":"product","2":"type-product","3":"status-publish","4":"has-post-thumbnail","6":"product_cat-miembro-inferior","7":"product_tag-emo","9":"first","10":"instock","11":"shipping-taxable","12":"product-type-simple"},"_links":{"self":[{"href":"https:\/\/ortopediagot.net\/Inicio\/wp-json\/wp\/v2\/product\/2310"}],"collection":[{"href":"https:\/\/ortopediagot.net\/Inicio\/wp-json\/wp\/v2\/product"}],"about":[{"href":"https:\/\/ortopediagot.net\/Inicio\/wp-json\/wp\/v2\/types\/product"}],"replies":[{"embeddable":true,"href":"https:\/\/ortopediagot.net\/Inicio\/wp-json\/wp\/v2\/comments?post=2310"}],"wp:featuredmedia":[{"embeddable":true,"href":"https:\/\/ortopediagot.net\/Inicio\/wp-json\/wp\/v2\/media\/2311"}],"wp:attachment":[{"href":"https:\/\/ortopediagot.net\/Inicio\/wp-json\/wp\/v2\/media?parent=2310"}],"wp:term":[{"taxonomy":"product_brand","embeddable":true,"href":"https:\/\/ortopediagot.net\/Inicio\/wp-json\/wp\/v2\/product_brand?post=2310"},{"taxonomy":"product_cat","embeddable":true,"href":"https:\/\/ortopediagot.net\/Inicio\/wp-json\/wp\/v2\/product_cat?post=2310"},{"taxonomy":"product_tag","embeddable":true,"href":"https:\/\/ortopediagot.net\/Inicio\/wp-json\/wp\/v2\/product_tag?post=2310"}],"curies":[{"name":"wp","href":"https:\/\/api.w.org\/{rel}","templated":true}]}}