{"id":2319,"date":"2024-05-31T12:54:46","date_gmt":"2024-05-31T11:54:46","guid":{"rendered":"https:\/\/ortopediagot.net\/?post_type=product&#038;p=2319"},"modified":"2024-05-31T12:54:47","modified_gmt":"2024-05-31T11:54:47","slug":"ps600-multiposicional","status":"publish","type":"product","link":"https:\/\/ortopediagot.net\/Inicio\/producto\/ps600-multiposicional\/","title":{"rendered":"PS600 MULTIPOSICIONAL"},"content":{"rendered":"<p>Post-operatorio de rodilla, cadera y pie<br \/>\nEn los casos en que sea necesario mantener la posici\u00f3n de la extremidad inferior en pacientes encamados<br \/>\nHemiplejia. Par\u00e1lisis miembro inferior. Fascitis plantar<\/p>\n<div class=\"tsf-campo-acf-titulo tsf-campo-acf-titulo-caracteristicas tsf_campo-acf tsf_caracteristicas\"><strong>Caracter\u00edsticas<\/strong><\/div>\n<div><\/div>\n<div class=\"tsf-campo-acf-valores tsf-campo-acf-valores-caracteristicas tsf_campo-acf tsf_caracteristicas\">Ortesis para el posicionamiento de miembro inferior fabricada en termopl\u00e1stico. Posicionamiento con valva posterior.<br \/>\nPosibilidad de regulacion del tobillo en talo (5\u00ba, 11\u00ba), posici\u00f3n neutra y equino (5\u00ba, 11\u00ba, 18\u00ba, 25\u00ba).<br \/>\nTri\u00e1ngulo plantar, estabiliza la f\u00e9rula y permite la regulaci\u00f3n de la rotaci\u00f3n interna o externa en 15\u00ba<br \/>\nFacilidad de colocaci\u00f3n. Antidec\u00fabito de tal\u00f3n.<br \/>\nAlmohadillados c\u00f3modos para el paciente.<\/p>\n<\/div>\n<div class=\"tsf-campo-acf-titulo tsf-campo-acf-titulo-pa_tallas tsf_campo-acf tsf_pa_tallas\"><b><i>Tallas<\/i><\/b><\/div>\n<div><\/div>\n<div class=\"tsf-campo-acf-valores tsf-campo-acf-valores-pa_tallas tsf_campo-acf tsf_pa_tallas\">S, M, L, XL<\/div>\n<div class=\"tsf-campo-acf-valores tsf-campo-acf-valores-tallas_medidas tsf_campo-acf tsf_pa_tallas_medidas\">TALLA DE CALZADO.<br \/>\nS (&lt;32), M (33-38), L (39-43), XL (&gt;43).<\/div>\n","protected":false},"excerpt":{"rendered":"<p>Post-operatorio de rodilla, cadera y pie En los casos en que sea necesario mantener la posici\u00f3n de la extremidad inferior en pacientes encamados Hemiplejia. Par\u00e1lisis miembro inferior. Fascitis plantar Caracter\u00edsticas Ortesis para el posicionamiento de miembro inferior fabricada en termopl\u00e1stico. Posicionamiento con valva posterior. Posibilidad de regulacion del tobillo en talo (5\u00ba, 11\u00ba), posici\u00f3n neutra [&hellip;]<\/p>\n","protected":false},"featured_media":2320,"comment_status":"open","ping_status":"closed","template":"","meta":{"saved_in_kubio":false},"product_brand":[],"product_cat":[95],"product_tag":[118],"class_list":{"0":"post-2319","1":"product","2":"type-product","3":"status-publish","4":"has-post-thumbnail","6":"product_cat-miembro-inferior","7":"product_tag-emo","9":"first","10":"instock","11":"shipping-taxable","12":"product-type-simple"},"_links":{"self":[{"href":"https:\/\/ortopediagot.net\/Inicio\/wp-json\/wp\/v2\/product\/2319"}],"collection":[{"href":"https:\/\/ortopediagot.net\/Inicio\/wp-json\/wp\/v2\/product"}],"about":[{"href":"https:\/\/ortopediagot.net\/Inicio\/wp-json\/wp\/v2\/types\/product"}],"replies":[{"embeddable":true,"href":"https:\/\/ortopediagot.net\/Inicio\/wp-json\/wp\/v2\/comments?post=2319"}],"wp:featuredmedia":[{"embeddable":true,"href":"https:\/\/ortopediagot.net\/Inicio\/wp-json\/wp\/v2\/media\/2320"}],"wp:attachment":[{"href":"https:\/\/ortopediagot.net\/Inicio\/wp-json\/wp\/v2\/media?parent=2319"}],"wp:term":[{"taxonomy":"product_brand","embeddable":true,"href":"https:\/\/ortopediagot.net\/Inicio\/wp-json\/wp\/v2\/product_brand?post=2319"},{"taxonomy":"product_cat","embeddable":true,"href":"https:\/\/ortopediagot.net\/Inicio\/wp-json\/wp\/v2\/product_cat?post=2319"},{"taxonomy":"product_tag","embeddable":true,"href":"https:\/\/ortopediagot.net\/Inicio\/wp-json\/wp\/v2\/product_tag?post=2319"}],"curies":[{"name":"wp","href":"https:\/\/api.w.org\/{rel}","templated":true}]}}