{"id":2321,"date":"2024-05-31T13:00:02","date_gmt":"2024-05-31T12:00:02","guid":{"rendered":"https:\/\/ortopediagot.net\/?post_type=product&#038;p=2321"},"modified":"2024-05-31T13:00:03","modified_gmt":"2024-05-31T12:00:03","slug":"ps650-ortec-dispositivo-dinamico-para-multiposicional","status":"publish","type":"product","link":"https:\/\/ortopediagot.net\/Inicio\/producto\/ps650-ortec-dispositivo-dinamico-para-multiposicional\/","title":{"rendered":"PS650 ORTEC DISPOSITIVO DIN\u00c1MICO PARA MULTIPOSICIONAL"},"content":{"rendered":"<p><strong>Caracter\u00edsticas<\/strong><\/p>\n<p>Kit de piezas que nos permite convertir la f\u00e9rula PS600 multiposicional, est\u00e1tica y con m\u00faltiples posiciones, en una f\u00e9rula din\u00e1mica en todas las posiciones.<\/p>\n","protected":false},"excerpt":{"rendered":"<p>Caracter\u00edsticas Kit de piezas que nos permite convertir la f\u00e9rula PS600 multiposicional, est\u00e1tica y con m\u00faltiples posiciones, en una f\u00e9rula din\u00e1mica en todas las posiciones.<\/p>\n","protected":false},"featured_media":2322,"comment_status":"open","ping_status":"closed","template":"","meta":{"saved_in_kubio":false},"product_brand":[],"product_cat":[120],"product_tag":[118],"class_list":{"0":"post-2321","1":"product","2":"type-product","3":"status-publish","4":"has-post-thumbnail","6":"product_cat-repuestos","7":"product_tag-emo","9":"first","10":"instock","11":"shipping-taxable","12":"product-type-simple"},"_links":{"self":[{"href":"https:\/\/ortopediagot.net\/Inicio\/wp-json\/wp\/v2\/product\/2321"}],"collection":[{"href":"https:\/\/ortopediagot.net\/Inicio\/wp-json\/wp\/v2\/product"}],"about":[{"href":"https:\/\/ortopediagot.net\/Inicio\/wp-json\/wp\/v2\/types\/product"}],"replies":[{"embeddable":true,"href":"https:\/\/ortopediagot.net\/Inicio\/wp-json\/wp\/v2\/comments?post=2321"}],"wp:featuredmedia":[{"embeddable":true,"href":"https:\/\/ortopediagot.net\/Inicio\/wp-json\/wp\/v2\/media\/2322"}],"wp:attachment":[{"href":"https:\/\/ortopediagot.net\/Inicio\/wp-json\/wp\/v2\/media?parent=2321"}],"wp:term":[{"taxonomy":"product_brand","embeddable":true,"href":"https:\/\/ortopediagot.net\/Inicio\/wp-json\/wp\/v2\/product_brand?post=2321"},{"taxonomy":"product_cat","embeddable":true,"href":"https:\/\/ortopediagot.net\/Inicio\/wp-json\/wp\/v2\/product_cat?post=2321"},{"taxonomy":"product_tag","embeddable":true,"href":"https:\/\/ortopediagot.net\/Inicio\/wp-json\/wp\/v2\/product_tag?post=2321"}],"curies":[{"name":"wp","href":"https:\/\/api.w.org\/{rel}","templated":true}]}}