{"id":2324,"date":"2024-05-31T13:01:24","date_gmt":"2024-05-31T12:01:24","guid":{"rendered":"https:\/\/ortopediagot.net\/?post_type=product&#038;p=2324"},"modified":"2024-05-31T13:01:24","modified_gmt":"2024-05-31T12:01:24","slug":"ps900-ortec-postural-de-pierna","status":"publish","type":"product","link":"https:\/\/ortopediagot.net\/Inicio\/producto\/ps900-ortec-postural-de-pierna\/","title":{"rendered":"PS900 ORTEC POSTURAL DE PIERNA"},"content":{"rendered":"<p>Post-operatorio de rodilla, cadera y pie<br \/>\nEn los casos en que sea necesario mantener la posici\u00f3n de la extremidad inferior en pacientes encamados<\/p>\n<div class=\"tsf-campo-acf-titulo tsf-campo-acf-titulo-caracteristicas tsf_campo-acf tsf_caracteristicas\"><strong>Caracter\u00edsticas<\/strong><\/div>\n<div class=\"tsf-campo-acf-valores tsf-campo-acf-valores-caracteristicas tsf_campo-acf tsf_caracteristicas\">\nOrtesis para el posicionamiento de miembro inferior.<br \/>\nAntidec\u00fabito de tal\u00f3n.<br \/>\nAlmohadillados c\u00f3modos para el paciente.<br \/>\nEspuma conformada en la zona de pantorrilla.<br \/>\nHueco en la zona de tal\u00f3n que previene de posibles escaras.<br \/>\nTri\u00e1ngulo plantar que permite la regulaci\u00f3n rotacional interna o externa hasta 15\u00ba<\/div>\n<div class=\"tsf-campo-acf-titulo tsf-campo-acf-titulo-pa_medidas tsf_campo-acf tsf_pa_medidas\"><\/div>\n<div><strong>Medidas<\/strong><\/div>\n<div><\/div>\n<div class=\"tsf-campo-acf-valores tsf-campo-acf-valores-pa_medidas tsf_campo-acf tsf_pa_medidas\">ALTA, CORTA<\/div>\n","protected":false},"excerpt":{"rendered":"<p>Post-operatorio de rodilla, cadera y pie En los casos en que sea necesario mantener la posici\u00f3n de la extremidad inferior en pacientes encamados Caracter\u00edsticas Ortesis para el posicionamiento de miembro inferior. Antidec\u00fabito de tal\u00f3n. Almohadillados c\u00f3modos para el paciente. Espuma conformada en la zona de pantorrilla. Hueco en la zona de tal\u00f3n que previene de [&hellip;]<\/p>\n","protected":false},"featured_media":2325,"comment_status":"open","ping_status":"closed","template":"","meta":{"saved_in_kubio":false},"product_brand":[],"product_cat":[95],"product_tag":[118],"class_list":{"0":"post-2324","1":"product","2":"type-product","3":"status-publish","4":"has-post-thumbnail","6":"product_cat-miembro-inferior","7":"product_tag-emo","9":"first","10":"instock","11":"shipping-taxable","12":"product-type-simple"},"_links":{"self":[{"href":"https:\/\/ortopediagot.net\/Inicio\/wp-json\/wp\/v2\/product\/2324"}],"collection":[{"href":"https:\/\/ortopediagot.net\/Inicio\/wp-json\/wp\/v2\/product"}],"about":[{"href":"https:\/\/ortopediagot.net\/Inicio\/wp-json\/wp\/v2\/types\/product"}],"replies":[{"embeddable":true,"href":"https:\/\/ortopediagot.net\/Inicio\/wp-json\/wp\/v2\/comments?post=2324"}],"wp:featuredmedia":[{"embeddable":true,"href":"https:\/\/ortopediagot.net\/Inicio\/wp-json\/wp\/v2\/media\/2325"}],"wp:attachment":[{"href":"https:\/\/ortopediagot.net\/Inicio\/wp-json\/wp\/v2\/media?parent=2324"}],"wp:term":[{"taxonomy":"product_brand","embeddable":true,"href":"https:\/\/ortopediagot.net\/Inicio\/wp-json\/wp\/v2\/product_brand?post=2324"},{"taxonomy":"product_cat","embeddable":true,"href":"https:\/\/ortopediagot.net\/Inicio\/wp-json\/wp\/v2\/product_cat?post=2324"},{"taxonomy":"product_tag","embeddable":true,"href":"https:\/\/ortopediagot.net\/Inicio\/wp-json\/wp\/v2\/product_tag?post=2324"}],"curies":[{"name":"wp","href":"https:\/\/api.w.org\/{rel}","templated":true}]}}