{"id":2330,"date":"2024-05-31T13:07:03","date_gmt":"2024-05-31T12:07:03","guid":{"rendered":"https:\/\/ortopediagot.net\/?post_type=product&#038;p=2330"},"modified":"2024-05-31T13:07:03","modified_gmt":"2024-05-31T12:07:03","slug":"rd400-ortec-inmovilizadora-de-rodilla-control","status":"publish","type":"product","link":"https:\/\/ortopediagot.net\/Inicio\/producto\/rd400-ortec-inmovilizadora-de-rodilla-control\/","title":{"rendered":"RD400 ORTEC INMOVILIZADORA DE RODILLA CONTROL"},"content":{"rendered":"<p>Inmovilizaci\u00f3n pre-quir\u00fargica y post-quir\u00fargica.<br \/>\nOsteotom\u00edas correctoras. Tratamiento conservador de fracturas de r\u00f3tula<br \/>\nAlternancia fase reposo\/rehabilitaci\u00f3n. Esguince de ligamentos<br \/>\nTraumatismos.<\/p>\n<div class=\"tsf-campo-acf-titulo tsf-campo-acf-titulo-caracteristicas tsf_campo-acf tsf_caracteristicas\"><strong>Caracter\u00edsticas<\/strong><\/div>\n<div><\/div>\n<div class=\"tsf-campo-acf-valores tsf-campo-acf-valores-caracteristicas tsf_campo-acf tsf_caracteristicas\">Inmovilizadora de rodilla de 3 paneles fabricada en material confortable y transpirable, foam y velour.<br \/>\nIncorpora tres ballenas laterales y posteriores conformables y removibles. Pueden ser adaptadas para lograr el grado de flexi\u00f3n deseado.<br \/>\nPerfecta adaptaci\u00f3n a todos los per\u00edmetros da la pierna gracias a sus dos paneles laterales m\u00f3viles.<br \/>\nSistema de cierre mediante velcros con anillas.<br \/>\nLibera la r\u00f3tula.<br \/>\nSin l\u00e1tex.<\/div>\n<div class=\"tsf-campo-acf-titulo tsf-campo-acf-titulo-pa_tallas tsf_campo-acf tsf_pa_tallas\"><\/div>\n<div><strong>Tallas<\/strong><\/div>\n<div><\/div>\n<div class=\"tsf-campo-acf-valores tsf-campo-acf-valores-pa_tallas tsf_campo-acf tsf_pa_tallas\">S, M, L, XL<\/div>\n<div class=\"tsf-campo-acf-valores tsf-campo-acf-valores-tallas_medidas tsf_campo-acf tsf_pa_tallas_medidas\">LONGITUD EN CM.<\/div>\n<div class=\"tsf-campo-acf-titulo tsf-campo-acf-titulo-altura tsf_campo-acf tsf_altura\"><\/div>\n<div><strong>Altura<\/strong><\/div>\n<div><\/div>\n<div class=\"tsf-campo-acf-valores tsf-campo-acf-valores-altura tsf_campo-acf tsf_altura\">CORTA (42 CM) , NORMAL (49 CM) , ALTA (59 CM) , EXTRA-ALTA (66 CM).<\/div>\n","protected":false},"excerpt":{"rendered":"<p>Inmovilizaci\u00f3n pre-quir\u00fargica y post-quir\u00fargica. Osteotom\u00edas correctoras. Tratamiento conservador de fracturas de r\u00f3tula Alternancia fase reposo\/rehabilitaci\u00f3n. Esguince de ligamentos Traumatismos. Caracter\u00edsticas Inmovilizadora de rodilla de 3 paneles fabricada en material confortable y transpirable, foam y velour. Incorpora tres ballenas laterales y posteriores conformables y removibles. Pueden ser adaptadas para lograr el grado de flexi\u00f3n deseado. Perfecta [&hellip;]<\/p>\n","protected":false},"featured_media":2331,"comment_status":"open","ping_status":"closed","template":"","meta":{"saved_in_kubio":false},"product_brand":[],"product_cat":[95],"product_tag":[118],"class_list":{"0":"post-2330","1":"product","2":"type-product","3":"status-publish","4":"has-post-thumbnail","6":"product_cat-miembro-inferior","7":"product_tag-emo","9":"first","10":"instock","11":"shipping-taxable","12":"product-type-simple"},"_links":{"self":[{"href":"https:\/\/ortopediagot.net\/Inicio\/wp-json\/wp\/v2\/product\/2330"}],"collection":[{"href":"https:\/\/ortopediagot.net\/Inicio\/wp-json\/wp\/v2\/product"}],"about":[{"href":"https:\/\/ortopediagot.net\/Inicio\/wp-json\/wp\/v2\/types\/product"}],"replies":[{"embeddable":true,"href":"https:\/\/ortopediagot.net\/Inicio\/wp-json\/wp\/v2\/comments?post=2330"}],"wp:featuredmedia":[{"embeddable":true,"href":"https:\/\/ortopediagot.net\/Inicio\/wp-json\/wp\/v2\/media\/2331"}],"wp:attachment":[{"href":"https:\/\/ortopediagot.net\/Inicio\/wp-json\/wp\/v2\/media?parent=2330"}],"wp:term":[{"taxonomy":"product_brand","embeddable":true,"href":"https:\/\/ortopediagot.net\/Inicio\/wp-json\/wp\/v2\/product_brand?post=2330"},{"taxonomy":"product_cat","embeddable":true,"href":"https:\/\/ortopediagot.net\/Inicio\/wp-json\/wp\/v2\/product_cat?post=2330"},{"taxonomy":"product_tag","embeddable":true,"href":"https:\/\/ortopediagot.net\/Inicio\/wp-json\/wp\/v2\/product_tag?post=2330"}],"curies":[{"name":"wp","href":"https:\/\/api.w.org\/{rel}","templated":true}]}}