{"id":2332,"date":"2024-05-31T13:09:03","date_gmt":"2024-05-31T12:09:03","guid":{"rendered":"https:\/\/ortopediagot.net\/?post_type=product&#038;p=2332"},"modified":"2024-05-31T13:09:03","modified_gmt":"2024-05-31T12:09:03","slug":"rd450-ortec-inmovilizadora-rodilla-control-con-angulo","status":"publish","type":"product","link":"https:\/\/ortopediagot.net\/Inicio\/producto\/rd450-ortec-inmovilizadora-rodilla-control-con-angulo\/","title":{"rendered":"RD450 ORTEC INMOVILIZADORA RODILLA CONTROL CON \u00c1NGULO"},"content":{"rendered":"<p>Traumatismos para-articulares de rodilla, esguinces de ligamentos, fracturas, pre-operatorio y post-operatorio.<\/p>\n<div class=\"tsf-campo-acf-titulo tsf-campo-acf-titulo-caracteristicas tsf_campo-acf tsf_caracteristicas\"><strong>Caracter\u00edsticas<\/strong><\/div>\n<div><\/div>\n<div class=\"tsf-campo-acf-valores tsf-campo-acf-valores-caracteristicas tsf_campo-acf tsf_caracteristicas\">Eficaz: Estabilizacion e inmovilizacion por pletinas conformables laterales y posterior.<br \/>\nInmovilizaci\u00f3n en 20\u00ba de flexi\u00f3n.<br \/>\nPerfecta adaptaci\u00f3n.<br \/>\nM\u00e1ximo confort: material foamizado con interior de rizo.<br \/>\nLibera la r\u00f3tula.<br \/>\nCierre y ajuste mediante velcro.<\/div>\n<div class=\"tsf-campo-acf-valores tsf-campo-acf-valores-tallas_medidas tsf_campo-acf tsf_pa_tallas_medidas\">CONTORNO DE RODILLA<br \/>\nS (24-32 CM) , M (32-40 CM) , L (40-46 CM) , XL (46-50 CM).<\/div>\n<div class=\"tsf-campo-acf-titulo tsf-campo-acf-titulo-altura tsf_campo-acf tsf_altura\"><\/div>\n<div><strong>Altura<\/strong><\/div>\n<div><\/div>\n<div class=\"tsf-campo-acf-valores tsf-campo-acf-valores-altura tsf_campo-acf tsf_altura\">CORTA (42 CM) , NORMAL (49 CM) , ALTA (59 CM) , EXTRA-ALTA (66 CM).<\/div>\n","protected":false},"excerpt":{"rendered":"<p>Traumatismos para-articulares de rodilla, esguinces de ligamentos, fracturas, pre-operatorio y post-operatorio. Caracter\u00edsticas Eficaz: Estabilizacion e inmovilizacion por pletinas conformables laterales y posterior. Inmovilizaci\u00f3n en 20\u00ba de flexi\u00f3n. Perfecta adaptaci\u00f3n. M\u00e1ximo confort: material foamizado con interior de rizo. Libera la r\u00f3tula. Cierre y ajuste mediante velcro. CONTORNO DE RODILLA S (24-32 CM) , M (32-40 CM) [&hellip;]<\/p>\n","protected":false},"featured_media":2333,"comment_status":"open","ping_status":"closed","template":"","meta":{"saved_in_kubio":false},"product_brand":[],"product_cat":[95],"product_tag":[118],"class_list":{"0":"post-2332","1":"product","2":"type-product","3":"status-publish","4":"has-post-thumbnail","6":"product_cat-miembro-inferior","7":"product_tag-emo","9":"first","10":"instock","11":"shipping-taxable","12":"product-type-simple"},"_links":{"self":[{"href":"https:\/\/ortopediagot.net\/Inicio\/wp-json\/wp\/v2\/product\/2332"}],"collection":[{"href":"https:\/\/ortopediagot.net\/Inicio\/wp-json\/wp\/v2\/product"}],"about":[{"href":"https:\/\/ortopediagot.net\/Inicio\/wp-json\/wp\/v2\/types\/product"}],"replies":[{"embeddable":true,"href":"https:\/\/ortopediagot.net\/Inicio\/wp-json\/wp\/v2\/comments?post=2332"}],"wp:featuredmedia":[{"embeddable":true,"href":"https:\/\/ortopediagot.net\/Inicio\/wp-json\/wp\/v2\/media\/2333"}],"wp:attachment":[{"href":"https:\/\/ortopediagot.net\/Inicio\/wp-json\/wp\/v2\/media?parent=2332"}],"wp:term":[{"taxonomy":"product_brand","embeddable":true,"href":"https:\/\/ortopediagot.net\/Inicio\/wp-json\/wp\/v2\/product_brand?post=2332"},{"taxonomy":"product_cat","embeddable":true,"href":"https:\/\/ortopediagot.net\/Inicio\/wp-json\/wp\/v2\/product_cat?post=2332"},{"taxonomy":"product_tag","embeddable":true,"href":"https:\/\/ortopediagot.net\/Inicio\/wp-json\/wp\/v2\/product_tag?post=2332"}],"curies":[{"name":"wp","href":"https:\/\/api.w.org\/{rel}","templated":true}]}}