{"id":2334,"date":"2024-05-31T13:10:34","date_gmt":"2024-05-31T12:10:34","guid":{"rendered":"https:\/\/ortopediagot.net\/?post_type=product&#038;p=2334"},"modified":"2024-05-31T13:10:34","modified_gmt":"2024-05-31T12:10:34","slug":"rd600-inmovilizadora-de-rodilla-en-polietileno","status":"publish","type":"product","link":"https:\/\/ortopediagot.net\/Inicio\/producto\/rd600-inmovilizadora-de-rodilla-en-polietileno\/","title":{"rendered":"RD600 INMOVILIZADORA DE RODILLA EN POLIETILENO"},"content":{"rendered":"<p>Traumatismos para-articulares de rodilla<br \/>\nesguinces de ligamentos<br \/>\nFracturas<br \/>\nPre-operatoria<br \/>\nPost-operatorio.<\/p>\n<div class=\"tsf-campo-acf-titulo tsf-campo-acf-titulo-caracteristicas tsf_campo-acf tsf_caracteristicas\"><strong>Caracter\u00edsticas<\/strong><\/div>\n<div><\/div>\n<div class=\"tsf-campo-acf-valores tsf-campo-acf-valores-caracteristicas tsf_campo-acf tsf_caracteristicas\">Ortesis de rodilla de ajuste bivalvo<br \/>\nFabricada en termopl\u00e1stico<br \/>\nPosici\u00f3n de la articulaci\u00f3n en ligera flexi\u00f3n de 10\u00ba.<\/div>\n<div class=\"tsf-campo-acf-titulo tsf-campo-acf-titulo-pa_tallas tsf_campo-acf tsf_pa_tallas\"><\/div>\n<div><strong>Tallas<\/strong><\/div>\n<div><\/div>\n<div class=\"tsf-campo-acf-valores tsf-campo-acf-valores-pa_tallas tsf_campo-acf tsf_pa_tallas\">S, L<\/div>\n<div class=\"tsf-campo-acf-valores tsf-campo-acf-valores-tallas_medidas tsf_campo-acf tsf_pa_tallas_medidas\">CONTORNO DE RODILLA EN CM.\/ LONGITUD EN CM.<br \/>\nS (30-36\/45) , L (36-40\/50).<\/div>\n<div class=\"tsf-campo-acf-valores tsf-campo-acf-valores-pa_lados tsf_campo-acf tsf_pa_lados\"><\/div>\n","protected":false},"excerpt":{"rendered":"<p>Traumatismos para-articulares de rodilla esguinces de ligamentos Fracturas Pre-operatoria Post-operatorio. Caracter\u00edsticas Ortesis de rodilla de ajuste bivalvo Fabricada en termopl\u00e1stico Posici\u00f3n de la articulaci\u00f3n en ligera flexi\u00f3n de 10\u00ba. Tallas S, L CONTORNO DE RODILLA EN CM.\/ LONGITUD EN CM. S (30-36\/45) , L (36-40\/50).<\/p>\n","protected":false},"featured_media":2335,"comment_status":"open","ping_status":"closed","template":"","meta":{"saved_in_kubio":false},"product_brand":[],"product_cat":[95],"product_tag":[118],"class_list":{"0":"post-2334","1":"product","2":"type-product","3":"status-publish","4":"has-post-thumbnail","6":"product_cat-miembro-inferior","7":"product_tag-emo","9":"first","10":"instock","11":"shipping-taxable","12":"product-type-simple"},"_links":{"self":[{"href":"https:\/\/ortopediagot.net\/Inicio\/wp-json\/wp\/v2\/product\/2334"}],"collection":[{"href":"https:\/\/ortopediagot.net\/Inicio\/wp-json\/wp\/v2\/product"}],"about":[{"href":"https:\/\/ortopediagot.net\/Inicio\/wp-json\/wp\/v2\/types\/product"}],"replies":[{"embeddable":true,"href":"https:\/\/ortopediagot.net\/Inicio\/wp-json\/wp\/v2\/comments?post=2334"}],"wp:featuredmedia":[{"embeddable":true,"href":"https:\/\/ortopediagot.net\/Inicio\/wp-json\/wp\/v2\/media\/2335"}],"wp:attachment":[{"href":"https:\/\/ortopediagot.net\/Inicio\/wp-json\/wp\/v2\/media?parent=2334"}],"wp:term":[{"taxonomy":"product_brand","embeddable":true,"href":"https:\/\/ortopediagot.net\/Inicio\/wp-json\/wp\/v2\/product_brand?post=2334"},{"taxonomy":"product_cat","embeddable":true,"href":"https:\/\/ortopediagot.net\/Inicio\/wp-json\/wp\/v2\/product_cat?post=2334"},{"taxonomy":"product_tag","embeddable":true,"href":"https:\/\/ortopediagot.net\/Inicio\/wp-json\/wp\/v2\/product_tag?post=2334"}],"curies":[{"name":"wp","href":"https:\/\/api.w.org\/{rel}","templated":true}]}}