{"id":2342,"date":"2024-05-31T16:04:55","date_gmt":"2024-05-31T15:04:55","guid":{"rendered":"https:\/\/ortopediagot.net\/?post_type=product&#038;p=2342"},"modified":"2024-05-31T16:04:56","modified_gmt":"2024-05-31T15:04:56","slug":"sp708-tendigrip","status":"publish","type":"product","link":"https:\/\/ortopediagot.net\/Inicio\/producto\/sp708-tendigrip\/","title":{"rendered":"SP708 TENDIGRIP"},"content":{"rendered":"<p>S\u00edndrome de Osgood-Schlatter. Tendinitis rotuliana<br \/>\nPr\u00e1cticas deportivas en las que se realiza una extensi\u00f3n forzada de la rodilla<\/p>\n<div class=\"tsf-campo-acf-titulo tsf-campo-acf-titulo-caracteristicas tsf_campo-acf tsf_caracteristicas\"><strong>Caracter\u00edsticas<\/strong><\/div>\n<div><\/div>\n<div class=\"tsf-campo-acf-valores tsf-campo-acf-valores-caracteristicas tsf_campo-acf tsf_caracteristicas\">Cincha infrapatelar inel\u00e1stica<br \/>\nIncorpora almohadilla de material viscoel\u00e1stico que ejerce presi\u00f3n sobre el tend\u00f3n rotuliano.<br \/>\nAjuste mediante velcro.<\/div>\n","protected":false},"excerpt":{"rendered":"<p>S\u00edndrome de Osgood-Schlatter. Tendinitis rotuliana Pr\u00e1cticas deportivas en las que se realiza una extensi\u00f3n forzada de la rodilla Caracter\u00edsticas Cincha infrapatelar inel\u00e1stica Incorpora almohadilla de material viscoel\u00e1stico que ejerce presi\u00f3n sobre el tend\u00f3n rotuliano. Ajuste mediante velcro.<\/p>\n","protected":false},"featured_media":2343,"comment_status":"open","ping_status":"closed","template":"","meta":{"saved_in_kubio":false},"product_brand":[],"product_cat":[95],"product_tag":[118],"class_list":{"0":"post-2342","1":"product","2":"type-product","3":"status-publish","4":"has-post-thumbnail","6":"product_cat-miembro-inferior","7":"product_tag-emo","9":"first","10":"instock","11":"shipping-taxable","12":"product-type-simple"},"_links":{"self":[{"href":"https:\/\/ortopediagot.net\/Inicio\/wp-json\/wp\/v2\/product\/2342"}],"collection":[{"href":"https:\/\/ortopediagot.net\/Inicio\/wp-json\/wp\/v2\/product"}],"about":[{"href":"https:\/\/ortopediagot.net\/Inicio\/wp-json\/wp\/v2\/types\/product"}],"replies":[{"embeddable":true,"href":"https:\/\/ortopediagot.net\/Inicio\/wp-json\/wp\/v2\/comments?post=2342"}],"wp:featuredmedia":[{"embeddable":true,"href":"https:\/\/ortopediagot.net\/Inicio\/wp-json\/wp\/v2\/media\/2343"}],"wp:attachment":[{"href":"https:\/\/ortopediagot.net\/Inicio\/wp-json\/wp\/v2\/media?parent=2342"}],"wp:term":[{"taxonomy":"product_brand","embeddable":true,"href":"https:\/\/ortopediagot.net\/Inicio\/wp-json\/wp\/v2\/product_brand?post=2342"},{"taxonomy":"product_cat","embeddable":true,"href":"https:\/\/ortopediagot.net\/Inicio\/wp-json\/wp\/v2\/product_cat?post=2342"},{"taxonomy":"product_tag","embeddable":true,"href":"https:\/\/ortopediagot.net\/Inicio\/wp-json\/wp\/v2\/product_tag?post=2342"}],"curies":[{"name":"wp","href":"https:\/\/api.w.org\/{rel}","templated":true}]}}