{"id":2345,"date":"2024-05-31T16:06:09","date_gmt":"2024-05-31T15:06:09","guid":{"rendered":"https:\/\/ortopediagot.net\/?post_type=product&#038;p=2345"},"modified":"2024-05-31T16:06:10","modified_gmt":"2024-05-31T15:06:10","slug":"stp080-strapin-de-tobillo","status":"publish","type":"product","link":"https:\/\/ortopediagot.net\/Inicio\/producto\/stp080-strapin-de-tobillo\/","title":{"rendered":"STP080 STRAPIN DE TOBILLO"},"content":{"rendered":"<p>Sujeci\u00f3n de tobillo<br \/>\nVendaje en ocho<br \/>\nFascitis plantar<br \/>\nPie abierto<br \/>\nSujeci\u00f3n en laxitudes cr\u00f3nicas<br \/>\nSujeci\u00f3n de bolsas de gel o electrodos<\/p>\n<div class=\"tsf-campo-acf-titulo tsf-campo-acf-titulo-caracteristicas tsf_campo-acf tsf_caracteristicas\"><strong>Caracter\u00edsticas<\/strong><\/div>\n<div><\/div>\n<div class=\"tsf-campo-acf-valores tsf-campo-acf-valores-caracteristicas tsf_campo-acf tsf_caracteristicas\">Vendaje el\u00e1stico transpirable<br \/>\nCierre micro-velcro<br \/>\nLongitud: 80 cm.<br \/>\nNo contiene l\u00e1tex<\/div>\n","protected":false},"excerpt":{"rendered":"<p>Sujeci\u00f3n de tobillo Vendaje en ocho Fascitis plantar Pie abierto Sujeci\u00f3n en laxitudes cr\u00f3nicas Sujeci\u00f3n de bolsas de gel o electrodos Caracter\u00edsticas Vendaje el\u00e1stico transpirable Cierre micro-velcro Longitud: 80 cm. No contiene l\u00e1tex<\/p>\n","protected":false},"featured_media":2346,"comment_status":"open","ping_status":"closed","template":"","meta":{"saved_in_kubio":false},"product_brand":[],"product_cat":[95],"product_tag":[118],"class_list":{"0":"post-2345","1":"product","2":"type-product","3":"status-publish","4":"has-post-thumbnail","6":"product_cat-miembro-inferior","7":"product_tag-emo","9":"first","10":"instock","11":"shipping-taxable","12":"product-type-simple"},"_links":{"self":[{"href":"https:\/\/ortopediagot.net\/Inicio\/wp-json\/wp\/v2\/product\/2345"}],"collection":[{"href":"https:\/\/ortopediagot.net\/Inicio\/wp-json\/wp\/v2\/product"}],"about":[{"href":"https:\/\/ortopediagot.net\/Inicio\/wp-json\/wp\/v2\/types\/product"}],"replies":[{"embeddable":true,"href":"https:\/\/ortopediagot.net\/Inicio\/wp-json\/wp\/v2\/comments?post=2345"}],"wp:featuredmedia":[{"embeddable":true,"href":"https:\/\/ortopediagot.net\/Inicio\/wp-json\/wp\/v2\/media\/2346"}],"wp:attachment":[{"href":"https:\/\/ortopediagot.net\/Inicio\/wp-json\/wp\/v2\/media?parent=2345"}],"wp:term":[{"taxonomy":"product_brand","embeddable":true,"href":"https:\/\/ortopediagot.net\/Inicio\/wp-json\/wp\/v2\/product_brand?post=2345"},{"taxonomy":"product_cat","embeddable":true,"href":"https:\/\/ortopediagot.net\/Inicio\/wp-json\/wp\/v2\/product_cat?post=2345"},{"taxonomy":"product_tag","embeddable":true,"href":"https:\/\/ortopediagot.net\/Inicio\/wp-json\/wp\/v2\/product_tag?post=2345"}],"curies":[{"name":"wp","href":"https:\/\/api.w.org\/{rel}","templated":true}]}}