{"id":2352,"date":"2024-05-31T16:09:59","date_gmt":"2024-05-31T15:09:59","guid":{"rendered":"https:\/\/ortopediagot.net\/?post_type=product&#038;p=2352"},"modified":"2024-05-31T16:10:00","modified_gmt":"2024-05-31T15:10:00","slug":"tb200-ortec-emo-stable","status":"publish","type":"product","link":"https:\/\/ortopediagot.net\/Inicio\/producto\/tb200-ortec-emo-stable\/","title":{"rendered":"TB200 ORTEC EMO-STABLE"},"content":{"rendered":"<p>Esguince<br \/>\nLesi\u00f3n de ligamentos<br \/>\nLesi\u00f3n en c\u00e1psula articular<br \/>\nInestabilidad articular cr\u00f3nica<br \/>\nPrevenci\u00f3n de recidivas<br \/>\nTraumatismo<br \/>\ntratamiento estabilizador despu\u00e9s de inmovilizaci\u00f3n prolongada<br \/>\nPost-quir\u00fargica<\/p>\n<div class=\"tsf-campo-acf-titulo tsf-campo-acf-titulo-caracteristicas tsf_campo-acf tsf_caracteristicas\"><strong>Caracter\u00edsticas<\/strong><\/div>\n<div><\/div>\n<div class=\"tsf-campo-acf-valores tsf-campo-acf-valores-caracteristicas tsf_campo-acf tsf_caracteristicas\">Tobillera estabilizadora antiesguinces.<br \/>\nIncorpora dos cinchas inel\u00e1sticas laterales que evitan los movimientos de supinaci\u00f3n o inversi\u00f3n.<br \/>\nPerfecta adaptaci\u00f3n: ajuste y el cierre mediante cordonera. Contiene varillas flexibles laterales.<\/div>\n<div class=\"tsf-campo-acf-titulo tsf-campo-acf-titulo-pa_tallas tsf_campo-acf tsf_pa_tallas\"><\/div>\n<div><strong>Tallas<\/strong><\/div>\n<div><\/div>\n<div class=\"tsf-campo-acf-valores tsf-campo-acf-valores-pa_tallas tsf_campo-acf tsf_pa_tallas\">S, M, L<\/div>\n<div class=\"tsf-campo-acf-valores tsf-campo-acf-valores-tallas_medidas tsf_campo-acf tsf_pa_tallas_medidas\">CONTORNO TAL\u00d3N-EMPEINE EN CM.<br \/>\nS (27-29 CM) , M (30-34 CM) , L (35-38 CM).<\/div>\n","protected":false},"excerpt":{"rendered":"<p>Esguince Lesi\u00f3n de ligamentos Lesi\u00f3n en c\u00e1psula articular Inestabilidad articular cr\u00f3nica Prevenci\u00f3n de recidivas Traumatismo tratamiento estabilizador despu\u00e9s de inmovilizaci\u00f3n prolongada Post-quir\u00fargica Caracter\u00edsticas Tobillera estabilizadora antiesguinces. Incorpora dos cinchas inel\u00e1sticas laterales que evitan los movimientos de supinaci\u00f3n o inversi\u00f3n. Perfecta adaptaci\u00f3n: ajuste y el cierre mediante cordonera. Contiene varillas flexibles laterales. Tallas S, M, L [&hellip;]<\/p>\n","protected":false},"featured_media":2353,"comment_status":"open","ping_status":"closed","template":"","meta":{"saved_in_kubio":false},"product_brand":[],"product_cat":[95],"product_tag":[118],"class_list":{"0":"post-2352","1":"product","2":"type-product","3":"status-publish","4":"has-post-thumbnail","6":"product_cat-miembro-inferior","7":"product_tag-emo","9":"first","10":"instock","11":"shipping-taxable","12":"product-type-simple"},"_links":{"self":[{"href":"https:\/\/ortopediagot.net\/Inicio\/wp-json\/wp\/v2\/product\/2352"}],"collection":[{"href":"https:\/\/ortopediagot.net\/Inicio\/wp-json\/wp\/v2\/product"}],"about":[{"href":"https:\/\/ortopediagot.net\/Inicio\/wp-json\/wp\/v2\/types\/product"}],"replies":[{"embeddable":true,"href":"https:\/\/ortopediagot.net\/Inicio\/wp-json\/wp\/v2\/comments?post=2352"}],"wp:featuredmedia":[{"embeddable":true,"href":"https:\/\/ortopediagot.net\/Inicio\/wp-json\/wp\/v2\/media\/2353"}],"wp:attachment":[{"href":"https:\/\/ortopediagot.net\/Inicio\/wp-json\/wp\/v2\/media?parent=2352"}],"wp:term":[{"taxonomy":"product_brand","embeddable":true,"href":"https:\/\/ortopediagot.net\/Inicio\/wp-json\/wp\/v2\/product_brand?post=2352"},{"taxonomy":"product_cat","embeddable":true,"href":"https:\/\/ortopediagot.net\/Inicio\/wp-json\/wp\/v2\/product_cat?post=2352"},{"taxonomy":"product_tag","embeddable":true,"href":"https:\/\/ortopediagot.net\/Inicio\/wp-json\/wp\/v2\/product_tag?post=2352"}],"curies":[{"name":"wp","href":"https:\/\/api.w.org\/{rel}","templated":true}]}}