{"id":2356,"date":"2024-05-31T16:16:26","date_gmt":"2024-05-31T15:16:26","guid":{"rendered":"https:\/\/ortopediagot.net\/?post_type=product&#038;p=2356"},"modified":"2024-05-31T16:16:26","modified_gmt":"2024-05-31T15:16:26","slug":"tb350-estabilizadora-de-tobillo-con-articulacion","status":"publish","type":"product","link":"https:\/\/ortopediagot.net\/Inicio\/producto\/tb350-estabilizadora-de-tobillo-con-articulacion\/","title":{"rendered":"TB350 ESTABILIZADORA DE TOBILLO CON ARTICULACION"},"content":{"rendered":"<div class=\"tsf-campo-acf-titulo tsf-campo-acf-titulo-indicaciones tsf_campo-acf tsf_indicaciones\">Indicaciones<\/div>\n<div class=\"tsf-campo-acf-valores tsf-campo-acf-valores-indicaciones tsf_campo-acf tsf_indicaciones\">Inestabilidades del tobillo<br \/>\nInmovilizaci\u00f3n en posicion determinada tras lesi\u00f3n<br \/>\nRecuperaci\u00f3n de la funcionalidad de la articulaci\u00f3n<\/div>\n<div><\/div>\n<div>\n<div class=\"tsf-campo-acf-titulo tsf-campo-acf-titulo-caracteristicas tsf_campo-acf tsf_caracteristicas\"><strong>Caracter\u00edsticas<\/strong><\/div>\n<div><\/div>\n<div class=\"tsf-campo-acf-valores tsf-campo-acf-valores-caracteristicas tsf_campo-acf tsf_caracteristicas\">Estabilizadora bivalva<br \/>\nCierre y ajuste mediante velcros.<br \/>\nPosibilidad de bloqueo de la articulaci\u00f3n.\u00e7<\/div>\n<div><\/div>\n<\/div>\n<div class=\"tsf-campo-acf-titulo tsf-campo-acf-titulo-pa_tallas tsf_campo-acf tsf_pa_tallas\"><strong>Tallas<\/strong><\/div>\n<div><\/div>\n<div>\n<div class=\"tsf-campo-acf-valores tsf-campo-acf-valores-pa_tallas tsf_campo-acf tsf_pa_tallas\">S, M, L<\/div>\n<div class=\"tsf-campo-acf-valores tsf-campo-acf-valores-tallas_medidas tsf_campo-acf tsf_pa_tallas_medidas\">TALLA DEL CALZADO<br \/>\nXS (35-37), S (38-40) , M (41-43) , L (44-46).<\/div>\n<\/div>\n","protected":false},"excerpt":{"rendered":"<p>Indicaciones Inestabilidades del tobillo Inmovilizaci\u00f3n en posicion determinada tras lesi\u00f3n Recuperaci\u00f3n de la funcionalidad de la articulaci\u00f3n Caracter\u00edsticas Estabilizadora bivalva Cierre y ajuste mediante velcros. Posibilidad de bloqueo de la articulaci\u00f3n.\u00e7 Tallas S, M, L TALLA DEL CALZADO XS (35-37), S (38-40) , M (41-43) , L (44-46).<\/p>\n","protected":false},"featured_media":2357,"comment_status":"open","ping_status":"closed","template":"","meta":{"saved_in_kubio":false},"product_brand":[],"product_cat":[95],"product_tag":[118],"class_list":{"0":"post-2356","1":"product","2":"type-product","3":"status-publish","4":"has-post-thumbnail","6":"product_cat-miembro-inferior","7":"product_tag-emo","9":"first","10":"instock","11":"shipping-taxable","12":"product-type-simple"},"_links":{"self":[{"href":"https:\/\/ortopediagot.net\/Inicio\/wp-json\/wp\/v2\/product\/2356"}],"collection":[{"href":"https:\/\/ortopediagot.net\/Inicio\/wp-json\/wp\/v2\/product"}],"about":[{"href":"https:\/\/ortopediagot.net\/Inicio\/wp-json\/wp\/v2\/types\/product"}],"replies":[{"embeddable":true,"href":"https:\/\/ortopediagot.net\/Inicio\/wp-json\/wp\/v2\/comments?post=2356"}],"wp:featuredmedia":[{"embeddable":true,"href":"https:\/\/ortopediagot.net\/Inicio\/wp-json\/wp\/v2\/media\/2357"}],"wp:attachment":[{"href":"https:\/\/ortopediagot.net\/Inicio\/wp-json\/wp\/v2\/media?parent=2356"}],"wp:term":[{"taxonomy":"product_brand","embeddable":true,"href":"https:\/\/ortopediagot.net\/Inicio\/wp-json\/wp\/v2\/product_brand?post=2356"},{"taxonomy":"product_cat","embeddable":true,"href":"https:\/\/ortopediagot.net\/Inicio\/wp-json\/wp\/v2\/product_cat?post=2356"},{"taxonomy":"product_tag","embeddable":true,"href":"https:\/\/ortopediagot.net\/Inicio\/wp-json\/wp\/v2\/product_tag?post=2356"}],"curies":[{"name":"wp","href":"https:\/\/api.w.org\/{rel}","templated":true}]}}