{"id":2358,"date":"2024-05-31T16:18:36","date_gmt":"2024-05-31T15:18:36","guid":{"rendered":"https:\/\/ortopediagot.net\/?post_type=product&#038;p=2358"},"modified":"2024-05-31T16:18:37","modified_gmt":"2024-05-31T15:18:37","slug":"tb400-inmovilizadora-de-tobillo","status":"publish","type":"product","link":"https:\/\/ortopediagot.net\/Inicio\/producto\/tb400-inmovilizadora-de-tobillo\/","title":{"rendered":"TB400 INMOVILIZADORA DE TOBILLO"},"content":{"rendered":"<p>Traumatismos para articulares sin fractura<br \/>\nEsguinces de ligamentos peroneo-astragalino anterior y peroneo-calc\u00e1neo,<br \/>\nPost-operatorio<br \/>\nProtecci\u00f3n en plastias tendinosas.<\/p>\n<div class=\"tsf-campo-acf-titulo tsf-campo-acf-titulo-caracteristicas tsf_campo-acf tsf_caracteristicas\"><strong>Caracter\u00edsticas<\/strong><\/div>\n<div><\/div>\n<div class=\"tsf-campo-acf-valores tsf-campo-acf-valores-caracteristicas tsf_campo-acf tsf_caracteristicas\">Incorpora aceros conformados que liberan maleolos.<br \/>\nExcelente confort: material foamizado.<br \/>\nAjuste sobre antepi\u00e9 y supramaleolar.<br \/>\nEl cierre y ajuste mediante velcro.<\/div>\n<div class=\"tsf-campo-acf-titulo tsf-campo-acf-titulo-pa_tallas tsf_campo-acf tsf_pa_tallas\"><\/div>\n<div><strong>Tallas<\/strong><\/div>\n<div><\/div>\n<div class=\"tsf-campo-acf-valores tsf-campo-acf-valores-pa_tallas tsf_campo-acf tsf_pa_tallas\">S, L<\/div>\n<div class=\"tsf-campo-acf-valores tsf-campo-acf-valores-tallas_medidas tsf_campo-acf tsf_pa_tallas_medidas\">CONTORNO TAL\u00d3N &#8211; EMPEINE EN CM.<br \/>\nS (26-31 CM) , L (31-36 CM).<\/div>\n","protected":false},"excerpt":{"rendered":"<p>Traumatismos para articulares sin fractura Esguinces de ligamentos peroneo-astragalino anterior y peroneo-calc\u00e1neo, Post-operatorio Protecci\u00f3n en plastias tendinosas. Caracter\u00edsticas Incorpora aceros conformados que liberan maleolos. Excelente confort: material foamizado. Ajuste sobre antepi\u00e9 y supramaleolar. El cierre y ajuste mediante velcro. Tallas S, L CONTORNO TAL\u00d3N &#8211; EMPEINE EN CM. S (26-31 CM) , L (31-36 CM).<\/p>\n","protected":false},"featured_media":2359,"comment_status":"open","ping_status":"closed","template":"","meta":{"saved_in_kubio":false},"product_brand":[],"product_cat":[95],"product_tag":[118],"class_list":{"0":"post-2358","1":"product","2":"type-product","3":"status-publish","4":"has-post-thumbnail","6":"product_cat-miembro-inferior","7":"product_tag-emo","9":"first","10":"instock","11":"shipping-taxable","12":"product-type-simple"},"_links":{"self":[{"href":"https:\/\/ortopediagot.net\/Inicio\/wp-json\/wp\/v2\/product\/2358"}],"collection":[{"href":"https:\/\/ortopediagot.net\/Inicio\/wp-json\/wp\/v2\/product"}],"about":[{"href":"https:\/\/ortopediagot.net\/Inicio\/wp-json\/wp\/v2\/types\/product"}],"replies":[{"embeddable":true,"href":"https:\/\/ortopediagot.net\/Inicio\/wp-json\/wp\/v2\/comments?post=2358"}],"wp:featuredmedia":[{"embeddable":true,"href":"https:\/\/ortopediagot.net\/Inicio\/wp-json\/wp\/v2\/media\/2359"}],"wp:attachment":[{"href":"https:\/\/ortopediagot.net\/Inicio\/wp-json\/wp\/v2\/media?parent=2358"}],"wp:term":[{"taxonomy":"product_brand","embeddable":true,"href":"https:\/\/ortopediagot.net\/Inicio\/wp-json\/wp\/v2\/product_brand?post=2358"},{"taxonomy":"product_cat","embeddable":true,"href":"https:\/\/ortopediagot.net\/Inicio\/wp-json\/wp\/v2\/product_cat?post=2358"},{"taxonomy":"product_tag","embeddable":true,"href":"https:\/\/ortopediagot.net\/Inicio\/wp-json\/wp\/v2\/product_tag?post=2358"}],"curies":[{"name":"wp","href":"https:\/\/api.w.org\/{rel}","templated":true}]}}