{"id":2362,"date":"2024-05-31T16:28:48","date_gmt":"2024-05-31T15:28:48","guid":{"rendered":"https:\/\/ortopediagot.net\/?post_type=product&#038;p=2362"},"modified":"2024-05-31T16:28:49","modified_gmt":"2024-05-31T15:28:49","slug":"val100-ortesis-nocturna-para-hallux-valgus","status":"publish","type":"product","link":"https:\/\/ortopediagot.net\/Inicio\/producto\/val100-ortesis-nocturna-para-hallux-valgus\/","title":{"rendered":"VAL100 ORTESIS NOCTURNA PARA HALLUX VALGUS"},"content":{"rendered":"<p>Tratamiento conservador del Hallux Valgus<br \/>\nAlineador nocturno del juanete<\/p>\n<div class=\"tsf-campo-acf-titulo tsf-campo-acf-titulo-caracteristicas tsf_campo-acf tsf_caracteristicas\"><strong>Caracter\u00edsticas<\/strong><\/div>\n<div><\/div>\n<div class=\"tsf-campo-acf-valores tsf-campo-acf-valores-caracteristicas tsf_campo-acf tsf_caracteristicas\">Ortesis correctora nocturna para alinear desviaci\u00f3n en valgo del dedo gordo del pie<br \/>\nConformaci\u00f3n anat\u00f3mica que envuelve todo el pie.<br \/>\nIncorpora f\u00e9rula alineadora<br \/>\nZona almohadillada para 1\u00ba dedo<br \/>\nFabricado con suave velour<br \/>\nCierre de microvelcro<\/div>\n<div class=\"tsf-campo-acf-titulo tsf-campo-acf-titulo-pa_tallas tsf_campo-acf tsf_pa_tallas\"><\/div>\n<div><strong>Tallas<\/strong><\/div>\n<div><\/div>\n<div class=\"tsf-campo-acf-valores tsf-campo-acf-valores-pa_tallas tsf_campo-acf tsf_pa_tallas\">\n<div class=\"tsf-campo-acf-valores tsf-campo-acf-valores-pa_tallas tsf_campo-acf tsf_pa_tallas\">S, L<\/div>\n<div class=\"tsf-campo-acf-valores tsf-campo-acf-valores-pa_tallas tsf_campo-acf tsf_pa_tallas\">S (PEQUE\u00d1O), L (GRANDE)<\/div>\n<\/div>\n","protected":false},"excerpt":{"rendered":"<p>Tratamiento conservador del Hallux Valgus Alineador nocturno del juanete Caracter\u00edsticas Ortesis correctora nocturna para alinear desviaci\u00f3n en valgo del dedo gordo del pie Conformaci\u00f3n anat\u00f3mica que envuelve todo el pie. Incorpora f\u00e9rula alineadora Zona almohadillada para 1\u00ba dedo Fabricado con suave velour Cierre de microvelcro Tallas S, L S (PEQUE\u00d1O), L (GRANDE)<\/p>\n","protected":false},"featured_media":2363,"comment_status":"open","ping_status":"closed","template":"","meta":{"saved_in_kubio":false},"product_brand":[],"product_cat":[95],"product_tag":[118],"class_list":{"0":"post-2362","1":"product","2":"type-product","3":"status-publish","4":"has-post-thumbnail","6":"product_cat-miembro-inferior","7":"product_tag-emo","9":"first","10":"instock","11":"shipping-taxable","12":"product-type-simple"},"_links":{"self":[{"href":"https:\/\/ortopediagot.net\/Inicio\/wp-json\/wp\/v2\/product\/2362"}],"collection":[{"href":"https:\/\/ortopediagot.net\/Inicio\/wp-json\/wp\/v2\/product"}],"about":[{"href":"https:\/\/ortopediagot.net\/Inicio\/wp-json\/wp\/v2\/types\/product"}],"replies":[{"embeddable":true,"href":"https:\/\/ortopediagot.net\/Inicio\/wp-json\/wp\/v2\/comments?post=2362"}],"wp:featuredmedia":[{"embeddable":true,"href":"https:\/\/ortopediagot.net\/Inicio\/wp-json\/wp\/v2\/media\/2363"}],"wp:attachment":[{"href":"https:\/\/ortopediagot.net\/Inicio\/wp-json\/wp\/v2\/media?parent=2362"}],"wp:term":[{"taxonomy":"product_brand","embeddable":true,"href":"https:\/\/ortopediagot.net\/Inicio\/wp-json\/wp\/v2\/product_brand?post=2362"},{"taxonomy":"product_cat","embeddable":true,"href":"https:\/\/ortopediagot.net\/Inicio\/wp-json\/wp\/v2\/product_cat?post=2362"},{"taxonomy":"product_tag","embeddable":true,"href":"https:\/\/ortopediagot.net\/Inicio\/wp-json\/wp\/v2\/product_tag?post=2362"}],"curies":[{"name":"wp","href":"https:\/\/api.w.org\/{rel}","templated":true}]}}