{"id":2375,"date":"2024-05-31T16:35:11","date_gmt":"2024-05-31T15:35:11","guid":{"rendered":"https:\/\/ortopediagot.net\/?post_type=product&#038;p=2375"},"modified":"2024-05-31T16:35:12","modified_gmt":"2024-05-31T15:35:12","slug":"w110-walker-fijo-alto","status":"publish","type":"product","link":"https:\/\/ortopediagot.net\/Inicio\/producto\/w110-walker-fijo-alto\/","title":{"rendered":"W110 WALKER FIJO ALTO"},"content":{"rendered":"<p>Esguince de ligamentos de tobillo grados II y III. Post-traumatismos<br \/>\nTratamiento conservador de lesiones del tarso, metatarso y falanges.<br \/>\nFractura estable distal de tibia y peron\u00e9. Fractura de pie y tobillo. Post-quir\u00fargico del tend\u00f3n de Aquiles<br \/>\nPost-quir\u00fargico de tejidos blandos, tendones y ligamentos.<br \/>\nFisuras de tibia y peron\u00e9.<\/p>\n<div class=\"tsf-campo-acf-titulo tsf-campo-acf-titulo-caracteristicas tsf_campo-acf tsf_caracteristicas\"><strong>Caracter\u00edsticas<\/strong><\/div>\n<div><\/div>\n<div class=\"tsf-campo-acf-valores tsf-campo-acf-valores-caracteristicas tsf_campo-acf tsf_caracteristicas\">Ortesis inmovilizadora del tobillo a 90\u00ba.<br \/>\nGran estabilidad gracias a sus amplios tutores laterales.<br \/>\nBot\u00edn almohadillado que amortigua los impactos durante la deambulaci\u00f3n.<br \/>\nDise\u00f1o ligero, resistente y muy estable.<br \/>\nSuela con forma de balanc\u00edn antideslizante que facilita la marcha completa.<br \/>\nSistema de cierre y ajuste mediante cinchas con velcro.<br \/>\nPermite la incorporaci\u00f3n de cu\u00f1as.<br \/>\nTratamiento alternativo al bot\u00edn de escayola.<br \/>\nModelo alto: permite cubrir toda la longitud de la tibia.<\/div>\n<div class=\"tsf-campo-acf-titulo tsf-campo-acf-titulo-pa_tallas tsf_campo-acf tsf_pa_tallas\"><\/div>\n<div><strong>Tallas<\/strong><\/div>\n<div><\/div>\n<div class=\"tsf-campo-acf-valores tsf-campo-acf-valores-pa_tallas tsf_campo-acf tsf_pa_tallas\">S, M, L<\/div>\n<div class=\"tsf-campo-acf-valores tsf-campo-acf-valores-tallas_medidas tsf_campo-acf tsf_pa_tallas_medidas\">SEG\u00daN TALLA DE CALZADO.<br \/>\nXS (33-36), S (36-39) , M (40-43) , L(44-46).<\/div>\n","protected":false},"excerpt":{"rendered":"<p>Esguince de ligamentos de tobillo grados II y III. Post-traumatismos Tratamiento conservador de lesiones del tarso, metatarso y falanges. Fractura estable distal de tibia y peron\u00e9. Fractura de pie y tobillo. Post-quir\u00fargico del tend\u00f3n de Aquiles Post-quir\u00fargico de tejidos blandos, tendones y ligamentos. Fisuras de tibia y peron\u00e9. Caracter\u00edsticas Ortesis inmovilizadora del tobillo a 90\u00ba. [&hellip;]<\/p>\n","protected":false},"featured_media":2376,"comment_status":"open","ping_status":"closed","template":"","meta":{"saved_in_kubio":false},"product_brand":[],"product_cat":[95],"product_tag":[118],"class_list":{"0":"post-2375","1":"product","2":"type-product","3":"status-publish","4":"has-post-thumbnail","6":"product_cat-miembro-inferior","7":"product_tag-emo","9":"first","10":"instock","11":"shipping-taxable","12":"product-type-simple"},"_links":{"self":[{"href":"https:\/\/ortopediagot.net\/Inicio\/wp-json\/wp\/v2\/product\/2375"}],"collection":[{"href":"https:\/\/ortopediagot.net\/Inicio\/wp-json\/wp\/v2\/product"}],"about":[{"href":"https:\/\/ortopediagot.net\/Inicio\/wp-json\/wp\/v2\/types\/product"}],"replies":[{"embeddable":true,"href":"https:\/\/ortopediagot.net\/Inicio\/wp-json\/wp\/v2\/comments?post=2375"}],"wp:featuredmedia":[{"embeddable":true,"href":"https:\/\/ortopediagot.net\/Inicio\/wp-json\/wp\/v2\/media\/2376"}],"wp:attachment":[{"href":"https:\/\/ortopediagot.net\/Inicio\/wp-json\/wp\/v2\/media?parent=2375"}],"wp:term":[{"taxonomy":"product_brand","embeddable":true,"href":"https:\/\/ortopediagot.net\/Inicio\/wp-json\/wp\/v2\/product_brand?post=2375"},{"taxonomy":"product_cat","embeddable":true,"href":"https:\/\/ortopediagot.net\/Inicio\/wp-json\/wp\/v2\/product_cat?post=2375"},{"taxonomy":"product_tag","embeddable":true,"href":"https:\/\/ortopediagot.net\/Inicio\/wp-json\/wp\/v2\/product_tag?post=2375"}],"curies":[{"name":"wp","href":"https:\/\/api.w.org\/{rel}","templated":true}]}}