{"id":2378,"date":"2024-05-31T16:36:35","date_gmt":"2024-05-31T15:36:35","guid":{"rendered":"https:\/\/ortopediagot.net\/?post_type=product&#038;p=2378"},"modified":"2024-05-31T16:36:35","modified_gmt":"2024-05-31T15:36:35","slug":"w210-walker-alto-con-articulacion","status":"publish","type":"product","link":"https:\/\/ortopediagot.net\/Inicio\/producto\/w210-walker-alto-con-articulacion\/","title":{"rendered":"W210 WALKER ALTO CON ARTICULACI\u00d3N"},"content":{"rendered":"<p>Esguince de ligamentos de tobillo grados II y III.<br \/>\nPost-traumatismos.<br \/>\nTratamiento conservador de lesiones del tarso, metatarso y falanges. Fractura estable distal de tibia y peron\u00e9.<br \/>\nFractura de tobillo.<br \/>\nPost-quir\u00fargico del tend\u00f3n de Aquiles.<br \/>\nPost-quir\u00fargico de tejidos blandos, tendones y ligamentos.<br \/>\nFisuras de tibia y peron\u00e9.<\/p>\n<div class=\"tsf-campo-acf-titulo tsf-campo-acf-titulo-caracteristicas tsf_campo-acf tsf_caracteristicas\"><strong>Caracter\u00edsticas<\/strong><\/div>\n<div><\/div>\n<div class=\"tsf-campo-acf-valores tsf-campo-acf-valores-caracteristicas tsf_campo-acf tsf_caracteristicas\">Ortesis inmovilizadora del tobillo a 90\u00ba con posibilidad de control de rango de movimiento de flexo-extensi\u00f3n cada 7,5\u00ba en cualquier posici\u00f3n entre 45\u00ba de flexi\u00f3n dorsal y 45\u00ba de flexi\u00f3n plantar.<br \/>\nGran estabilidad gracias a sus amplios tutores laterales.<br \/>\nBot\u00edn almohadillado que amortigua los impactos durante la deambulaci\u00f3n.<br \/>\nDise\u00f1o ligero, resistente y muy estable.<br \/>\nSuela con forma de balanc\u00edn antideslizante que facilita la marcha completa.<br \/>\nSistema de cierre y ajuste mediante cinchas con velcro.<br \/>\nPermite la incorporaci\u00f3n de cu\u00f1as.<br \/>\nTratamiento alternativo al bot\u00edn de escayola.<br \/>\nModelo alto: permite cubrir toda la longitud de la tibia.<br \/>\nBilateral<\/div>\n<div class=\"tsf-campo-acf-titulo tsf-campo-acf-titulo-pa_tallas tsf_campo-acf tsf_pa_tallas\"><\/div>\n<div><strong>Tallas<\/strong><\/div>\n<div><\/div>\n<div class=\"tsf-campo-acf-valores tsf-campo-acf-valores-pa_tallas tsf_campo-acf tsf_pa_tallas\">S, M, L<\/div>\n<div class=\"tsf-campo-acf-valores tsf-campo-acf-valores-tallas_medidas tsf_campo-acf tsf_pa_tallas_medidas\">SEG\u00daN TALLA DE CALZADO.<br \/>\nXS (33-36), S (36-39) , M (40-43) , L(44-46).<\/div>\n","protected":false},"excerpt":{"rendered":"<p>Esguince de ligamentos de tobillo grados II y III. Post-traumatismos. Tratamiento conservador de lesiones del tarso, metatarso y falanges. Fractura estable distal de tibia y peron\u00e9. Fractura de tobillo. Post-quir\u00fargico del tend\u00f3n de Aquiles. Post-quir\u00fargico de tejidos blandos, tendones y ligamentos. Fisuras de tibia y peron\u00e9. Caracter\u00edsticas Ortesis inmovilizadora del tobillo a 90\u00ba con posibilidad [&hellip;]<\/p>\n","protected":false},"featured_media":2379,"comment_status":"open","ping_status":"closed","template":"","meta":{"saved_in_kubio":false},"product_brand":[],"product_cat":[95],"product_tag":[118],"class_list":{"0":"post-2378","1":"product","2":"type-product","3":"status-publish","4":"has-post-thumbnail","6":"product_cat-miembro-inferior","7":"product_tag-emo","9":"first","10":"instock","11":"shipping-taxable","12":"product-type-simple"},"_links":{"self":[{"href":"https:\/\/ortopediagot.net\/Inicio\/wp-json\/wp\/v2\/product\/2378"}],"collection":[{"href":"https:\/\/ortopediagot.net\/Inicio\/wp-json\/wp\/v2\/product"}],"about":[{"href":"https:\/\/ortopediagot.net\/Inicio\/wp-json\/wp\/v2\/types\/product"}],"replies":[{"embeddable":true,"href":"https:\/\/ortopediagot.net\/Inicio\/wp-json\/wp\/v2\/comments?post=2378"}],"wp:featuredmedia":[{"embeddable":true,"href":"https:\/\/ortopediagot.net\/Inicio\/wp-json\/wp\/v2\/media\/2379"}],"wp:attachment":[{"href":"https:\/\/ortopediagot.net\/Inicio\/wp-json\/wp\/v2\/media?parent=2378"}],"wp:term":[{"taxonomy":"product_brand","embeddable":true,"href":"https:\/\/ortopediagot.net\/Inicio\/wp-json\/wp\/v2\/product_brand?post=2378"},{"taxonomy":"product_cat","embeddable":true,"href":"https:\/\/ortopediagot.net\/Inicio\/wp-json\/wp\/v2\/product_cat?post=2378"},{"taxonomy":"product_tag","embeddable":true,"href":"https:\/\/ortopediagot.net\/Inicio\/wp-json\/wp\/v2\/product_tag?post=2378"}],"curies":[{"name":"wp","href":"https:\/\/api.w.org\/{rel}","templated":true}]}}