{"id":2387,"date":"2024-05-31T16:44:25","date_gmt":"2024-05-31T15:44:25","guid":{"rendered":"https:\/\/ortopediagot.net\/?post_type=product&#038;p=2387"},"modified":"2024-05-31T16:45:01","modified_gmt":"2024-05-31T15:45:01","slug":"w900-cunas-para-walker","status":"publish","type":"product","link":"https:\/\/ortopediagot.net\/Inicio\/producto\/w900-cunas-para-walker\/","title":{"rendered":"W900 CU\u00d1AS PARA WALKER"},"content":{"rendered":"<p>En combinaci\u00f3n con los productos tipo Walker. Complementa el tratamiento en casos de:<br \/>\nTendinitis del tend\u00f3n de Aquiles<br \/>\nTras la reparaci\u00f3n del tend\u00f3n de Aquiles, en la que el pie debe adoptar una posici\u00f3n de flexi\u00f3n plantar.<br \/>\nPost-operatorio<br \/>\nPost-traumatismo<\/p>\n<div class=\"tsf-campo-acf-titulo tsf-campo-acf-titulo-caracteristicas tsf_campo-acf tsf_caracteristicas\"><strong>Caracter\u00edsticas<\/strong><\/div>\n<div><\/div>\n<div class=\"tsf-campo-acf-valores tsf-campo-acf-valores-caracteristicas tsf_campo-acf tsf_caracteristicas\">Componente para utilizar en combinaci\u00f3n con los Walkers.<br \/>\nAlza de 6 cm, de altura para mantener el pie en equino compuesta por 6 taloneras independientes que facilitan su retirada escalonada y la progresiva reducci\u00f3n del equino.<br \/>\nPermite adoptar una posicion de flexi\u00f3n plantar al pie de hasta unos 20\u00b0 durante el uso de una ortesis tipo Walker.<br \/>\nLa flexion plantar puede ir reduciendose de forma progresiva despegando cada una de las piezas.<br \/>\nIncorpora plantilla almohadillada que se fija sobre las alzas.<br \/>\nComplementa la adaptaci\u00f3n de los Walkers a realizar sobre el paciente, no debe utilizarse independientemente.<\/div>\n","protected":false},"excerpt":{"rendered":"<p>En combinaci\u00f3n con los productos tipo Walker. Complementa el tratamiento en casos de: Tendinitis del tend\u00f3n de Aquiles Tras la reparaci\u00f3n del tend\u00f3n de Aquiles, en la que el pie debe adoptar una posici\u00f3n de flexi\u00f3n plantar. Post-operatorio Post-traumatismo Caracter\u00edsticas Componente para utilizar en combinaci\u00f3n con los Walkers. Alza de 6 cm, de altura para [&hellip;]<\/p>\n","protected":false},"featured_media":2388,"comment_status":"open","ping_status":"closed","template":"","meta":{"saved_in_kubio":false},"product_brand":[],"product_cat":[95],"product_tag":[118],"class_list":{"0":"post-2387","1":"product","2":"type-product","3":"status-publish","4":"has-post-thumbnail","6":"product_cat-miembro-inferior","7":"product_tag-emo","9":"first","10":"instock","11":"shipping-taxable","12":"product-type-simple"},"_links":{"self":[{"href":"https:\/\/ortopediagot.net\/Inicio\/wp-json\/wp\/v2\/product\/2387"}],"collection":[{"href":"https:\/\/ortopediagot.net\/Inicio\/wp-json\/wp\/v2\/product"}],"about":[{"href":"https:\/\/ortopediagot.net\/Inicio\/wp-json\/wp\/v2\/types\/product"}],"replies":[{"embeddable":true,"href":"https:\/\/ortopediagot.net\/Inicio\/wp-json\/wp\/v2\/comments?post=2387"}],"wp:featuredmedia":[{"embeddable":true,"href":"https:\/\/ortopediagot.net\/Inicio\/wp-json\/wp\/v2\/media\/2388"}],"wp:attachment":[{"href":"https:\/\/ortopediagot.net\/Inicio\/wp-json\/wp\/v2\/media?parent=2387"}],"wp:term":[{"taxonomy":"product_brand","embeddable":true,"href":"https:\/\/ortopediagot.net\/Inicio\/wp-json\/wp\/v2\/product_brand?post=2387"},{"taxonomy":"product_cat","embeddable":true,"href":"https:\/\/ortopediagot.net\/Inicio\/wp-json\/wp\/v2\/product_cat?post=2387"},{"taxonomy":"product_tag","embeddable":true,"href":"https:\/\/ortopediagot.net\/Inicio\/wp-json\/wp\/v2\/product_tag?post=2387"}],"curies":[{"name":"wp","href":"https:\/\/api.w.org\/{rel}","templated":true}]}}