{"id":2393,"date":"2024-05-31T17:25:16","date_gmt":"2024-05-31T16:25:16","guid":{"rendered":"https:\/\/ortopediagot.net\/?post_type=product&#038;p=2393"},"modified":"2024-05-31T17:25:16","modified_gmt":"2024-05-31T16:25:16","slug":"contera-estable-tripod-816050","status":"publish","type":"product","link":"https:\/\/ortopediagot.net\/Inicio\/producto\/contera-estable-tripod-816050\/","title":{"rendered":"CONTERA ESTABLE TRIPOD (816050)"},"content":{"rendered":"<div class=\"tsf-campo-acf-titulo tsf-campo-acf-titulo-caracteristicas tsf_campo-acf tsf_caracteristicas\"><strong>Caracter\u00edsticas<\/strong><\/div>\n<div><\/div>\n<div class=\"tsf-campo-acf-valores tsf-campo-acf-valores-caracteristicas tsf_campo-acf tsf_caracteristicas\">Nuestra punta de tr\u00edpode es una herramienta muy pr\u00e1ctica para reemplazar la punta existente.<br \/>\nSu sistema operativo es simple.<br \/>\nSi lo subes, se mantiene alto y puedes caminar normalmente.<br \/>\nSe gira un cuarto de vuelta, se reposiciona al nivel de la almohadilla y permite que la ca\u00f1a se mantenga sola.<br \/>\nMuy f\u00e1cil de instalar.<br \/>\nPeso 110 gr.<br \/>\nCompatible con todos los modelos de varillas de 19 mm de di\u00e1metro.<\/div>\n","protected":false},"excerpt":{"rendered":"<p>Caracter\u00edsticas Nuestra punta de tr\u00edpode es una herramienta muy pr\u00e1ctica para reemplazar la punta existente. Su sistema operativo es simple. Si lo subes, se mantiene alto y puedes caminar normalmente. Se gira un cuarto de vuelta, se reposiciona al nivel de la almohadilla y permite que la ca\u00f1a se mantenga sola. Muy f\u00e1cil de instalar. [&hellip;]<\/p>\n","protected":false},"featured_media":2394,"comment_status":"open","ping_status":"closed","template":"","meta":{"saved_in_kubio":false},"product_brand":[],"product_cat":[120],"product_tag":[118],"class_list":{"0":"post-2393","1":"product","2":"type-product","3":"status-publish","4":"has-post-thumbnail","6":"product_cat-repuestos","7":"product_tag-emo","9":"first","10":"instock","11":"shipping-taxable","12":"product-type-simple"},"_links":{"self":[{"href":"https:\/\/ortopediagot.net\/Inicio\/wp-json\/wp\/v2\/product\/2393"}],"collection":[{"href":"https:\/\/ortopediagot.net\/Inicio\/wp-json\/wp\/v2\/product"}],"about":[{"href":"https:\/\/ortopediagot.net\/Inicio\/wp-json\/wp\/v2\/types\/product"}],"replies":[{"embeddable":true,"href":"https:\/\/ortopediagot.net\/Inicio\/wp-json\/wp\/v2\/comments?post=2393"}],"wp:featuredmedia":[{"embeddable":true,"href":"https:\/\/ortopediagot.net\/Inicio\/wp-json\/wp\/v2\/media\/2394"}],"wp:attachment":[{"href":"https:\/\/ortopediagot.net\/Inicio\/wp-json\/wp\/v2\/media?parent=2393"}],"wp:term":[{"taxonomy":"product_brand","embeddable":true,"href":"https:\/\/ortopediagot.net\/Inicio\/wp-json\/wp\/v2\/product_brand?post=2393"},{"taxonomy":"product_cat","embeddable":true,"href":"https:\/\/ortopediagot.net\/Inicio\/wp-json\/wp\/v2\/product_cat?post=2393"},{"taxonomy":"product_tag","embeddable":true,"href":"https:\/\/ortopediagot.net\/Inicio\/wp-json\/wp\/v2\/product_tag?post=2393"}],"curies":[{"name":"wp","href":"https:\/\/api.w.org\/{rel}","templated":true}]}}