{"id":2415,"date":"2024-05-31T17:43:54","date_gmt":"2024-05-31T16:43:54","guid":{"rendered":"https:\/\/ortopediagot.net\/?post_type=product&#038;p=2415"},"modified":"2024-06-04T09:54:32","modified_gmt":"2024-06-04T08:54:32","slug":"baston-ergo-tech-816048-violet-816048-bleu-816048-noir","status":"publish","type":"product","link":"https:\/\/ortopediagot.net\/Inicio\/producto\/baston-ergo-tech-816048-violet-816048-bleu-816048-noir\/","title":{"rendered":"BAST\u00d3N ERGO TECH"},"content":{"rendered":"<div>BAST\u00d3N ERGO TECH (816048.VIOLET, 816048.BLEU, 816048.NOIR)<\/div>\n<div><\/div>\n<div class=\"tsf-campo-acf-titulo tsf-campo-acf-titulo-caracteristicas tsf_campo-acf tsf_caracteristicas\"><strong>Caracter\u00edsticas<\/strong><\/div>\n<div><\/div>\n<div class=\"tsf-campo-acf-valores tsf-campo-acf-valores-caracteristicas tsf_campo-acf tsf_caracteristicas\">Soporte ultra c\u00f3modo para la mano.<br \/>\nAjuste de altura del apoyo de antebrazo (4 posiciones de 215 a 263 mm).<br \/>\nSistema de plegado de empu\u00f1adura.<br \/>\nPeso de una muleta: 465 gr.<br \/>\nPar.<br \/>\n3 colores.<\/div>\n<div class=\"tsf-campo-acf-titulo tsf-campo-acf-titulo-pa_colores tsf_campo-acf tsf_pa_colores\"><\/div>\n<div><strong>Color<\/strong><\/div>\n<div><\/div>\n<div class=\"tsf-campo-acf-valores tsf-campo-acf-valores-pa_colores tsf_campo-acf tsf_pa_colores\">AZUL, NEGRO, VIOLETA<\/div>\n","protected":false},"excerpt":{"rendered":"<p>BAST\u00d3N ERGO TECH (816048.VIOLET, 816048.BLEU, 816048.NOIR) Caracter\u00edsticas Soporte ultra c\u00f3modo para la mano. Ajuste de altura del apoyo de antebrazo (4 posiciones de 215 a 263 mm). Sistema de plegado de empu\u00f1adura. Peso de una muleta: 465 gr. Par. 3 colores. Color AZUL, NEGRO, VIOLETA<\/p>\n","protected":false},"featured_media":2416,"comment_status":"open","ping_status":"closed","template":"","meta":{"saved_in_kubio":false},"product_brand":[],"product_cat":[62],"product_tag":[118],"class_list":{"0":"post-2415","1":"product","2":"type-product","3":"status-publish","4":"has-post-thumbnail","6":"product_cat-bastones","7":"product_tag-emo","9":"first","10":"instock","11":"shipping-taxable","12":"product-type-simple"},"_links":{"self":[{"href":"https:\/\/ortopediagot.net\/Inicio\/wp-json\/wp\/v2\/product\/2415"}],"collection":[{"href":"https:\/\/ortopediagot.net\/Inicio\/wp-json\/wp\/v2\/product"}],"about":[{"href":"https:\/\/ortopediagot.net\/Inicio\/wp-json\/wp\/v2\/types\/product"}],"replies":[{"embeddable":true,"href":"https:\/\/ortopediagot.net\/Inicio\/wp-json\/wp\/v2\/comments?post=2415"}],"wp:featuredmedia":[{"embeddable":true,"href":"https:\/\/ortopediagot.net\/Inicio\/wp-json\/wp\/v2\/media\/2416"}],"wp:attachment":[{"href":"https:\/\/ortopediagot.net\/Inicio\/wp-json\/wp\/v2\/media?parent=2415"}],"wp:term":[{"taxonomy":"product_brand","embeddable":true,"href":"https:\/\/ortopediagot.net\/Inicio\/wp-json\/wp\/v2\/product_brand?post=2415"},{"taxonomy":"product_cat","embeddable":true,"href":"https:\/\/ortopediagot.net\/Inicio\/wp-json\/wp\/v2\/product_cat?post=2415"},{"taxonomy":"product_tag","embeddable":true,"href":"https:\/\/ortopediagot.net\/Inicio\/wp-json\/wp\/v2\/product_tag?post=2415"}],"curies":[{"name":"wp","href":"https:\/\/api.w.org\/{rel}","templated":true}]}}