{"id":2434,"date":"2024-05-31T18:02:16","date_gmt":"2024-05-31T17:02:16","guid":{"rendered":"https:\/\/ortopediagot.net\/?post_type=product&#038;p=2434"},"modified":"2024-06-04T09:51:48","modified_gmt":"2024-06-04T08:51:48","slug":"andador-de-interior-neo-indoor-826208","status":"publish","type":"product","link":"https:\/\/ortopediagot.net\/Inicio\/producto\/andador-de-interior-neo-indoor-826208\/","title":{"rendered":"ANDADOR DE INTERIOR NEO INDOOR"},"content":{"rendered":"<div>ANDADOR DE INTERIOR NEO INDOOR (826208)<\/div>\n<div><\/div>\n<div class=\"tsf-campo-acf-titulo tsf-campo-acf-titulo-caracteristicas tsf_campo-acf tsf_caracteristicas\"><strong>Caracter\u00edsticas<\/strong><\/div>\n<div><\/div>\n<div class=\"tsf-campo-acf-valores tsf-campo-acf-valores-caracteristicas tsf_campo-acf tsf_caracteristicas\">Nuestro andador de interior Neo Indoor le ofrece un soporte seguro mientras se desplaza.<br \/>\nEst\u00e1 especialmente dise\u00f1ado para uso en interiores debido a su peque\u00f1o tama\u00f1o, pero tambi\u00e9n puede ser \u00fatil en exteriores en superficies planas.<br \/>\nSe suministra con una bandeja grande para servir como servicio de mesa.<br \/>\nLa bolsa extra\u00edble le permite transportar objetos o efectos personales.<br \/>\nAlmacenamiento compacto cuando est\u00e1 plegado.<br \/>\nDimensiones totales: Ancho 54 x Profundidad 66 x Alto 83 \/ 94,5 cm.<br \/>\nPeso 5,9 kg.<\/div>\n","protected":false},"excerpt":{"rendered":"<p>ANDADOR DE INTERIOR NEO INDOOR (826208) Caracter\u00edsticas Nuestro andador de interior Neo Indoor le ofrece un soporte seguro mientras se desplaza. Est\u00e1 especialmente dise\u00f1ado para uso en interiores debido a su peque\u00f1o tama\u00f1o, pero tambi\u00e9n puede ser \u00fatil en exteriores en superficies planas. Se suministra con una bandeja grande para servir como servicio de mesa. [&hellip;]<\/p>\n","protected":false},"featured_media":2441,"comment_status":"open","ping_status":"closed","template":"","meta":{"saved_in_kubio":false},"product_brand":[],"product_cat":[60],"product_tag":[118],"class_list":{"0":"post-2434","1":"product","2":"type-product","3":"status-publish","4":"has-post-thumbnail","6":"product_cat-andadores","7":"product_tag-emo","9":"first","10":"instock","11":"shipping-taxable","12":"product-type-simple"},"_links":{"self":[{"href":"https:\/\/ortopediagot.net\/Inicio\/wp-json\/wp\/v2\/product\/2434"}],"collection":[{"href":"https:\/\/ortopediagot.net\/Inicio\/wp-json\/wp\/v2\/product"}],"about":[{"href":"https:\/\/ortopediagot.net\/Inicio\/wp-json\/wp\/v2\/types\/product"}],"replies":[{"embeddable":true,"href":"https:\/\/ortopediagot.net\/Inicio\/wp-json\/wp\/v2\/comments?post=2434"}],"wp:featuredmedia":[{"embeddable":true,"href":"https:\/\/ortopediagot.net\/Inicio\/wp-json\/wp\/v2\/media\/2441"}],"wp:attachment":[{"href":"https:\/\/ortopediagot.net\/Inicio\/wp-json\/wp\/v2\/media?parent=2434"}],"wp:term":[{"taxonomy":"product_brand","embeddable":true,"href":"https:\/\/ortopediagot.net\/Inicio\/wp-json\/wp\/v2\/product_brand?post=2434"},{"taxonomy":"product_cat","embeddable":true,"href":"https:\/\/ortopediagot.net\/Inicio\/wp-json\/wp\/v2\/product_cat?post=2434"},{"taxonomy":"product_tag","embeddable":true,"href":"https:\/\/ortopediagot.net\/Inicio\/wp-json\/wp\/v2\/product_tag?post=2434"}],"curies":[{"name":"wp","href":"https:\/\/api.w.org\/{rel}","templated":true}]}}