{"id":2446,"date":"2024-05-31T18:09:04","date_gmt":"2024-05-31T17:09:04","guid":{"rendered":"https:\/\/ortopediagot.net\/?post_type=product&#038;p=2446"},"modified":"2024-06-04T09:50:50","modified_gmt":"2024-06-04T08:50:50","slug":"andador-de-2-ruedas-air-826218-bleu-826218-vanille-826218-turquoise","status":"publish","type":"product","link":"https:\/\/ortopediagot.net\/Inicio\/producto\/andador-de-2-ruedas-air-826218-bleu-826218-vanille-826218-turquoise\/","title":{"rendered":"ANDADOR DE 2 RUEDAS AIR"},"content":{"rendered":"<div>ANDADOR DE 2 RUEDAS AIR (826218.BLEU, 826218.VANILLE, 826218.TURQUOISE)<\/div>\n<div><\/div>\n<div class=\"tsf-campo-acf-titulo tsf-campo-acf-titulo-caracteristicas tsf_campo-acf tsf_caracteristicas\"><strong>Caracter\u00edsticas<\/strong><\/div>\n<div><\/div>\n<div class=\"tsf-campo-acf-valores tsf-campo-acf-valores-caracteristicas tsf_campo-acf tsf_caracteristicas\">Ultraligero: 2,2 kg.<br \/>\nAsas anat\u00f3micas de confort.<br \/>\n2 pares de ruedas para mayor estabilidad.<br \/>\nEstructura f\u00e1cilmente plegable.<br \/>\nAsas regulables en altura.<br \/>\nDimensiones: ancho 49,5 x profundidad 56x Alto 85\/91 cm.<br \/>\nPeso: 2,21 kg.<br \/>\nOpci\u00f3n de kit de freno x presi\u00f3n.<\/div>\n<div class=\"tsf-campo-acf-titulo tsf-campo-acf-titulo-pa_colores tsf_campo-acf tsf_pa_colores\"><\/div>\n<div><strong>Color\u00a0<\/strong><\/div>\n<div><\/div>\n<div class=\"tsf-campo-acf-valores tsf-campo-acf-valores-pa_colores tsf_campo-acf tsf_pa_colores\">AZUL, TURQUESA, VAINILLA<\/div>\n","protected":false},"excerpt":{"rendered":"<p>ANDADOR DE 2 RUEDAS AIR (826218.BLEU, 826218.VANILLE, 826218.TURQUOISE) Caracter\u00edsticas Ultraligero: 2,2 kg. Asas anat\u00f3micas de confort. 2 pares de ruedas para mayor estabilidad. Estructura f\u00e1cilmente plegable. Asas regulables en altura. Dimensiones: ancho 49,5 x profundidad 56x Alto 85\/91 cm. Peso: 2,21 kg. Opci\u00f3n de kit de freno x presi\u00f3n. Color\u00a0 AZUL, TURQUESA, VAINILLA<\/p>\n","protected":false},"featured_media":2447,"comment_status":"open","ping_status":"closed","template":"","meta":{"saved_in_kubio":false},"product_brand":[],"product_cat":[60],"product_tag":[118],"class_list":{"0":"post-2446","1":"product","2":"type-product","3":"status-publish","4":"has-post-thumbnail","6":"product_cat-andadores","7":"product_tag-emo","9":"first","10":"instock","11":"shipping-taxable","12":"product-type-simple"},"_links":{"self":[{"href":"https:\/\/ortopediagot.net\/Inicio\/wp-json\/wp\/v2\/product\/2446"}],"collection":[{"href":"https:\/\/ortopediagot.net\/Inicio\/wp-json\/wp\/v2\/product"}],"about":[{"href":"https:\/\/ortopediagot.net\/Inicio\/wp-json\/wp\/v2\/types\/product"}],"replies":[{"embeddable":true,"href":"https:\/\/ortopediagot.net\/Inicio\/wp-json\/wp\/v2\/comments?post=2446"}],"wp:featuredmedia":[{"embeddable":true,"href":"https:\/\/ortopediagot.net\/Inicio\/wp-json\/wp\/v2\/media\/2447"}],"wp:attachment":[{"href":"https:\/\/ortopediagot.net\/Inicio\/wp-json\/wp\/v2\/media?parent=2446"}],"wp:term":[{"taxonomy":"product_brand","embeddable":true,"href":"https:\/\/ortopediagot.net\/Inicio\/wp-json\/wp\/v2\/product_brand?post=2446"},{"taxonomy":"product_cat","embeddable":true,"href":"https:\/\/ortopediagot.net\/Inicio\/wp-json\/wp\/v2\/product_cat?post=2446"},{"taxonomy":"product_tag","embeddable":true,"href":"https:\/\/ortopediagot.net\/Inicio\/wp-json\/wp\/v2\/product_tag?post=2446"}],"curies":[{"name":"wp","href":"https:\/\/api.w.org\/{rel}","templated":true}]}}