{"id":2450,"date":"2024-05-31T18:14:50","date_gmt":"2024-05-31T17:14:50","guid":{"rendered":"https:\/\/ortopediagot.net\/?post_type=product&#038;p=2450"},"modified":"2024-05-31T18:14:50","modified_gmt":"2024-05-31T17:14:50","slug":"andador-con-asiento-kamaleon-826219-bleu-826219-vanille-826219-corail-826219-turquoise","status":"publish","type":"product","link":"https:\/\/ortopediagot.net\/Inicio\/producto\/andador-con-asiento-kamaleon-826219-bleu-826219-vanille-826219-corail-826219-turquoise\/","title":{"rendered":"ANDADOR CON ASIENTO KAMALEON (826219.BLEU, 826219.VANILLE, 826219.CORAIL, 826219.TURQUOISE)"},"content":{"rendered":"<div class=\"tsf-campo-acf-titulo tsf-campo-acf-titulo-caracteristicas tsf_campo-acf tsf_caracteristicas\"><strong>Caracter\u00edsticas<\/strong><\/div>\n<div><\/div>\n<div class=\"tsf-campo-acf-valores tsf-campo-acf-valores-caracteristicas tsf_campo-acf tsf_caracteristicas\">El andador Kamaleon tiene un dise\u00f1o muy ligero y manejable.<br \/>\nPosee c\u00f3modas asas anat\u00f3micas y un asiento para descansar.<br \/>\nEquipado con 4 ruedas de 15 cm.<br \/>\nLa estructura es f\u00e1cilmente plegable y los mangos son regulables en altura.<br \/>\nCuatro colores disponibles: azul, coral, turquesa o vainilla.<br \/>\nDimensiones: Ancho 66 x Profundidad 57 x Alto 83\/95 cm.<br \/>\nAltura del asiento 57,5 cm.<br \/>\nPeso 2,95 kg.<br \/>\nKit de freno por soporte como opci\u00f3n a montar.<\/div>\n<div class=\"tsf-campo-acf-titulo tsf-campo-acf-titulo-pa_colores tsf_campo-acf tsf_pa_colores\"><\/div>\n<div><strong>Color<\/strong><\/div>\n<div><\/div>\n<div class=\"tsf-campo-acf-valores tsf-campo-acf-valores-pa_colores tsf_campo-acf tsf_pa_colores\">AZUL, CORAL, TURQUESA, VAINILLA<\/div>\n","protected":false},"excerpt":{"rendered":"<p>Caracter\u00edsticas El andador Kamaleon tiene un dise\u00f1o muy ligero y manejable. Posee c\u00f3modas asas anat\u00f3micas y un asiento para descansar. Equipado con 4 ruedas de 15 cm. La estructura es f\u00e1cilmente plegable y los mangos son regulables en altura. Cuatro colores disponibles: azul, coral, turquesa o vainilla. Dimensiones: Ancho 66 x Profundidad 57 x Alto [&hellip;]<\/p>\n","protected":false},"featured_media":0,"comment_status":"open","ping_status":"closed","template":"","meta":{"saved_in_kubio":false},"product_brand":[],"product_cat":[95],"product_tag":[118],"class_list":{"0":"post-2450","1":"product","2":"type-product","3":"status-publish","5":"product_cat-miembro-inferior","6":"product_tag-emo","8":"first","9":"instock","10":"shipping-taxable","11":"product-type-simple"},"_links":{"self":[{"href":"https:\/\/ortopediagot.net\/Inicio\/wp-json\/wp\/v2\/product\/2450"}],"collection":[{"href":"https:\/\/ortopediagot.net\/Inicio\/wp-json\/wp\/v2\/product"}],"about":[{"href":"https:\/\/ortopediagot.net\/Inicio\/wp-json\/wp\/v2\/types\/product"}],"replies":[{"embeddable":true,"href":"https:\/\/ortopediagot.net\/Inicio\/wp-json\/wp\/v2\/comments?post=2450"}],"wp:attachment":[{"href":"https:\/\/ortopediagot.net\/Inicio\/wp-json\/wp\/v2\/media?parent=2450"}],"wp:term":[{"taxonomy":"product_brand","embeddable":true,"href":"https:\/\/ortopediagot.net\/Inicio\/wp-json\/wp\/v2\/product_brand?post=2450"},{"taxonomy":"product_cat","embeddable":true,"href":"https:\/\/ortopediagot.net\/Inicio\/wp-json\/wp\/v2\/product_cat?post=2450"},{"taxonomy":"product_tag","embeddable":true,"href":"https:\/\/ortopediagot.net\/Inicio\/wp-json\/wp\/v2\/product_tag?post=2450"}],"curies":[{"name":"wp","href":"https:\/\/api.w.org\/{rel}","templated":true}]}}