{"id":2453,"date":"2024-05-31T18:25:27","date_gmt":"2024-05-31T17:25:27","guid":{"rendered":"https:\/\/ortopediagot.net\/?post_type=product&#038;p=2453"},"modified":"2024-06-04T09:49:47","modified_gmt":"2024-06-04T08:49:47","slug":"andador-air-on-826225-turquoise-826225-bleu-826225-vanille-826225-pistache","status":"publish","type":"product","link":"https:\/\/ortopediagot.net\/Inicio\/producto\/andador-air-on-826225-turquoise-826225-bleu-826225-vanille-826225-pistache\/","title":{"rendered":"ANDADOR AIR-ON"},"content":{"rendered":"<div>ANDADOR AIR-ON (826225.TURQUOISE, 826225.BLEU, 826225.VANILLE, 826225.PISTACHE)<\/div>\n<div><\/div>\n<div class=\"tsf-campo-acf-titulo tsf-campo-acf-titulo-caracteristicas tsf_campo-acf tsf_caracteristicas\"><strong>Caracter\u00edsticas<\/strong><\/div>\n<div><\/div>\n<div class=\"tsf-campo-acf-valores tsf-campo-acf-valores-caracteristicas tsf_campo-acf tsf_caracteristicas\">Andador de 2 ruedas que incorpora asiento y asas anat\u00f3micas.<br \/>\nRuedas delanteras fijas de 15 cm.<br \/>\nEstructura de acero plegable y piezas termopl\u00e1sticas.<br \/>\nDimensiones: ancho 56 x profundidad 56 x altura 85\/91 cm.<br \/>\nAltura del asiento 53 cm.<br \/>\nAncho de las asas 40 cm.<br \/>\nPeso 3,1 Kg.<\/div>\n<div class=\"tsf-campo-acf-titulo tsf-campo-acf-titulo-pa_colores tsf_campo-acf tsf_pa_colores\"><\/div>\n<div><strong>Color<\/strong><\/div>\n<div><\/div>\n<div class=\"tsf-campo-acf-valores tsf-campo-acf-valores-pa_colores tsf_campo-acf tsf_pa_colores\">AZUL, PISTACHO, TURQUESA, VAINILLA<\/div>\n","protected":false},"excerpt":{"rendered":"<p>ANDADOR AIR-ON (826225.TURQUOISE, 826225.BLEU, 826225.VANILLE, 826225.PISTACHE) Caracter\u00edsticas Andador de 2 ruedas que incorpora asiento y asas anat\u00f3micas. Ruedas delanteras fijas de 15 cm. Estructura de acero plegable y piezas termopl\u00e1sticas. Dimensiones: ancho 56 x profundidad 56 x altura 85\/91 cm. Altura del asiento 53 cm. Ancho de las asas 40 cm. Peso 3,1 Kg. Color [&hellip;]<\/p>\n","protected":false},"featured_media":2454,"comment_status":"open","ping_status":"closed","template":"","meta":{"saved_in_kubio":false},"product_brand":[],"product_cat":[60],"product_tag":[118],"class_list":{"0":"post-2453","1":"product","2":"type-product","3":"status-publish","4":"has-post-thumbnail","6":"product_cat-andadores","7":"product_tag-emo","9":"first","10":"instock","11":"shipping-taxable","12":"product-type-simple"},"_links":{"self":[{"href":"https:\/\/ortopediagot.net\/Inicio\/wp-json\/wp\/v2\/product\/2453"}],"collection":[{"href":"https:\/\/ortopediagot.net\/Inicio\/wp-json\/wp\/v2\/product"}],"about":[{"href":"https:\/\/ortopediagot.net\/Inicio\/wp-json\/wp\/v2\/types\/product"}],"replies":[{"embeddable":true,"href":"https:\/\/ortopediagot.net\/Inicio\/wp-json\/wp\/v2\/comments?post=2453"}],"wp:featuredmedia":[{"embeddable":true,"href":"https:\/\/ortopediagot.net\/Inicio\/wp-json\/wp\/v2\/media\/2454"}],"wp:attachment":[{"href":"https:\/\/ortopediagot.net\/Inicio\/wp-json\/wp\/v2\/media?parent=2453"}],"wp:term":[{"taxonomy":"product_brand","embeddable":true,"href":"https:\/\/ortopediagot.net\/Inicio\/wp-json\/wp\/v2\/product_brand?post=2453"},{"taxonomy":"product_cat","embeddable":true,"href":"https:\/\/ortopediagot.net\/Inicio\/wp-json\/wp\/v2\/product_cat?post=2453"},{"taxonomy":"product_tag","embeddable":true,"href":"https:\/\/ortopediagot.net\/Inicio\/wp-json\/wp\/v2\/product_tag?post=2453"}],"curies":[{"name":"wp","href":"https:\/\/api.w.org\/{rel}","templated":true}]}}