{"id":2455,"date":"2024-05-31T18:29:47","date_gmt":"2024-05-31T17:29:47","guid":{"rendered":"https:\/\/ortopediagot.net\/?post_type=product&#038;p=2455"},"modified":"2024-06-04T09:49:23","modified_gmt":"2024-06-04T08:49:23","slug":"andador-con-asiento-ajustable-en-altura-koala-giro-826018","status":"publish","type":"product","link":"https:\/\/ortopediagot.net\/Inicio\/producto\/andador-con-asiento-ajustable-en-altura-koala-giro-826018\/","title":{"rendered":"ANDADOR CON ASIENTO AJUSTABLE EN ALTURA KOALA GIRO"},"content":{"rendered":"<div>ANDADOR CON ASIENTO AJUSTABLE EN ALTURA KOALA GIRO (826018)<\/div>\n<div><\/div>\n<div class=\"tsf-campo-acf-titulo tsf-campo-acf-titulo-caracteristicas tsf_campo-acf tsf_caracteristicas\"><strong>Caracter\u00edsticas<\/strong><\/div>\n<div><\/div>\n<div class=\"tsf-campo-acf-valores tsf-campo-acf-valores-caracteristicas tsf_campo-acf tsf_caracteristicas\">El Koala Giro conserva sus caracter\u00edsticas de ligereza, que son el \u00e9xito de los andadores Forta, pero con caracter\u00edsticas de andadores para exteriores.<br \/>\nEquipado con ruedas de 15 cm c\u00f3modo para terrenos m\u00e1s irregulares.<br \/>\nLas ruedas dobles delanteras son multidireccionales.<br \/>\nEquipado con un asiento de altura regulable, respaldo, bolsa de almacenamiento extra\u00edble y asas anat\u00f3micas.<br \/>\nDimensiones generales: anchura 57 x profundidad 61 a 67 x altura 79,5 a 96,5 cm.<br \/>\nPeso 5 kg.<br \/>\nDimensiones del asiento: Anchura 40 x Profundidad 26 x Altura de 47 a 59 cm.<br \/>\nAncho entre asas 45 cm.<br \/>\nEstructura de aluminio en color burdeos.<br \/>\nEquipado con frenos por presi\u00f3n en las ruedas traseras.<\/div>\n","protected":false},"excerpt":{"rendered":"<p>ANDADOR CON ASIENTO AJUSTABLE EN ALTURA KOALA GIRO (826018) Caracter\u00edsticas El Koala Giro conserva sus caracter\u00edsticas de ligereza, que son el \u00e9xito de los andadores Forta, pero con caracter\u00edsticas de andadores para exteriores. Equipado con ruedas de 15 cm c\u00f3modo para terrenos m\u00e1s irregulares. Las ruedas dobles delanteras son multidireccionales. Equipado con un asiento de [&hellip;]<\/p>\n","protected":false},"featured_media":2456,"comment_status":"open","ping_status":"closed","template":"","meta":{"saved_in_kubio":false},"product_brand":[],"product_cat":[60],"product_tag":[118],"class_list":{"0":"post-2455","1":"product","2":"type-product","3":"status-publish","4":"has-post-thumbnail","6":"product_cat-andadores","7":"product_tag-emo","9":"first","10":"instock","11":"shipping-taxable","12":"product-type-simple"},"_links":{"self":[{"href":"https:\/\/ortopediagot.net\/Inicio\/wp-json\/wp\/v2\/product\/2455"}],"collection":[{"href":"https:\/\/ortopediagot.net\/Inicio\/wp-json\/wp\/v2\/product"}],"about":[{"href":"https:\/\/ortopediagot.net\/Inicio\/wp-json\/wp\/v2\/types\/product"}],"replies":[{"embeddable":true,"href":"https:\/\/ortopediagot.net\/Inicio\/wp-json\/wp\/v2\/comments?post=2455"}],"wp:featuredmedia":[{"embeddable":true,"href":"https:\/\/ortopediagot.net\/Inicio\/wp-json\/wp\/v2\/media\/2456"}],"wp:attachment":[{"href":"https:\/\/ortopediagot.net\/Inicio\/wp-json\/wp\/v2\/media?parent=2455"}],"wp:term":[{"taxonomy":"product_brand","embeddable":true,"href":"https:\/\/ortopediagot.net\/Inicio\/wp-json\/wp\/v2\/product_brand?post=2455"},{"taxonomy":"product_cat","embeddable":true,"href":"https:\/\/ortopediagot.net\/Inicio\/wp-json\/wp\/v2\/product_cat?post=2455"},{"taxonomy":"product_tag","embeddable":true,"href":"https:\/\/ortopediagot.net\/Inicio\/wp-json\/wp\/v2\/product_tag?post=2455"}],"curies":[{"name":"wp","href":"https:\/\/api.w.org\/{rel}","templated":true}]}}