{"id":2457,"date":"2024-05-31T18:37:34","date_gmt":"2024-05-31T17:37:34","guid":{"rendered":"https:\/\/ortopediagot.net\/?post_type=product&#038;p=2457"},"modified":"2024-06-04T09:48:12","modified_gmt":"2024-06-04T08:48:12","slug":"andador-de-dos-ruedas-ara-d-826223-turquoise-826223-vanille-826223-pistache","status":"publish","type":"product","link":"https:\/\/ortopediagot.net\/Inicio\/producto\/andador-de-dos-ruedas-ara-d-826223-turquoise-826223-vanille-826223-pistache\/","title":{"rendered":"ANDADOR DE DOS RUEDAS ARA-D"},"content":{"rendered":"<div>ANDADOR DE DOS RUEDAS ARA-D (826223.TURQUOISE, 826223.VANILLE, 826223.PISTACHE)<\/div>\n<div><\/div>\n<div class=\"tsf-campo-acf-titulo tsf-campo-acf-titulo-caracteristicas tsf_campo-acf tsf_caracteristicas\"><strong>Caracter\u00edsticas<\/strong><\/div>\n<div><\/div>\n<div class=\"tsf-campo-acf-valores tsf-campo-acf-valores-caracteristicas tsf_campo-acf tsf_caracteristicas\">Ruedas delanteras direccionables.<br \/>\nEstructura plegable para transporte y almacenamiento.<br \/>\nRuedas de di\u00e1metro de 15 cm.<br \/>\nEmpu\u00f1aduras anat\u00f3micas.<br \/>\nEstructura de aluminio y piezas termopl\u00e1sticas.<br \/>\nDimensiones: ancho 57 x profundidad 66 x alto 83\/95 cm.<br \/>\nAltura del asiento: 53 cm.<br \/>\nUltraligero: peso 3,2 kg.<\/div>\n<div class=\"tsf-campo-acf-titulo tsf-campo-acf-titulo-pa_colores tsf_campo-acf tsf_pa_colores\"><\/div>\n<div><strong>Color<\/strong><\/div>\n<div><\/div>\n<div class=\"tsf-campo-acf-valores tsf-campo-acf-valores-pa_colores tsf_campo-acf tsf_pa_colores\">PISTACHO, TURQUESA, VAINILLA<\/div>\n","protected":false},"excerpt":{"rendered":"<p>ANDADOR DE DOS RUEDAS ARA-D (826223.TURQUOISE, 826223.VANILLE, 826223.PISTACHE) Caracter\u00edsticas Ruedas delanteras direccionables. Estructura plegable para transporte y almacenamiento. Ruedas de di\u00e1metro de 15 cm. Empu\u00f1aduras anat\u00f3micas. Estructura de aluminio y piezas termopl\u00e1sticas. Dimensiones: ancho 57 x profundidad 66 x alto 83\/95 cm. Altura del asiento: 53 cm. Ultraligero: peso 3,2 kg. Color PISTACHO, TURQUESA, VAINILLA<\/p>\n","protected":false},"featured_media":2459,"comment_status":"open","ping_status":"closed","template":"","meta":{"saved_in_kubio":false},"product_brand":[],"product_cat":[60],"product_tag":[118],"class_list":{"0":"post-2457","1":"product","2":"type-product","3":"status-publish","4":"has-post-thumbnail","6":"product_cat-andadores","7":"product_tag-emo","9":"first","10":"instock","11":"shipping-taxable","12":"product-type-simple"},"_links":{"self":[{"href":"https:\/\/ortopediagot.net\/Inicio\/wp-json\/wp\/v2\/product\/2457"}],"collection":[{"href":"https:\/\/ortopediagot.net\/Inicio\/wp-json\/wp\/v2\/product"}],"about":[{"href":"https:\/\/ortopediagot.net\/Inicio\/wp-json\/wp\/v2\/types\/product"}],"replies":[{"embeddable":true,"href":"https:\/\/ortopediagot.net\/Inicio\/wp-json\/wp\/v2\/comments?post=2457"}],"wp:featuredmedia":[{"embeddable":true,"href":"https:\/\/ortopediagot.net\/Inicio\/wp-json\/wp\/v2\/media\/2459"}],"wp:attachment":[{"href":"https:\/\/ortopediagot.net\/Inicio\/wp-json\/wp\/v2\/media?parent=2457"}],"wp:term":[{"taxonomy":"product_brand","embeddable":true,"href":"https:\/\/ortopediagot.net\/Inicio\/wp-json\/wp\/v2\/product_brand?post=2457"},{"taxonomy":"product_cat","embeddable":true,"href":"https:\/\/ortopediagot.net\/Inicio\/wp-json\/wp\/v2\/product_cat?post=2457"},{"taxonomy":"product_tag","embeddable":true,"href":"https:\/\/ortopediagot.net\/Inicio\/wp-json\/wp\/v2\/product_tag?post=2457"}],"curies":[{"name":"wp","href":"https:\/\/api.w.org\/{rel}","templated":true}]}}