{"id":2461,"date":"2024-06-03T10:57:58","date_gmt":"2024-06-03T09:57:58","guid":{"rendered":"https:\/\/ortopediagot.net\/?post_type=product&#038;p=2461"},"modified":"2024-06-03T11:05:08","modified_gmt":"2024-06-03T10:05:08","slug":"quickie-q700-up-f-sedeo-pro-advanced-silla-de-ruedas-electrica-con-bipedestacion","status":"publish","type":"product","link":"https:\/\/ortopediagot.net\/Inicio\/producto\/quickie-q700-up-f-sedeo-pro-advanced-silla-de-ruedas-electrica-con-bipedestacion\/","title":{"rendered":"QUICKIE Q700-UP F SEDEO PRO ADVANCED SILLA DE RUEDAS EL\u00c9CTRICA CON BIPEDESTACI\u00d3N"},"content":{"rendered":"<p><strong>QUICKIE Q700-UP F SEDEO PRO ADVANCEDSILLA DE RUEDAS EL\u00c9CTRICA CON BIPEDESTACI\u00d3N<\/strong><\/p>\n<p><strong>Silla de alta gama con bipedestaci\u00f3n con tracci\u00f3n delantera y sistema de asiento multiposici\u00f3n Sedeo Pro Advanced<\/strong><\/p>\n<p>Disfruta de todos los beneficios sociales y para la salud de la bipedestaci\u00f3n con la silla de ruedas Q700-UP F Sedeo Pro Advanced, combinados con la capacidad de abordar los giros m\u00e1s pronunciados, la posibilidad de aproximarse muy cerca a sitios y objetos y un resistente rendimiento en exteriores gracias a su tracci\u00f3n delantera. Su sistema de asiento biomec\u00e1nico e inteligente permite que la silla se adapte y reaccione al movimiento de tu cuerpo, y es que est\u00e1 dise\u00f1ado para garantizar una buena postura en sedestaci\u00f3n durante todo el d\u00eda, y tambi\u00e9n durante las transiciones. Con las funciones el\u00e9ctricas de asiento, podr\u00e1s personalizar completamente las secuencias de bipedestaci\u00f3n y las posiciones de tu asiento con tan s\u00f3lo pulsar un bot\u00f3n. Incluso podr\u00e1s hacer un seguimiento y controlar tu gesti\u00f3n de la presi\u00f3n con la App Remote Seating.<\/p>\n<p><strong>Sistema de asiento inteligente SEDEO PRO ADVANCED UP<\/strong><\/p>\n<p>Sistema de asiento de primera clase dise\u00f1ado espec\u00edficamente para las necesidades cl\u00ednicas m\u00e1s exigentes. Con su sistema \u00fanico patentado de transici\u00f3n de movimientos biom\u00e9trica, una gama completa de posiciones de asiento programables y la funcionalidad de bipedestaci\u00f3n, SEDEO PRO ADVANCED UP es m\u00e1s efectivo que cualquier otro sistema de asiento cuando se trata de realizar de forma independiente los cambios posturales a lo largo del d\u00eda.<\/p>\n<p><strong>Dispone de 6 posiciones de memoria<\/strong><\/p>\n<p>Accede f\u00e1cilmente a tus posiciones de asiento favoritas. Saca el mayor partido a las opciones de la silla de ruedas Q700-UP F Sedeo Pro Advanced con la memoria de posiciones de asiento. Puedes guardar hasta 6 posiciones y pasar f\u00e1cilmente de una a otra, sin la necesidad de navegar por los men\u00fas para encontrarlas. Con la caja de control Ctrl+5 podr\u00e1s acceder directa y c\u00f3modamente a la funci\u00f3n que necesites con tan solo pulsar un bot\u00f3n. \u00bfQuieres m\u00e1s de cinco funciones? No hay problema: puedes asignar hasta 10 comandos a cada caja.<\/p>\n<p><strong>Tracci\u00f3n delantera de alto rendimiento, en interiores y exteriores<\/strong><\/p>\n<p>Con sus ruedas motrices situadas en la parte delantera, la silla de ruedas el\u00e9ctrica Q700-UP F Sedeo Pro Advanced supera sin esfuerzo los giros m\u00e1s cerrados y permite realizar aproximaciones m\u00e1s cercanas en interiores con un rendimiento superior en exteriores. Con la suspensi\u00f3n independiente en todas las ruedas y el m\u00f3dulo de control opcional Gyro, disfruta de la conducci\u00f3n con tracci\u00f3n delantera m\u00e1s suave y estable y una tracci\u00f3n excelente, especialmente en los descensos pronunciados.<\/p>\n","protected":false},"excerpt":{"rendered":"<p>QUICKIE Q700-UP F SEDEO PRO ADVANCEDSILLA DE RUEDAS EL\u00c9CTRICA CON BIPEDESTACI\u00d3N Silla de alta gama con bipedestaci\u00f3n con tracci\u00f3n delantera y sistema de asiento multiposici\u00f3n Sedeo Pro Advanced Disfruta de todos los beneficios sociales y para la salud de la bipedestaci\u00f3n con la silla de ruedas Q700-UP F Sedeo Pro Advanced, combinados con la capacidad [&hellip;]<\/p>\n","protected":false},"featured_media":2462,"comment_status":"open","ping_status":"closed","template":"","meta":{"saved_in_kubio":false},"product_brand":[],"product_cat":[59,108],"product_tag":[121],"class_list":{"0":"post-2461","1":"product","2":"type-product","3":"status-publish","4":"has-post-thumbnail","6":"product_cat-bipedestadores","7":"product_cat-sillas-de-ruedas-electricas","8":"product_tag-quickie","10":"first","11":"instock","12":"shipping-taxable","13":"product-type-simple"},"_links":{"self":[{"href":"https:\/\/ortopediagot.net\/Inicio\/wp-json\/wp\/v2\/product\/2461"}],"collection":[{"href":"https:\/\/ortopediagot.net\/Inicio\/wp-json\/wp\/v2\/product"}],"about":[{"href":"https:\/\/ortopediagot.net\/Inicio\/wp-json\/wp\/v2\/types\/product"}],"replies":[{"embeddable":true,"href":"https:\/\/ortopediagot.net\/Inicio\/wp-json\/wp\/v2\/comments?post=2461"}],"wp:featuredmedia":[{"embeddable":true,"href":"https:\/\/ortopediagot.net\/Inicio\/wp-json\/wp\/v2\/media\/2462"}],"wp:attachment":[{"href":"https:\/\/ortopediagot.net\/Inicio\/wp-json\/wp\/v2\/media?parent=2461"}],"wp:term":[{"taxonomy":"product_brand","embeddable":true,"href":"https:\/\/ortopediagot.net\/Inicio\/wp-json\/wp\/v2\/product_brand?post=2461"},{"taxonomy":"product_cat","embeddable":true,"href":"https:\/\/ortopediagot.net\/Inicio\/wp-json\/wp\/v2\/product_cat?post=2461"},{"taxonomy":"product_tag","embeddable":true,"href":"https:\/\/ortopediagot.net\/Inicio\/wp-json\/wp\/v2\/product_tag?post=2461"}],"curies":[{"name":"wp","href":"https:\/\/api.w.org\/{rel}","templated":true}]}}