{"id":2464,"date":"2024-06-03T11:19:45","date_gmt":"2024-06-03T10:19:45","guid":{"rendered":"https:\/\/ortopediagot.net\/?post_type=product&#038;p=2464"},"modified":"2024-06-03T11:19:46","modified_gmt":"2024-06-03T10:19:46","slug":"quickie-q700-m-sedeo-pro-advanced","status":"publish","type":"product","link":"https:\/\/ortopediagot.net\/Inicio\/producto\/quickie-q700-m-sedeo-pro-advanced\/","title":{"rendered":"QUICKIE Q700 M SEDEO PRO ADVANCED"},"content":{"rendered":"<p><strong>SILLA DE RUEDAS EL\u00c9CTRICA CON TRACCI\u00d3N CENTRAL<\/strong><\/p>\n<p>Silla de gama alta para exterior, con tracci\u00f3n central y sistema de asiento multiposici\u00f3n Sedeo Pro Advanced<\/p>\n<p>Disfruta con la Q700 M de un rendimiento superior en exteriores, con las ventajas que tanto aprecias en una silla de ruedas con tracci\u00f3n central, como un radio de giro incre\u00edblemente peque\u00f1o, una excelente maniobrabilidad en interiores y la conducci\u00f3n m\u00e1s intuitiva.<\/p>\n<p>Su revolucionario sistema de suspensi\u00f3n SpiderTrac\u2122 proporciona estabilidad y una marcha suave en los terrenos m\u00e1s dif\u00edciles y al superar obst\u00e1culos gracias al movimiento y la suspensi\u00f3n independientes de las seis ruedas. Y mantente siempre en tu camino con el m\u00f3dulo de control Gyro.<\/p>\n<p>Equipada con el avanzado sistema de asiento biomec\u00e1nico SEDEO PRO ADVANCED que refleja la posici\u00f3n natural de tu cuerpo para garantizarte una postura correcta en sedestaci\u00f3n\u2026 \u00a1incluso durante las transiciones!<\/p>\n<p>Adem\u00e1s, con la gran cantidad de opciones el\u00e9ctricas de asiento disponible (como el C-Me), y gracias a la tecnolog\u00eda de botones asignables patentados de QUICKIE, podr\u00e1s beneficiarte de las ventajas de las 6 posiciones de memoria de asiento haciendo que todas sus posiciones y transiciones favoritas est\u00e9n disponibles con s\u00f3lo pulsar un bot\u00f3n.<\/p>\n<p><strong>Tracci\u00f3n central. Rendimiento. Evoluci\u00f3n<\/strong><\/p>\n<p>Gracias a su avanzada base, la silla de ruedas Q700M ha marcado un antes y un despu\u00e9s en la tecnolog\u00eda de las sillas de ruedas el\u00e9ctricas con tracci\u00f3n central. Este modelo combina la maniobrabilidad m\u00e1s ajustada en interiores con un rendimiento superior en exteriores (que proporciona el movimiento y suspensi\u00f3n independientes de sus seis ruedas) para que te mantengas seguro y estable incluso en los terrenos m\u00e1s dif\u00edciles.<\/p>\n<p><strong>Sistema de Asiento Inteligente SEDEO PRO ADVANCED<\/strong><\/p>\n<p>Un sistema de asiento de primera clase dise\u00f1ado espec\u00edficamente para las necesidades cl\u00ednicas m\u00e1s exigentes. SEDEO PRO ADVANCED, con su sistema \u00fanico patentado de transici\u00f3n de movimientos biom\u00e9trica y una completa gama de posiciones de asiento programables, es m\u00e1s efectivo que ning\u00fan otro sistema de asiento cuando se trata de realizar de forma independiente los cambios posturales a lo largo del d\u00eda.<\/p>\n<p><strong>Accede f\u00e1cilmente a tus posiciones de asiento favoritas<\/strong><\/p>\n<p>Saca el mayor partido a las opciones de la silla de ruedas Q700 M SEDEO PRO ADVANCED con la memoria de posiciones de asiento. Puedes guardar hasta 6 posiciones y pasar f\u00e1cilmente de una a otra, sin la necesidad de navegar por los men\u00fas para encontrarlas. Con la caja de control Ctrl+5 podr\u00e1s acceder directa y c\u00f3modamente a la funci\u00f3n que necesites con tan solo pulsar un bot\u00f3n. \u00bfQuieres m\u00e1s de cinco funciones? No hay problema: puedes asignar hasta 10 comandos a cada caja.<\/p>\n","protected":false},"excerpt":{"rendered":"<p>SILLA DE RUEDAS EL\u00c9CTRICA CON TRACCI\u00d3N CENTRAL Silla de gama alta para exterior, con tracci\u00f3n central y sistema de asiento multiposici\u00f3n Sedeo Pro Advanced Disfruta con la Q700 M de un rendimiento superior en exteriores, con las ventajas que tanto aprecias en una silla de ruedas con tracci\u00f3n central, como un radio de giro incre\u00edblemente [&hellip;]<\/p>\n","protected":false},"featured_media":2465,"comment_status":"open","ping_status":"closed","template":"","meta":{"saved_in_kubio":false},"product_brand":[],"product_cat":[108],"product_tag":[121],"class_list":{"0":"post-2464","1":"product","2":"type-product","3":"status-publish","4":"has-post-thumbnail","6":"product_cat-sillas-de-ruedas-electricas","7":"product_tag-quickie","9":"first","10":"instock","11":"shipping-taxable","12":"product-type-simple"},"_links":{"self":[{"href":"https:\/\/ortopediagot.net\/Inicio\/wp-json\/wp\/v2\/product\/2464"}],"collection":[{"href":"https:\/\/ortopediagot.net\/Inicio\/wp-json\/wp\/v2\/product"}],"about":[{"href":"https:\/\/ortopediagot.net\/Inicio\/wp-json\/wp\/v2\/types\/product"}],"replies":[{"embeddable":true,"href":"https:\/\/ortopediagot.net\/Inicio\/wp-json\/wp\/v2\/comments?post=2464"}],"wp:featuredmedia":[{"embeddable":true,"href":"https:\/\/ortopediagot.net\/Inicio\/wp-json\/wp\/v2\/media\/2465"}],"wp:attachment":[{"href":"https:\/\/ortopediagot.net\/Inicio\/wp-json\/wp\/v2\/media?parent=2464"}],"wp:term":[{"taxonomy":"product_brand","embeddable":true,"href":"https:\/\/ortopediagot.net\/Inicio\/wp-json\/wp\/v2\/product_brand?post=2464"},{"taxonomy":"product_cat","embeddable":true,"href":"https:\/\/ortopediagot.net\/Inicio\/wp-json\/wp\/v2\/product_cat?post=2464"},{"taxonomy":"product_tag","embeddable":true,"href":"https:\/\/ortopediagot.net\/Inicio\/wp-json\/wp\/v2\/product_tag?post=2464"}],"curies":[{"name":"wp","href":"https:\/\/api.w.org\/{rel}","templated":true}]}}