{"id":2475,"date":"2024-06-03T12:43:24","date_gmt":"2024-06-03T11:43:24","guid":{"rendered":"https:\/\/ortopediagot.net\/?post_type=product&#038;p=2475"},"modified":"2024-06-03T12:43:24","modified_gmt":"2024-06-03T11:43:24","slug":"quickie-q300-r-sedeo-lite","status":"publish","type":"product","link":"https:\/\/ortopediagot.net\/Inicio\/producto\/quickie-q300-r-sedeo-lite\/","title":{"rendered":"QUICKIE Q300 R Sedeo Lite"},"content":{"rendered":"<p><strong>La silla de ruedas el\u00e9ctrica compacta con tracci\u00f3n trasera<\/strong><\/p>\n<p>Con la Q300 R Sedeo Lite, ya no tendr\u00e1s que renunciar a nada. En interiores, es muy \u00e1gil y maniobrable: con una base s\u00faper estrecha ideal para maniobrar en espacios reducidos. Sin embargo, si te gustan las aventuras en el exterior, esta silla cuenta con una tracci\u00f3n excelente, un potente motor y un rendimiento de conducci\u00f3n que compite con otras sillas el\u00e9ctricas de mayores dimensiones.<\/p>\n<p>Nuestro dise\u00f1o de tracci\u00f3n trasera marca la diferencia. La silla de ruedas el\u00e9ctrica Q300 R Sedeo Lite posee una base meticulosamente probada y refinada que proporciona el equilibrio perfecto entre estabilidad y tama\u00f1o. Es una base que permite regular el centro de gravedad para maximizar la tracci\u00f3n.<\/p>\n<p>El sofisticado sistema de asiento SEDEO LITE te proporcionar\u00e1 el soporte cl\u00ednico que necesitas. Disponible con una gran cantidad de opciones de asiento el\u00e9ctricas, llamativos colores para la carcasa y detalles de color para deslumbrar, la silla de ruedas el\u00e9ctrica Q300 R se ve (y se siente) incre\u00edble tanto por dentro como por fuera.<\/p>\n","protected":false},"excerpt":{"rendered":"<p>La silla de ruedas el\u00e9ctrica compacta con tracci\u00f3n trasera Con la Q300 R Sedeo Lite, ya no tendr\u00e1s que renunciar a nada. En interiores, es muy \u00e1gil y maniobrable: con una base s\u00faper estrecha ideal para maniobrar en espacios reducidos. Sin embargo, si te gustan las aventuras en el exterior, esta silla cuenta con una [&hellip;]<\/p>\n","protected":false},"featured_media":2476,"comment_status":"open","ping_status":"closed","template":"","meta":{"saved_in_kubio":false},"product_brand":[],"product_cat":[108],"product_tag":[121],"class_list":{"0":"post-2475","1":"product","2":"type-product","3":"status-publish","4":"has-post-thumbnail","6":"product_cat-sillas-de-ruedas-electricas","7":"product_tag-quickie","9":"first","10":"instock","11":"shipping-taxable","12":"product-type-simple"},"_links":{"self":[{"href":"https:\/\/ortopediagot.net\/Inicio\/wp-json\/wp\/v2\/product\/2475"}],"collection":[{"href":"https:\/\/ortopediagot.net\/Inicio\/wp-json\/wp\/v2\/product"}],"about":[{"href":"https:\/\/ortopediagot.net\/Inicio\/wp-json\/wp\/v2\/types\/product"}],"replies":[{"embeddable":true,"href":"https:\/\/ortopediagot.net\/Inicio\/wp-json\/wp\/v2\/comments?post=2475"}],"wp:featuredmedia":[{"embeddable":true,"href":"https:\/\/ortopediagot.net\/Inicio\/wp-json\/wp\/v2\/media\/2476"}],"wp:attachment":[{"href":"https:\/\/ortopediagot.net\/Inicio\/wp-json\/wp\/v2\/media?parent=2475"}],"wp:term":[{"taxonomy":"product_brand","embeddable":true,"href":"https:\/\/ortopediagot.net\/Inicio\/wp-json\/wp\/v2\/product_brand?post=2475"},{"taxonomy":"product_cat","embeddable":true,"href":"https:\/\/ortopediagot.net\/Inicio\/wp-json\/wp\/v2\/product_cat?post=2475"},{"taxonomy":"product_tag","embeddable":true,"href":"https:\/\/ortopediagot.net\/Inicio\/wp-json\/wp\/v2\/product_tag?post=2475"}],"curies":[{"name":"wp","href":"https:\/\/api.w.org\/{rel}","templated":true}]}}