{"id":2482,"date":"2024-06-03T13:06:25","date_gmt":"2024-06-03T12:06:25","guid":{"rendered":"https:\/\/ortopediagot.net\/?post_type=product&#038;p=2482"},"modified":"2024-06-03T13:06:26","modified_gmt":"2024-06-03T12:06:26","slug":"rgk-octane-sub4","status":"publish","type":"product","link":"https:\/\/ortopediagot.net\/Inicio\/producto\/rgk-octane-sub4\/","title":{"rendered":"RGK Octane Sub4"},"content":{"rendered":"<p>SILLA DE RUEDAS LIGERA<\/p>\n<p>Armaz\u00f3n de titanio fabricado de manera personalizada y tecnolog\u00eda Sub4 en perfecta armon\u00eda<\/p>\n<p>La silla de ruedas de titanio m\u00e1s ligera. Fabricada seg\u00fan tus medidas. Menos de 4 kg, \u00a1garantizado!<\/p>\n<p>Esta silla es el resultado de combinar un dise\u00f1o cl\u00e1sico de chasis junto con la tecnolog\u00eda Sub4 en titanio GRADO 9, el titanio de m\u00e1s alto nivel. Con una conducci\u00f3n s\u00faper c\u00f3moda gracias a las propiedades del titanio, nace un modelo ultra ligero (menos de 4kg*) y r\u00edgido al mismo tiempo que se adapta a la perfecci\u00f3n a ti y a tu estilo de vida.<\/p>\n<p>La silla de ruedas ultraligera Octane Sub4 se dise\u00f1a y fabrica de forma individualizada seg\u00fan tus medidas individuales, con la dedicaci\u00f3n y el cuidado de la fabricaci\u00f3n artesanal propia de RGK. Y eso indudablemente se nota.<\/p>\n<p><strong>DURABILIDAD SIN PRECEDENTES<\/strong><\/p>\n<p>Asciende a un nuevo nivel y descubre con la RGK Octane Sub4 una silla de ruedas de titanio fabricada de manera personalizada con muchas caracter\u00edsticas impresionantes.<\/p>\n<p><strong>ESTILO Y FUNCIONALIDAD<\/strong><\/p>\n<p>La silla de ruedas de titanio RGK Octane Sub4 llama la atenci\u00f3n por su dise\u00f1o, pero tambi\u00e9n por su funcionalidad. Equipada de serie con protectores laterales de fibra de carbono y plataforma reposapi\u00e9s ligera de carbono. \u00a1Brillante!<\/p>\n<p><strong>DISE\u00d1O OPTIMIZADO DEL TUBO DE LA HORQUILLA Y TUBO DEL EJE<\/strong><\/p>\n<p>El dise\u00f1o optimizado del tubo de la horquilla junto con el dise\u00f1o del eje monotubo, har\u00e1n que disfrutes del estilo y rendimiento que te mereces.<\/p>\n<p><strong>MENOS DE 4 KG &#8211; \u00a1GARANTIZADO!<\/strong><\/p>\n<p>\u00a1\u00danica en su especie! Octane Sub4 es la primera silla de ruedas de titanio personalizada con un peso garantizado por debajo de los 4 kg. Disfruta de una silla de ruedas ultraligera y r\u00edgida, cuidadosamente dise\u00f1ada para adaptarse como un guante a ti y a tu estilo de vida.<\/p>\n<p><strong>TAPICER\u00cdA AIRTECH SUB4<\/strong><\/p>\n<p>Con el mejor dise\u00f1o, materiales y las fijaciones m\u00e1s ligeras, la tapicer\u00eda de asiento de la RGK Octane Sub4 se ajusta en tensi\u00f3n e incorpora hebillas de titanio de bajo perfil para un mejor soporte y posicionamiento. Material transpirable dise\u00f1ado espec\u00edficamente para mantener tu piel ventilada . Y, adem\u00e1s, ligera y resistente, con laterales reforzados en Kevlar.<\/p>\n<p><strong>TECNOLOG\u00cdA EN TITANIO<\/strong><\/p>\n<p>Hemos reimaginado por completo c\u00f3mo debe comportarse y hacerte sentir una silla de ruedas de titanio. Reduciendo su peso por debajo de 4 kg gracias a la tecnolog\u00eda Sub4, esta silla marcar\u00e1 una diferencia significativa en cada aspecto de tu vida.<\/p>\n<ul>\n<li>SUAVIDAD DE MARCHA<\/li>\n<li>TITANIO GRADO 9<\/li>\n<li>LA MEJOR RELACI\u00d3N DUREZA-LIGEREZA<\/li>\n<li>FABRICADA PARA DURAR<\/li>\n<\/ul>\n","protected":false},"excerpt":{"rendered":"<p>SILLA DE RUEDAS LIGERA Armaz\u00f3n de titanio fabricado de manera personalizada y tecnolog\u00eda Sub4 en perfecta armon\u00eda La silla de ruedas de titanio m\u00e1s ligera. Fabricada seg\u00fan tus medidas. Menos de 4 kg, \u00a1garantizado! Esta silla es el resultado de combinar un dise\u00f1o cl\u00e1sico de chasis junto con la tecnolog\u00eda Sub4 en titanio GRADO 9, [&hellip;]<\/p>\n","protected":false},"featured_media":2483,"comment_status":"open","ping_status":"closed","template":"","meta":{"saved_in_kubio":false},"product_brand":[],"product_cat":[41],"product_tag":[123],"class_list":{"0":"post-2482","1":"product","2":"type-product","3":"status-publish","4":"has-post-thumbnail","6":"product_cat-sillas-de-ruedas-2","7":"product_tag-rgk","9":"first","10":"instock","11":"shipping-taxable","12":"product-type-simple"},"_links":{"self":[{"href":"https:\/\/ortopediagot.net\/Inicio\/wp-json\/wp\/v2\/product\/2482"}],"collection":[{"href":"https:\/\/ortopediagot.net\/Inicio\/wp-json\/wp\/v2\/product"}],"about":[{"href":"https:\/\/ortopediagot.net\/Inicio\/wp-json\/wp\/v2\/types\/product"}],"replies":[{"embeddable":true,"href":"https:\/\/ortopediagot.net\/Inicio\/wp-json\/wp\/v2\/comments?post=2482"}],"wp:featuredmedia":[{"embeddable":true,"href":"https:\/\/ortopediagot.net\/Inicio\/wp-json\/wp\/v2\/media\/2483"}],"wp:attachment":[{"href":"https:\/\/ortopediagot.net\/Inicio\/wp-json\/wp\/v2\/media?parent=2482"}],"wp:term":[{"taxonomy":"product_brand","embeddable":true,"href":"https:\/\/ortopediagot.net\/Inicio\/wp-json\/wp\/v2\/product_brand?post=2482"},{"taxonomy":"product_cat","embeddable":true,"href":"https:\/\/ortopediagot.net\/Inicio\/wp-json\/wp\/v2\/product_cat?post=2482"},{"taxonomy":"product_tag","embeddable":true,"href":"https:\/\/ortopediagot.net\/Inicio\/wp-json\/wp\/v2\/product_tag?post=2482"}],"curies":[{"name":"wp","href":"https:\/\/api.w.org\/{rel}","templated":true}]}}