{"id":2484,"date":"2024-06-03T13:15:56","date_gmt":"2024-06-03T12:15:56","guid":{"rendered":"https:\/\/ortopediagot.net\/?post_type=product&#038;p=2484"},"modified":"2024-06-03T13:15:56","modified_gmt":"2024-06-03T12:15:56","slug":"rgk-hilite","status":"publish","type":"product","link":"https:\/\/ortopediagot.net\/Inicio\/producto\/rgk-hilite\/","title":{"rendered":"RGK Hilite"},"content":{"rendered":"<p><strong>SILLA DE RUEDAS LIGERA<\/strong><\/p>\n<p>Silla de ruedas personalizada en titanio. M\u00e1xima eficiencia y comodidad de conducci\u00f3n.<\/p>\n<p>Su dise\u00f1o y fabricaci\u00f3n con tubos de titanio de 25 mm confieren a la Hilite la est\u00e9tica m\u00e1s elegante.<\/p>\n<p>Sus curvaturas limpias proporcionan un look cl\u00e1sico muy atractivo. Disponible en opci\u00f3n de armaz\u00f3n abierto o cerrado.<\/p>\n<p>Siente la comodidad del Titanio y la eficiencia en la conducci\u00f3n que proporciona el chasis r\u00edgido fabricado a tu forma, adaptado completamente a ti.<\/p>\n<p>\u00a1Descubre como tu Hilite se mueve contigo nada m\u00e1s tocarla!<\/p>\n<p>Caracter\u00edsticas Hilite<\/p>\n<ul>\n<li>Chasis R\u00edgido TITANIO<\/li>\n<li>Totalmente personalizable<\/li>\n<li>Est\u00e9tica Elegante con tubos de 25 mm<\/li>\n<li>Conducci\u00f3n Suave, C\u00f3moda y Eficiente<\/li>\n<li>Opci\u00f3n de armaz\u00f3n Abierto o Cerrado<\/li>\n<li>Centro de gravedad Fijo o Ajustable<\/li>\n<li>Respaldo Fijo (Integrado en chasis) o Plegable<\/li>\n<li>Opci\u00f3n de Asiento y Respaldo Ergon\u00f3mico<\/li>\n<li>M\u00faltiples opciones de accesorios<\/li>\n<li>Tapicer\u00eda de asiento y respaldo ajustable en tensi\u00f3n AirTech<\/li>\n<li>Peso m\u00e1x. usuario 125 kg<\/li>\n<li>Horquilla \u201clow ride\u201d<\/li>\n<li>Posici\u00f3n del tubo de la horquilla personalizada (altura, anchura y \u00e1ngulo).<\/li>\n<\/ul>\n<p><strong>Soportes laterales ajustables integrados<\/strong><\/p>\n<p>Esta opci\u00f3n ofrece estabilidad lateral extra para aquellos usuarios que necesiten m\u00e1s soporte lateral que el que ofrece la tapicer\u00eda.<\/p>\n<p><strong>siento y respaldo ergon\u00f3mico (opcional)<\/strong><\/p>\n<p>El dise\u00f1o del asiento ergon\u00f3mico con su secci\u00f3n en cu\u00f1a y su secci\u00f3n horizontal optimiza la estabilidad p\u00e9lvica, facilita la propulsi\u00f3n de la silla y minimiza la fricci\u00f3n para proteger la piel.<\/p>\n<p><strong>Tapicer\u00eda Ajustable en tensi\u00f3n AirTech (Std)<\/strong><\/p>\n","protected":false},"excerpt":{"rendered":"<p>SILLA DE RUEDAS LIGERA Silla de ruedas personalizada en titanio. M\u00e1xima eficiencia y comodidad de conducci\u00f3n. Su dise\u00f1o y fabricaci\u00f3n con tubos de titanio de 25 mm confieren a la Hilite la est\u00e9tica m\u00e1s elegante. Sus curvaturas limpias proporcionan un look cl\u00e1sico muy atractivo. Disponible en opci\u00f3n de armaz\u00f3n abierto o cerrado. Siente la comodidad [&hellip;]<\/p>\n","protected":false},"featured_media":2485,"comment_status":"open","ping_status":"closed","template":"","meta":{"saved_in_kubio":false},"product_brand":[],"product_cat":[41],"product_tag":[123],"class_list":{"0":"post-2484","1":"product","2":"type-product","3":"status-publish","4":"has-post-thumbnail","6":"product_cat-sillas-de-ruedas-2","7":"product_tag-rgk","9":"first","10":"instock","11":"shipping-taxable","12":"product-type-simple"},"_links":{"self":[{"href":"https:\/\/ortopediagot.net\/Inicio\/wp-json\/wp\/v2\/product\/2484"}],"collection":[{"href":"https:\/\/ortopediagot.net\/Inicio\/wp-json\/wp\/v2\/product"}],"about":[{"href":"https:\/\/ortopediagot.net\/Inicio\/wp-json\/wp\/v2\/types\/product"}],"replies":[{"embeddable":true,"href":"https:\/\/ortopediagot.net\/Inicio\/wp-json\/wp\/v2\/comments?post=2484"}],"wp:featuredmedia":[{"embeddable":true,"href":"https:\/\/ortopediagot.net\/Inicio\/wp-json\/wp\/v2\/media\/2485"}],"wp:attachment":[{"href":"https:\/\/ortopediagot.net\/Inicio\/wp-json\/wp\/v2\/media?parent=2484"}],"wp:term":[{"taxonomy":"product_brand","embeddable":true,"href":"https:\/\/ortopediagot.net\/Inicio\/wp-json\/wp\/v2\/product_brand?post=2484"},{"taxonomy":"product_cat","embeddable":true,"href":"https:\/\/ortopediagot.net\/Inicio\/wp-json\/wp\/v2\/product_cat?post=2484"},{"taxonomy":"product_tag","embeddable":true,"href":"https:\/\/ortopediagot.net\/Inicio\/wp-json\/wp\/v2\/product_tag?post=2484"}],"curies":[{"name":"wp","href":"https:\/\/api.w.org\/{rel}","templated":true}]}}