{"id":2486,"date":"2024-06-03T13:22:53","date_gmt":"2024-06-03T12:22:53","guid":{"rendered":"https:\/\/ortopediagot.net\/?post_type=product&#038;p=2486"},"modified":"2024-06-03T13:22:54","modified_gmt":"2024-06-03T12:22:54","slug":"rgk-frontwheel","status":"publish","type":"product","link":"https:\/\/ortopediagot.net\/Inicio\/producto\/rgk-frontwheel\/","title":{"rendered":"RGK Frontwheel"},"content":{"rendered":"<p><strong>Rueda frontal todoterreno para sillas de ruedas ligeras RGK<\/strong><\/p>\n<p>Si ya disfrutas de la ligereza y agilidad de movimientos que te ofrece tu silla de ruedas ligera RGK, pi\u00e9nsalo&#8230;\u00bfpor qu\u00e9 quedarte ah\u00ed? Prepar\u00e1te a descubrir nuevos horizontes con la rueda frontal todoterreno RGK. Ac\u00f3plala a tu silla de ruedas y disfruta de una experiencia de conducci\u00f3n incomparable y una libertad m\u00e1xima en cualquier superficie.<\/p>\n<p>La rueda frontal todoterreno RGK facilita la propulsi\u00f3n en c\u00e9sped, arena, barro, adoquines y otros terrenos irregulares, manteniendo las ruedas delanteras sin contacto con el suelo en la propulsi\u00f3n en todas las direcciones, incluido hacia atr\u00e1s<\/p>\n<p><strong>M\u00e1xima libertad en todas las superficies<\/strong><\/p>\n<p>Compuesta por una rueda neum\u00e1tica de 200&#215;50 con horquilla anti-vibraci\u00f3n, la rueda frontal todoterreno RGK facilita la propulsi\u00f3n sobre cualquier terreno ayud\u00e1ndote a llegar ah\u00ed donde te propongas.<\/p>\n<p><strong>\u00a1Lista en segundos!<\/strong><\/p>\n<p>Su robusto sistema con 3 puntos de anclaje en el chasis hace que pueda instalarse f\u00e1cilmente, en cuesti\u00f3n de segundos.<\/p>\n<p><strong>M\u00e1xima rigidez<\/strong><\/p>\n<p>La rueda frontal todoterreno Frontwheel se acopla al armaz\u00f3n por debajo del reposapi\u00e9s para incrementar la rigidez. Puede instalarse con el usuario sentado en la silla y bloquearse en posici\u00f3n elevada cuando no vaya a usarse.<\/p>\n<p><strong>Compatible con sillas ligeras RGK<\/strong><\/p>\n<p>Frontwheel es compatible con toda la gama de sillas de ruedas ligeras RGK (excepto la Veypr Sub4).<\/p>\n","protected":false},"excerpt":{"rendered":"<p>Rueda frontal todoterreno para sillas de ruedas ligeras RGK Si ya disfrutas de la ligereza y agilidad de movimientos que te ofrece tu silla de ruedas ligera RGK, pi\u00e9nsalo&#8230;\u00bfpor qu\u00e9 quedarte ah\u00ed? Prepar\u00e1te a descubrir nuevos horizontes con la rueda frontal todoterreno RGK. Ac\u00f3plala a tu silla de ruedas y disfruta de una experiencia de [&hellip;]<\/p>\n","protected":false},"featured_media":2487,"comment_status":"open","ping_status":"closed","template":"","meta":{"saved_in_kubio":false},"product_brand":[],"product_cat":[41],"product_tag":[123],"class_list":{"0":"post-2486","1":"product","2":"type-product","3":"status-publish","4":"has-post-thumbnail","6":"product_cat-sillas-de-ruedas-2","7":"product_tag-rgk","9":"first","10":"instock","11":"shipping-taxable","12":"product-type-simple"},"_links":{"self":[{"href":"https:\/\/ortopediagot.net\/Inicio\/wp-json\/wp\/v2\/product\/2486"}],"collection":[{"href":"https:\/\/ortopediagot.net\/Inicio\/wp-json\/wp\/v2\/product"}],"about":[{"href":"https:\/\/ortopediagot.net\/Inicio\/wp-json\/wp\/v2\/types\/product"}],"replies":[{"embeddable":true,"href":"https:\/\/ortopediagot.net\/Inicio\/wp-json\/wp\/v2\/comments?post=2486"}],"wp:featuredmedia":[{"embeddable":true,"href":"https:\/\/ortopediagot.net\/Inicio\/wp-json\/wp\/v2\/media\/2487"}],"wp:attachment":[{"href":"https:\/\/ortopediagot.net\/Inicio\/wp-json\/wp\/v2\/media?parent=2486"}],"wp:term":[{"taxonomy":"product_brand","embeddable":true,"href":"https:\/\/ortopediagot.net\/Inicio\/wp-json\/wp\/v2\/product_brand?post=2486"},{"taxonomy":"product_cat","embeddable":true,"href":"https:\/\/ortopediagot.net\/Inicio\/wp-json\/wp\/v2\/product_cat?post=2486"},{"taxonomy":"product_tag","embeddable":true,"href":"https:\/\/ortopediagot.net\/Inicio\/wp-json\/wp\/v2\/product_tag?post=2486"}],"curies":[{"name":"wp","href":"https:\/\/api.w.org\/{rel}","templated":true}]}}