{"id":2498,"date":"2024-06-03T16:51:51","date_gmt":"2024-06-03T15:51:51","guid":{"rendered":"https:\/\/ortopediagot.net\/?post_type=product&#038;p=2498"},"modified":"2024-06-03T16:51:51","modified_gmt":"2024-06-03T15:51:51","slug":"quickie-xenon%c2%b2","status":"publish","type":"product","link":"https:\/\/ortopediagot.net\/Inicio\/producto\/quickie-xenon%c2%b2\/","title":{"rendered":"QUICKIE Xenon\u00b2"},"content":{"rendered":"<p><strong>SILLA DE RUEDAS PLEGABLE<\/strong><\/p>\n<p>Silla de ruedas plegable de aluminio m\u00e1s ligera, desde 8,8 kg.<\/p>\n<p>Descubre con Xenon 2 un rendimiento superior y un plegado sin precedentes&#8230;Xenon 2 es la silla ideal para usuarios activos que no quieren renunciar a nada.<\/p>\n<p>Con un peso desde 8.8 kg y un dise\u00f1o \u00fanico de cruceta plana, la silla de ruedas ligera plegable QUICKIE Xenon 2 es sin duda la silla de ruedas de aluminio que estabas buscando y que te facilitar\u00e1 el a veces complicado proceso de transferencia de las sillas de ruedas. Es f\u00e1cil de plegar, levantar y transportar. Y todo ello con un dise\u00f1o minimalista y atractivo que nada tiene que envidiarle a las sillas r\u00edgidas.<\/p>\n<p><strong>Plegado sin precedentes<\/strong><\/p>\n<p>El alma de la nueva Xenon 2 es su cruceta; con un dise\u00f1o especial que se funde bajo el asiento haci\u00e9ndola casi imperceptible. Esto se traduce en una imagen limpia y minimalista, m\u00e1s propia de una silla con armaz\u00f3n r\u00edgido.<\/p>\n<ul>\n<li>Tecnolog\u00eda innovadora en el plegado<\/li>\n<li>Conjunto del eje<\/li>\n<li>Dise\u00f1o \u00fanico de cruceta<\/li>\n<\/ul>\n<p>Tapicer\u00eda de respaldo<\/p>\n","protected":false},"excerpt":{"rendered":"<p>SILLA DE RUEDAS PLEGABLE Silla de ruedas plegable de aluminio m\u00e1s ligera, desde 8,8 kg. Descubre con Xenon 2 un rendimiento superior y un plegado sin precedentes&#8230;Xenon 2 es la silla ideal para usuarios activos que no quieren renunciar a nada. Con un peso desde 8.8 kg y un dise\u00f1o \u00fanico de cruceta plana, la [&hellip;]<\/p>\n","protected":false},"featured_media":2499,"comment_status":"open","ping_status":"closed","template":"","meta":{"saved_in_kubio":false},"product_brand":[],"product_cat":[41],"product_tag":[121],"class_list":{"0":"post-2498","1":"product","2":"type-product","3":"status-publish","4":"has-post-thumbnail","6":"product_cat-sillas-de-ruedas-2","7":"product_tag-quickie","9":"first","10":"instock","11":"shipping-taxable","12":"product-type-simple"},"_links":{"self":[{"href":"https:\/\/ortopediagot.net\/Inicio\/wp-json\/wp\/v2\/product\/2498"}],"collection":[{"href":"https:\/\/ortopediagot.net\/Inicio\/wp-json\/wp\/v2\/product"}],"about":[{"href":"https:\/\/ortopediagot.net\/Inicio\/wp-json\/wp\/v2\/types\/product"}],"replies":[{"embeddable":true,"href":"https:\/\/ortopediagot.net\/Inicio\/wp-json\/wp\/v2\/comments?post=2498"}],"wp:featuredmedia":[{"embeddable":true,"href":"https:\/\/ortopediagot.net\/Inicio\/wp-json\/wp\/v2\/media\/2499"}],"wp:attachment":[{"href":"https:\/\/ortopediagot.net\/Inicio\/wp-json\/wp\/v2\/media?parent=2498"}],"wp:term":[{"taxonomy":"product_brand","embeddable":true,"href":"https:\/\/ortopediagot.net\/Inicio\/wp-json\/wp\/v2\/product_brand?post=2498"},{"taxonomy":"product_cat","embeddable":true,"href":"https:\/\/ortopediagot.net\/Inicio\/wp-json\/wp\/v2\/product_cat?post=2498"},{"taxonomy":"product_tag","embeddable":true,"href":"https:\/\/ortopediagot.net\/Inicio\/wp-json\/wp\/v2\/product_tag?post=2498"}],"curies":[{"name":"wp","href":"https:\/\/api.w.org\/{rel}","templated":true}]}}