{"id":2500,"date":"2024-06-03T16:53:11","date_gmt":"2024-06-03T15:53:11","guid":{"rendered":"https:\/\/ortopediagot.net\/?post_type=product&#038;p=2500"},"modified":"2024-06-03T16:53:12","modified_gmt":"2024-06-03T15:53:12","slug":"quickie-argon%c2%b2","status":"publish","type":"product","link":"https:\/\/ortopediagot.net\/Inicio\/producto\/quickie-argon%c2%b2\/","title":{"rendered":"QUICKIE Argon\u00b2"},"content":{"rendered":"<p><strong>SILLA DE RUEDAS R\u00cdGIDA<\/strong><\/p>\n<p>Silla activa, con armaz\u00f3n r\u00edgido de aluminio. Excelente conducci\u00f3n<\/p>\n<p>Argon 2 ha conseguido aunar en una sola silla las ventajas de un chasis r\u00edgido y de una silla ajustable. La rigidez que le confiere su estructura fija, junto con las posibilidades de regulaci\u00f3n de la silla, convierten a la nueva Argon 2 en la compa\u00f1era ideal para tu vida activa. Todo ello en un dise\u00f1o de armaz\u00f3n abierto y con una est\u00e9tica m\u00e1s moderna y deportiva que nunca.<\/p>\n<p><strong>Lo \u00faltimo en adaptabilidad<\/strong><\/p>\n<p>Argon 2 permite infinidad de ajustes, sin comprometer el rendimiento de la silla. La altura trasera de asiento es ajustable en incrementos de 1 cm, lo que permite conseguir distintos \u00e1ngulos de asiento. El centro de gravedad puede situarse en infinitas posiciones para seleccionar entre una conducci\u00f3n m\u00e1s activa o m\u00e1s pasiva. El \u00e1ngulo del respaldo es ajustable, as\u00ed como la altura del respaldo y la tensi\u00f3n de la tapicer\u00eda del respaldo &#8211; para que encuentres siempre la posici\u00f3n de asiento que mejor se adapte a ti.<\/p>\n<p><strong>Materiales y dise\u00f1o innovador<\/strong><\/p>\n<p>La b\u00fasqueda de nuevos materiales y tecnolog\u00edas ha sido la clave en el desarrollo de la nueva Argon 2. El material utilizado en la fabricaci\u00f3n de las nuevas horquillas es Carbotecture &#8211; un material de fibra de carbono, extremadamente fuerte y ligero. El dise\u00f1o curvado del tubo de la horquilla se ha conseguido mediante la t\u00e9cnica del Hydroforming, que permite obtener geometr\u00edas complejas del tubo con la mayor resistencia.<\/p>\n<p><strong>Dise\u00f1o resistente y duradero para una vida activa<\/strong><\/p>\n<p>El armaz\u00f3n est\u00e1 disponible en 2 \u00e1ngulos: 92 \u00f3 100\u00ba y con curvatura de 0 \u00f3 3 cm. Su estilizado dise\u00f1o hace que una vez quitadas las ruedas y plegado el respaldo la silla quede reducida a un sencillo chasis en forma de L. Esto, unido a la ligereza de la silla, hace que sea muy f\u00e1cil de introducir en el coche incluso por el propio usuario. Fuerte, eficiente y robusta. Argon 2 ha sido aprobada para su uso con handbikes, testada para el transporte en veh\u00edculos seg\u00fan ISO 7176-19 y est\u00e1 homologada para usuarios de hasta 140 kg (con opci\u00f3n de pletina del eje reforzada).<\/p>\n<p><strong>Argon 2 &#8211; Una silla a tu medida<\/strong><\/p>\n<p>Personaliza tu Argon 2 y crea la silla perfecta para ti con una amplia selecci\u00f3n de colores de armaz\u00f3n, llantas, horquillas y detalles de color en la tapicer\u00eda. \u00a1Tan \u00fanica como t\u00fa!<\/p>\n","protected":false},"excerpt":{"rendered":"<p>SILLA DE RUEDAS R\u00cdGIDA Silla activa, con armaz\u00f3n r\u00edgido de aluminio. Excelente conducci\u00f3n Argon 2 ha conseguido aunar en una sola silla las ventajas de un chasis r\u00edgido y de una silla ajustable. La rigidez que le confiere su estructura fija, junto con las posibilidades de regulaci\u00f3n de la silla, convierten a la nueva Argon [&hellip;]<\/p>\n","protected":false},"featured_media":2501,"comment_status":"open","ping_status":"closed","template":"","meta":{"saved_in_kubio":false},"product_brand":[],"product_cat":[41],"product_tag":[121],"class_list":{"0":"post-2500","1":"product","2":"type-product","3":"status-publish","4":"has-post-thumbnail","6":"product_cat-sillas-de-ruedas-2","7":"product_tag-quickie","9":"first","10":"instock","11":"shipping-taxable","12":"product-type-simple"},"_links":{"self":[{"href":"https:\/\/ortopediagot.net\/Inicio\/wp-json\/wp\/v2\/product\/2500"}],"collection":[{"href":"https:\/\/ortopediagot.net\/Inicio\/wp-json\/wp\/v2\/product"}],"about":[{"href":"https:\/\/ortopediagot.net\/Inicio\/wp-json\/wp\/v2\/types\/product"}],"replies":[{"embeddable":true,"href":"https:\/\/ortopediagot.net\/Inicio\/wp-json\/wp\/v2\/comments?post=2500"}],"wp:featuredmedia":[{"embeddable":true,"href":"https:\/\/ortopediagot.net\/Inicio\/wp-json\/wp\/v2\/media\/2501"}],"wp:attachment":[{"href":"https:\/\/ortopediagot.net\/Inicio\/wp-json\/wp\/v2\/media?parent=2500"}],"wp:term":[{"taxonomy":"product_brand","embeddable":true,"href":"https:\/\/ortopediagot.net\/Inicio\/wp-json\/wp\/v2\/product_brand?post=2500"},{"taxonomy":"product_cat","embeddable":true,"href":"https:\/\/ortopediagot.net\/Inicio\/wp-json\/wp\/v2\/product_cat?post=2500"},{"taxonomy":"product_tag","embeddable":true,"href":"https:\/\/ortopediagot.net\/Inicio\/wp-json\/wp\/v2\/product_tag?post=2500"}],"curies":[{"name":"wp","href":"https:\/\/api.w.org\/{rel}","templated":true}]}}