{"id":2656,"date":"2024-06-06T10:01:43","date_gmt":"2024-06-06T09:01:43","guid":{"rendered":"https:\/\/ortopediagot.net\/?post_type=product&#038;p=2656"},"modified":"2024-06-06T10:01:44","modified_gmt":"2024-06-06T09:01:44","slug":"par-de-rampas-extra-anchas-ergo","status":"publish","type":"product","link":"https:\/\/ortopediagot.net\/Inicio\/producto\/par-de-rampas-extra-anchas-ergo\/","title":{"rendered":"PAR DE RAMPAS EXTRA ANCHAS ERGO"},"content":{"rendered":"<div>PAR DE RAMPAS EXTRA ANCHAS ERGO (825001, 825002, 825003)<\/div>\n<div><\/div>\n<div class=\"tsf-campo-acf-titulo tsf-campo-acf-titulo-caracteristicas tsf_campo-acf tsf_caracteristicas\"><strong>Caracter\u00edsticas<\/strong><\/div>\n<div><\/div>\n<div class=\"tsf-campo-acf-valores tsf-campo-acf-valores-caracteristicas tsf_campo-acf tsf_caracteristicas\">Nuestros pares de rampas Ergo extra-anchas permiten un uso seguro para sillas el\u00e9ctricas o scooters con ruedas anchas.<br \/>\nSus extremos c\u00f3nicos (\u00e1ngulo muy abierto) facilitan el giro al final de la subida.<br \/>\nLa longitud se puede ajustar al cent\u00edmetro m\u00e1s cercano gracias al exclusivo sistema de bloqueo.<br \/>\nEstructura de aluminio perforada para el drenaje del agua.<br \/>\nAncho total 30 cm, ancho de paso 25,5 cm.<br \/>\nModelo 121 cm ajustable de 81,5 a 121 cm. Peso del par 8,4 kg.<br \/>\nModelo 182 cm ajustable de 112 a 182 cm. Peso de la pareja 12 kg.<br \/>\nModelo 244 cm ajustable de 142,5 a 244 cm. Peso de la pareja 15,6 kg.<\/p>\n<p>Peso m\u00e1ximo soportado 300 kg.<\/p><\/div>\n<div><\/div>\n<div class=\"tsf-campo-acf-titulo tsf-campo-acf-titulo-pa_medidas tsf_campo-acf tsf_pa_medidas\"><strong>Medidas<\/strong><\/div>\n<div><\/div>\n<div class=\"tsf-campo-acf-valores tsf-campo-acf-valores-pa_medidas tsf_campo-acf tsf_pa_medidas\">121 CM, 182 CM, 244 CM<\/div>\n","protected":false},"excerpt":{"rendered":"<p>PAR DE RAMPAS EXTRA ANCHAS ERGO (825001, 825002, 825003) Caracter\u00edsticas Nuestros pares de rampas Ergo extra-anchas permiten un uso seguro para sillas el\u00e9ctricas o scooters con ruedas anchas. Sus extremos c\u00f3nicos (\u00e1ngulo muy abierto) facilitan el giro al final de la subida. La longitud se puede ajustar al cent\u00edmetro m\u00e1s cercano gracias al exclusivo sistema [&hellip;]<\/p>\n","protected":false},"featured_media":0,"comment_status":"open","ping_status":"closed","template":"","meta":{"saved_in_kubio":false},"product_brand":[],"product_cat":[58],"product_tag":[118],"class_list":{"0":"post-2656","1":"product","2":"type-product","3":"status-publish","5":"product_cat-rampas","6":"product_tag-emo","8":"first","9":"instock","10":"shipping-taxable","11":"product-type-simple"},"_links":{"self":[{"href":"https:\/\/ortopediagot.net\/Inicio\/wp-json\/wp\/v2\/product\/2656"}],"collection":[{"href":"https:\/\/ortopediagot.net\/Inicio\/wp-json\/wp\/v2\/product"}],"about":[{"href":"https:\/\/ortopediagot.net\/Inicio\/wp-json\/wp\/v2\/types\/product"}],"replies":[{"embeddable":true,"href":"https:\/\/ortopediagot.net\/Inicio\/wp-json\/wp\/v2\/comments?post=2656"}],"wp:attachment":[{"href":"https:\/\/ortopediagot.net\/Inicio\/wp-json\/wp\/v2\/media?parent=2656"}],"wp:term":[{"taxonomy":"product_brand","embeddable":true,"href":"https:\/\/ortopediagot.net\/Inicio\/wp-json\/wp\/v2\/product_brand?post=2656"},{"taxonomy":"product_cat","embeddable":true,"href":"https:\/\/ortopediagot.net\/Inicio\/wp-json\/wp\/v2\/product_cat?post=2656"},{"taxonomy":"product_tag","embeddable":true,"href":"https:\/\/ortopediagot.net\/Inicio\/wp-json\/wp\/v2\/product_tag?post=2656"}],"curies":[{"name":"wp","href":"https:\/\/api.w.org\/{rel}","templated":true}]}}