{"id":2665,"date":"2024-06-06T10:31:20","date_gmt":"2024-06-06T09:31:20","guid":{"rendered":"https:\/\/ortopediagot.net\/?post_type=product&#038;p=2665"},"modified":"2024-06-06T10:31:21","modified_gmt":"2024-06-06T09:31:21","slug":"par-de-rampas-telescopicas-ergo","status":"publish","type":"product","link":"https:\/\/ortopediagot.net\/Inicio\/producto\/par-de-rampas-telescopicas-ergo\/","title":{"rendered":"PAR DE RAMPAS TELESC\u00d3PICAS ERGO"},"content":{"rendered":"<p>PAR DE RAMPAS TELESC\u00d3PICAS ERGO (825040, 825041, 825091)<\/p>\n<div class=\"tsf-campo-acf-titulo tsf-campo-acf-titulo-caracteristicas tsf_campo-acf tsf_caracteristicas\"><strong>Caracter\u00edsticas<\/strong><\/div>\n<div><\/div>\n<div class=\"tsf-campo-acf-valores tsf-campo-acf-valores-caracteristicas tsf_campo-acf tsf_caracteristicas\">Nuestras rampas telesc\u00f3picas de aluminio Ergo facilitan el acceso a las sillas manuales y el\u00e9ctricas.<br \/>\nSon telesc\u00f3picas para ser almacenadas en un espacio limitado.<br \/>\nEl manejo de nuestras rampas es muy f\u00e1cil gracias a las piezas de contacto de pl\u00e1stico, y gracias a las patas que bloquean las diferentes posiciones.<br \/>\nTienen un antideslizante de goma bajo el borde superior.<br \/>\nEst\u00e1n equipados con un asa ancha y c\u00f3moda para el transporte.<br \/>\nEl par de 152 cm se puede guardar en 92 x 23 x 6 cm.<br \/>\nPeso de la pareja: 8,70 kg (4,35 kg por elemento).<br \/>\nEl par de 213 cm se puede almacenar en 128 x 23 x 6 cm.<br \/>\nPeso de la pareja: 12 kg (6 kg por elemento).<br \/>\nEl par de 300 cm est\u00e1 dispuesto en 3 partes en 115 x 23 x 6 cm. Peso de la pareja: 17,2 kg (8,6 kg por elemento).<\/div>\n<div class=\"tsf-campo-acf-titulo tsf-campo-acf-titulo-pa_medidas tsf_campo-acf tsf_pa_medidas\"><\/div>\n<div><strong>Medidas<\/strong><\/div>\n<div><\/div>\n<div class=\"tsf-campo-acf-valores tsf-campo-acf-valores-pa_medidas tsf_campo-acf tsf_pa_medidas\">152 CM, 213 CM, 300 CM<\/div>\n","protected":false},"excerpt":{"rendered":"<p>PAR DE RAMPAS TELESC\u00d3PICAS ERGO (825040, 825041, 825091) Caracter\u00edsticas Nuestras rampas telesc\u00f3picas de aluminio Ergo facilitan el acceso a las sillas manuales y el\u00e9ctricas. Son telesc\u00f3picas para ser almacenadas en un espacio limitado. El manejo de nuestras rampas es muy f\u00e1cil gracias a las piezas de contacto de pl\u00e1stico, y gracias a las patas que [&hellip;]<\/p>\n","protected":false},"featured_media":0,"comment_status":"open","ping_status":"closed","template":"","meta":{"saved_in_kubio":false},"product_brand":[],"product_cat":[58],"product_tag":[118],"class_list":{"0":"post-2665","1":"product","2":"type-product","3":"status-publish","5":"product_cat-rampas","6":"product_tag-emo","8":"first","9":"instock","10":"shipping-taxable","11":"product-type-simple"},"_links":{"self":[{"href":"https:\/\/ortopediagot.net\/Inicio\/wp-json\/wp\/v2\/product\/2665"}],"collection":[{"href":"https:\/\/ortopediagot.net\/Inicio\/wp-json\/wp\/v2\/product"}],"about":[{"href":"https:\/\/ortopediagot.net\/Inicio\/wp-json\/wp\/v2\/types\/product"}],"replies":[{"embeddable":true,"href":"https:\/\/ortopediagot.net\/Inicio\/wp-json\/wp\/v2\/comments?post=2665"}],"wp:attachment":[{"href":"https:\/\/ortopediagot.net\/Inicio\/wp-json\/wp\/v2\/media?parent=2665"}],"wp:term":[{"taxonomy":"product_brand","embeddable":true,"href":"https:\/\/ortopediagot.net\/Inicio\/wp-json\/wp\/v2\/product_brand?post=2665"},{"taxonomy":"product_cat","embeddable":true,"href":"https:\/\/ortopediagot.net\/Inicio\/wp-json\/wp\/v2\/product_cat?post=2665"},{"taxonomy":"product_tag","embeddable":true,"href":"https:\/\/ortopediagot.net\/Inicio\/wp-json\/wp\/v2\/product_tag?post=2665"}],"curies":[{"name":"wp","href":"https:\/\/api.w.org\/{rel}","templated":true}]}}