{"id":2666,"date":"2024-06-06T10:33:39","date_gmt":"2024-06-06T09:33:39","guid":{"rendered":"https:\/\/ortopediagot.net\/?post_type=product&#038;p=2666"},"modified":"2024-06-06T10:33:39","modified_gmt":"2024-06-06T09:33:39","slug":"barras-telescopicas-eco","status":"publish","type":"product","link":"https:\/\/ortopediagot.net\/Inicio\/producto\/barras-telescopicas-eco\/","title":{"rendered":"BARRAS TELESC\u00d3PICAS ECO"},"content":{"rendered":"<p>BARRAS TELESC\u00d3PICAS ECO (826079, 825042, 825043)<\/p>\n<div class=\"tsf-campo-acf-titulo tsf-campo-acf-titulo-caracteristicas tsf_campo-acf tsf_caracteristicas\"><strong>Caracter\u00edsticas<\/strong><\/div>\n<div><\/div>\n<div class=\"tsf-campo-acf-valores tsf-campo-acf-valores-caracteristicas tsf_campo-acf tsf_caracteristicas\">Este par de rampas de acceso telesc\u00f3picas en 3 partes.<br \/>\nF\u00e1cil de transportar.<br \/>\nViene con una bolsa de transporte.<br \/>\nMaterial de aluminio con antideslizante en la parte superior. Dimensiones : Longitud de 73 a 150 cm.<br \/>\nAncho interior de cada pista 11 cm.<br \/>\nPeso 5,50 kg.<\/div>\n<div class=\"tsf-campo-acf-titulo tsf-campo-acf-titulo-pa_medidas tsf_campo-acf tsf_pa_medidas\"><\/div>\n<div><strong>Medidas<\/strong><\/div>\n<div><\/div>\n<div class=\"tsf-campo-acf-valores tsf-campo-acf-valores-pa_medidas tsf_campo-acf tsf_pa_medidas\">150 CM, 244 CM<\/div>\n","protected":false},"excerpt":{"rendered":"<p>BARRAS TELESC\u00d3PICAS ECO (826079, 825042, 825043) Caracter\u00edsticas Este par de rampas de acceso telesc\u00f3picas en 3 partes. F\u00e1cil de transportar. Viene con una bolsa de transporte. Material de aluminio con antideslizante en la parte superior. Dimensiones : Longitud de 73 a 150 cm. Ancho interior de cada pista 11 cm. Peso 5,50 kg. Medidas 150 [&hellip;]<\/p>\n","protected":false},"featured_media":2667,"comment_status":"open","ping_status":"closed","template":"","meta":{"saved_in_kubio":false},"product_brand":[],"product_cat":[58],"product_tag":[118],"class_list":{"0":"post-2666","1":"product","2":"type-product","3":"status-publish","4":"has-post-thumbnail","6":"product_cat-rampas","7":"product_tag-emo","9":"first","10":"instock","11":"shipping-taxable","12":"product-type-simple"},"_links":{"self":[{"href":"https:\/\/ortopediagot.net\/Inicio\/wp-json\/wp\/v2\/product\/2666"}],"collection":[{"href":"https:\/\/ortopediagot.net\/Inicio\/wp-json\/wp\/v2\/product"}],"about":[{"href":"https:\/\/ortopediagot.net\/Inicio\/wp-json\/wp\/v2\/types\/product"}],"replies":[{"embeddable":true,"href":"https:\/\/ortopediagot.net\/Inicio\/wp-json\/wp\/v2\/comments?post=2666"}],"wp:featuredmedia":[{"embeddable":true,"href":"https:\/\/ortopediagot.net\/Inicio\/wp-json\/wp\/v2\/media\/2667"}],"wp:attachment":[{"href":"https:\/\/ortopediagot.net\/Inicio\/wp-json\/wp\/v2\/media?parent=2666"}],"wp:term":[{"taxonomy":"product_brand","embeddable":true,"href":"https:\/\/ortopediagot.net\/Inicio\/wp-json\/wp\/v2\/product_brand?post=2666"},{"taxonomy":"product_cat","embeddable":true,"href":"https:\/\/ortopediagot.net\/Inicio\/wp-json\/wp\/v2\/product_cat?post=2666"},{"taxonomy":"product_tag","embeddable":true,"href":"https:\/\/ortopediagot.net\/Inicio\/wp-json\/wp\/v2\/product_tag?post=2666"}],"curies":[{"name":"wp","href":"https:\/\/api.w.org\/{rel}","templated":true}]}}