{"id":2676,"date":"2024-06-06T10:40:12","date_gmt":"2024-06-06T09:40:12","guid":{"rendered":"https:\/\/ortopediagot.net\/?post_type=product&#038;p=2676"},"modified":"2024-06-06T10:40:13","modified_gmt":"2024-06-06T09:40:13","slug":"rampa-umbral-826136","status":"publish","type":"product","link":"https:\/\/ortopediagot.net\/Inicio\/producto\/rampa-umbral-826136\/","title":{"rendered":"RAMPA UMBRAL (826136)"},"content":{"rendered":"<div class=\"tsf-campo-acf-titulo tsf-campo-acf-titulo-caracteristicas tsf_campo-acf tsf_caracteristicas\"><strong>Caracter\u00edsticas<\/strong><\/div>\n<div><\/div>\n<div class=\"tsf-campo-acf-valores tsf-campo-acf-valores-caracteristicas tsf_campo-acf tsf_caracteristicas\">Nuestra rampa de umbral de aluminio a cuadros es ideal para atravesar ventanales u obst\u00e1culos de 8 a 10 cm. Material resistente a la corrosi\u00f3n que se puede instalar permanentemente en exteriores.<br \/>\nPeso 8 kg.<br \/>\nDimensiones: Longitud. 100x ancho. 75 cm.<br \/>\nPeso m\u00e1ximo autorizado 200 kg.<\/div>\n","protected":false},"excerpt":{"rendered":"<p>Caracter\u00edsticas Nuestra rampa de umbral de aluminio a cuadros es ideal para atravesar ventanales u obst\u00e1culos de 8 a 10 cm. Material resistente a la corrosi\u00f3n que se puede instalar permanentemente en exteriores. Peso 8 kg. Dimensiones: Longitud. 100x ancho. 75 cm. Peso m\u00e1ximo autorizado 200 kg.<\/p>\n","protected":false},"featured_media":2677,"comment_status":"open","ping_status":"closed","template":"","meta":{"saved_in_kubio":false},"product_brand":[],"product_cat":[58],"product_tag":[118],"class_list":{"0":"post-2676","1":"product","2":"type-product","3":"status-publish","4":"has-post-thumbnail","6":"product_cat-rampas","7":"product_tag-emo","9":"first","10":"instock","11":"shipping-taxable","12":"product-type-simple"},"_links":{"self":[{"href":"https:\/\/ortopediagot.net\/Inicio\/wp-json\/wp\/v2\/product\/2676"}],"collection":[{"href":"https:\/\/ortopediagot.net\/Inicio\/wp-json\/wp\/v2\/product"}],"about":[{"href":"https:\/\/ortopediagot.net\/Inicio\/wp-json\/wp\/v2\/types\/product"}],"replies":[{"embeddable":true,"href":"https:\/\/ortopediagot.net\/Inicio\/wp-json\/wp\/v2\/comments?post=2676"}],"wp:featuredmedia":[{"embeddable":true,"href":"https:\/\/ortopediagot.net\/Inicio\/wp-json\/wp\/v2\/media\/2677"}],"wp:attachment":[{"href":"https:\/\/ortopediagot.net\/Inicio\/wp-json\/wp\/v2\/media?parent=2676"}],"wp:term":[{"taxonomy":"product_brand","embeddable":true,"href":"https:\/\/ortopediagot.net\/Inicio\/wp-json\/wp\/v2\/product_brand?post=2676"},{"taxonomy":"product_cat","embeddable":true,"href":"https:\/\/ortopediagot.net\/Inicio\/wp-json\/wp\/v2\/product_cat?post=2676"},{"taxonomy":"product_tag","embeddable":true,"href":"https:\/\/ortopediagot.net\/Inicio\/wp-json\/wp\/v2\/product_tag?post=2676"}],"curies":[{"name":"wp","href":"https:\/\/api.w.org\/{rel}","templated":true}]}}