{"id":2685,"date":"2024-06-06T10:48:00","date_gmt":"2024-06-06T09:48:00","guid":{"rendered":"https:\/\/ortopediagot.net\/?post_type=product&#038;p=2685"},"modified":"2024-06-06T10:48:01","modified_gmt":"2024-06-06T09:48:01","slug":"rampa-plegable-tipo-maleta-ergo","status":"publish","type":"product","link":"https:\/\/ortopediagot.net\/Inicio\/producto\/rampa-plegable-tipo-maleta-ergo\/","title":{"rendered":"RAMPA PLEGABLE TIPO MALETA ERGO"},"content":{"rendered":"<p>RAMPA PLEGABLE TIPO MALETA ERGO (825044, 825045, 825046, 825047, 825048)<\/p>\n<div class=\"tsf-campo-acf-titulo tsf-campo-acf-titulo-caracteristicas tsf_campo-acf tsf_caracteristicas\"><strong>Caracter\u00edsticas<\/strong><\/div>\n<div><\/div>\n<div class=\"tsf-campo-acf-valores tsf-campo-acf-valores-caracteristicas tsf_campo-acf tsf_caracteristicas\">Nuestra rampa para maletas proporciona un f\u00e1cil acceso para todas las sillas de ruedas o scooters.<br \/>\nGracias a sus bordes anchos, usted ser\u00e1 guiado con seguridad. Equipado con un mango suave y c\u00f3modo.<br \/>\nEstructura de aluminio antideslizante.<br \/>\n5 longitudes disponibles.<br \/>\nAncho total 78 cm.<br \/>\nAncho plegado 39 cm.<\/div>\n<div class=\"tsf-campo-acf-titulo tsf-campo-acf-titulo-pa_medidas tsf_campo-acf tsf_pa_medidas\"><\/div>\n<div><strong>Medidas<\/strong><\/div>\n<div><\/div>\n<div class=\"tsf-campo-acf-valores tsf-campo-acf-valores-pa_medidas tsf_campo-acf tsf_pa_medidas\">61 CM, 91 CM, 152 CM, 183 CM, 213 CM<\/div>\n","protected":false},"excerpt":{"rendered":"<p>RAMPA PLEGABLE TIPO MALETA ERGO (825044, 825045, 825046, 825047, 825048) Caracter\u00edsticas Nuestra rampa para maletas proporciona un f\u00e1cil acceso para todas las sillas de ruedas o scooters. Gracias a sus bordes anchos, usted ser\u00e1 guiado con seguridad. Equipado con un mango suave y c\u00f3modo. Estructura de aluminio antideslizante. 5 longitudes disponibles. Ancho total 78 cm. [&hellip;]<\/p>\n","protected":false},"featured_media":2686,"comment_status":"open","ping_status":"closed","template":"","meta":{"saved_in_kubio":false},"product_brand":[],"product_cat":[58],"product_tag":[118],"class_list":{"0":"post-2685","1":"product","2":"type-product","3":"status-publish","4":"has-post-thumbnail","6":"product_cat-rampas","7":"product_tag-emo","9":"first","10":"instock","11":"shipping-taxable","12":"product-type-simple"},"_links":{"self":[{"href":"https:\/\/ortopediagot.net\/Inicio\/wp-json\/wp\/v2\/product\/2685"}],"collection":[{"href":"https:\/\/ortopediagot.net\/Inicio\/wp-json\/wp\/v2\/product"}],"about":[{"href":"https:\/\/ortopediagot.net\/Inicio\/wp-json\/wp\/v2\/types\/product"}],"replies":[{"embeddable":true,"href":"https:\/\/ortopediagot.net\/Inicio\/wp-json\/wp\/v2\/comments?post=2685"}],"wp:featuredmedia":[{"embeddable":true,"href":"https:\/\/ortopediagot.net\/Inicio\/wp-json\/wp\/v2\/media\/2686"}],"wp:attachment":[{"href":"https:\/\/ortopediagot.net\/Inicio\/wp-json\/wp\/v2\/media?parent=2685"}],"wp:term":[{"taxonomy":"product_brand","embeddable":true,"href":"https:\/\/ortopediagot.net\/Inicio\/wp-json\/wp\/v2\/product_brand?post=2685"},{"taxonomy":"product_cat","embeddable":true,"href":"https:\/\/ortopediagot.net\/Inicio\/wp-json\/wp\/v2\/product_cat?post=2685"},{"taxonomy":"product_tag","embeddable":true,"href":"https:\/\/ortopediagot.net\/Inicio\/wp-json\/wp\/v2\/product_tag?post=2685"}],"curies":[{"name":"wp","href":"https:\/\/api.w.org\/{rel}","templated":true}]}}