{"id":2690,"date":"2024-06-06T10:50:00","date_gmt":"2024-06-06T09:50:00","guid":{"rendered":"https:\/\/ortopediagot.net\/?post_type=product&#038;p=2690"},"modified":"2024-06-06T10:50:01","modified_gmt":"2024-06-06T09:50:01","slug":"rampa-ergo-easy-plegable-183-cm","status":"publish","type":"product","link":"https:\/\/ortopediagot.net\/Inicio\/producto\/rampa-ergo-easy-plegable-183-cm\/","title":{"rendered":"RAMPA ERGO EASY PLEGABLE 183 CM"},"content":{"rendered":"<p>RAMPA ERGO EASY PLEGABLE 183 CM (825049)<\/p>\n<div class=\"tsf-campo-acf-titulo tsf-campo-acf-titulo-caracteristicas tsf_campo-acf tsf_caracteristicas\"><strong>Caracter\u00edsticas<\/strong><\/div>\n<div><\/div>\n<div class=\"tsf-campo-acf-valores tsf-campo-acf-valores-caracteristicas tsf_campo-acf tsf_caracteristicas\">Nuestra rampa plegable Ergo Easy consta de 2 elementos m\u00f3viles que se fijan.<br \/>\nCuando las dos partes est\u00e1n unidas, la anchura \u00fatil de paso es de 72 cm, pero es posible separarlas para obtener una anchura mayor.<br \/>\nUna vez utilizadas, las dos partes se doblan por la mitad, de modo que pueden llevarse en cada mano y caber f\u00e1cilmente en un maletero.<br \/>\nEstructura de aluminio reforzado.<br \/>\nCada elemento est\u00e1 equipado con un sistema de cierre plegable.Dimensiones de uso: Longitud 183 x Ancho 72 cm min.<br \/>\nDimensiones plegado: Largo 92 x ancho 40 x espesor 27 cm.<br \/>\nPeso total 16,9 kg (8,4 kg por elemento).<\/div>\n","protected":false},"excerpt":{"rendered":"<p>RAMPA ERGO EASY PLEGABLE 183 CM (825049) Caracter\u00edsticas Nuestra rampa plegable Ergo Easy consta de 2 elementos m\u00f3viles que se fijan. Cuando las dos partes est\u00e1n unidas, la anchura \u00fatil de paso es de 72 cm, pero es posible separarlas para obtener una anchura mayor. Una vez utilizadas, las dos partes se doblan por la [&hellip;]<\/p>\n","protected":false},"featured_media":2691,"comment_status":"open","ping_status":"closed","template":"","meta":{"saved_in_kubio":false},"product_brand":[],"product_cat":[58],"product_tag":[118],"class_list":{"0":"post-2690","1":"product","2":"type-product","3":"status-publish","4":"has-post-thumbnail","6":"product_cat-rampas","7":"product_tag-emo","9":"first","10":"instock","11":"shipping-taxable","12":"product-type-simple"},"_links":{"self":[{"href":"https:\/\/ortopediagot.net\/Inicio\/wp-json\/wp\/v2\/product\/2690"}],"collection":[{"href":"https:\/\/ortopediagot.net\/Inicio\/wp-json\/wp\/v2\/product"}],"about":[{"href":"https:\/\/ortopediagot.net\/Inicio\/wp-json\/wp\/v2\/types\/product"}],"replies":[{"embeddable":true,"href":"https:\/\/ortopediagot.net\/Inicio\/wp-json\/wp\/v2\/comments?post=2690"}],"wp:featuredmedia":[{"embeddable":true,"href":"https:\/\/ortopediagot.net\/Inicio\/wp-json\/wp\/v2\/media\/2691"}],"wp:attachment":[{"href":"https:\/\/ortopediagot.net\/Inicio\/wp-json\/wp\/v2\/media?parent=2690"}],"wp:term":[{"taxonomy":"product_brand","embeddable":true,"href":"https:\/\/ortopediagot.net\/Inicio\/wp-json\/wp\/v2\/product_brand?post=2690"},{"taxonomy":"product_cat","embeddable":true,"href":"https:\/\/ortopediagot.net\/Inicio\/wp-json\/wp\/v2\/product_cat?post=2690"},{"taxonomy":"product_tag","embeddable":true,"href":"https:\/\/ortopediagot.net\/Inicio\/wp-json\/wp\/v2\/product_tag?post=2690"}],"curies":[{"name":"wp","href":"https:\/\/api.w.org\/{rel}","templated":true}]}}