{"id":2702,"date":"2024-06-06T11:02:52","date_gmt":"2024-06-06T10:02:52","guid":{"rendered":"https:\/\/ortopediagot.net\/?post_type=product&#038;p=2702"},"modified":"2024-06-06T11:02:53","modified_gmt":"2024-06-06T10:02:53","slug":"rampa-de-umbral-excelent-systems-kit-0","status":"publish","type":"product","link":"https:\/\/ortopediagot.net\/Inicio\/producto\/rampa-de-umbral-excelent-systems-kit-0\/","title":{"rendered":"RAMPA DE UMBRAL EXCELENT SYSTEMS KIT 0"},"content":{"rendered":"<p>RAMPA DE UMBRAL EXCELENT SYSTEMS KIT 0 (825066)<\/p>\n<div class=\"tsf-campo-acf-titulo tsf-campo-acf-titulo-caracteristicas tsf_campo-acf tsf_caracteristicas\"><strong>Caracter\u00edsticas<\/strong><\/div>\n<div><\/div>\n<div class=\"tsf-campo-acf-valores tsf-campo-acf-valores-caracteristicas tsf_campo-acf tsf_caracteristicas\">Especialmente dise\u00f1ado para el alf\u00e9izar de una puerta o puerta corredera, generalmente de 75 cm de ancho.<br \/>\nEl juego incluye un lado superior con dimensiones: 125 x profundidad 25 x altura 3,9 cm ,equipado con cuernos y un lado bajo de las dimensiones: ancho 100 x profundidad 12,5 x altura 2,4 cm tambi\u00e9n equipado con cuernos.<br \/>\nSe entrega con instrucciones de montaje.<\/div>\n","protected":false},"excerpt":{"rendered":"<p>RAMPA DE UMBRAL EXCELENT SYSTEMS KIT 0 (825066) Caracter\u00edsticas Especialmente dise\u00f1ado para el alf\u00e9izar de una puerta o puerta corredera, generalmente de 75 cm de ancho. El juego incluye un lado superior con dimensiones: 125 x profundidad 25 x altura 3,9 cm ,equipado con cuernos y un lado bajo de las dimensiones: ancho 100 x [&hellip;]<\/p>\n","protected":false},"featured_media":0,"comment_status":"open","ping_status":"closed","template":"","meta":{"saved_in_kubio":false},"product_brand":[],"product_cat":[58],"product_tag":[118],"class_list":{"0":"post-2702","1":"product","2":"type-product","3":"status-publish","5":"product_cat-rampas","6":"product_tag-emo","8":"first","9":"instock","10":"shipping-taxable","11":"product-type-simple"},"_links":{"self":[{"href":"https:\/\/ortopediagot.net\/Inicio\/wp-json\/wp\/v2\/product\/2702"}],"collection":[{"href":"https:\/\/ortopediagot.net\/Inicio\/wp-json\/wp\/v2\/product"}],"about":[{"href":"https:\/\/ortopediagot.net\/Inicio\/wp-json\/wp\/v2\/types\/product"}],"replies":[{"embeddable":true,"href":"https:\/\/ortopediagot.net\/Inicio\/wp-json\/wp\/v2\/comments?post=2702"}],"wp:attachment":[{"href":"https:\/\/ortopediagot.net\/Inicio\/wp-json\/wp\/v2\/media?parent=2702"}],"wp:term":[{"taxonomy":"product_brand","embeddable":true,"href":"https:\/\/ortopediagot.net\/Inicio\/wp-json\/wp\/v2\/product_brand?post=2702"},{"taxonomy":"product_cat","embeddable":true,"href":"https:\/\/ortopediagot.net\/Inicio\/wp-json\/wp\/v2\/product_cat?post=2702"},{"taxonomy":"product_tag","embeddable":true,"href":"https:\/\/ortopediagot.net\/Inicio\/wp-json\/wp\/v2\/product_tag?post=2702"}],"curies":[{"name":"wp","href":"https:\/\/api.w.org\/{rel}","templated":true}]}}