{"id":2725,"date":"2024-06-06T11:53:21","date_gmt":"2024-06-06T10:53:21","guid":{"rendered":"https:\/\/ortopediagot.net\/?post_type=product&#038;p=2725"},"modified":"2024-06-06T11:53:21","modified_gmt":"2024-06-06T10:53:21","slug":"rampa-plegable-careslope","status":"publish","type":"product","link":"https:\/\/ortopediagot.net\/Inicio\/producto\/rampa-plegable-careslope\/","title":{"rendered":"RAMPA PLEGABLE CARESLOPE"},"content":{"rendered":"<div>RAMPA PLEGABLE CARESLOPE (825120, 825121, 825122, 825123, 825124, 825125, 825126)<\/div>\n<div><\/div>\n<div class=\"tsf-campo-acf-titulo tsf-campo-acf-titulo-caracteristicas tsf_campo-acf tsf_caracteristicas\"><strong>Caracter\u00edsticas<\/strong><\/div>\n<div><\/div>\n<div class=\"tsf-campo-acf-titulo tsf-campo-acf-titulo-caracteristicas tsf_campo-acf tsf_caracteristicas\">Rampa de alta gama<br \/>\nLa gama Careslope ha sido desarrollada con una preocupaci\u00f3n por la calidad y la robustez excepcional para el acceso de veh\u00edculos.<br \/>\nCada rampa tipo maleta se pliega f\u00e1cilmente y tiene un c\u00f3modo asa textil. Equipado con bordes laterales de 26 mm y bordes de goma en la parte superior e inferior.<br \/>\nAncho de paso \/ total: 69 \/ 71 cm.<br \/>\nPlegable hasta un ancho de 36 cm.<\/div>\n<div class=\"tsf-campo-acf-titulo tsf-campo-acf-titulo-pa_medidas tsf_campo-acf tsf_pa_medidas\"><\/div>\n<div><strong>Medidas<\/strong><\/div>\n<div><\/div>\n<div class=\"tsf-campo-acf-valores tsf-campo-acf-valores-pa_medidas tsf_campo-acf tsf_pa_medidas\">65 CM, 100 CM, 120 CM, 150 CM, 200 CM, 285 CM, 240 CM<\/div>\n","protected":false},"excerpt":{"rendered":"<p>RAMPA PLEGABLE CARESLOPE (825120, 825121, 825122, 825123, 825124, 825125, 825126) Caracter\u00edsticas Rampa de alta gama La gama Careslope ha sido desarrollada con una preocupaci\u00f3n por la calidad y la robustez excepcional para el acceso de veh\u00edculos. Cada rampa tipo maleta se pliega f\u00e1cilmente y tiene un c\u00f3modo asa textil. Equipado con bordes laterales de 26 [&hellip;]<\/p>\n","protected":false},"featured_media":2726,"comment_status":"open","ping_status":"closed","template":"","meta":{"saved_in_kubio":false},"product_brand":[],"product_cat":[58],"product_tag":[118],"class_list":{"0":"post-2725","1":"product","2":"type-product","3":"status-publish","4":"has-post-thumbnail","6":"product_cat-rampas","7":"product_tag-emo","9":"first","10":"instock","11":"shipping-taxable","12":"product-type-simple"},"_links":{"self":[{"href":"https:\/\/ortopediagot.net\/Inicio\/wp-json\/wp\/v2\/product\/2725"}],"collection":[{"href":"https:\/\/ortopediagot.net\/Inicio\/wp-json\/wp\/v2\/product"}],"about":[{"href":"https:\/\/ortopediagot.net\/Inicio\/wp-json\/wp\/v2\/types\/product"}],"replies":[{"embeddable":true,"href":"https:\/\/ortopediagot.net\/Inicio\/wp-json\/wp\/v2\/comments?post=2725"}],"wp:featuredmedia":[{"embeddable":true,"href":"https:\/\/ortopediagot.net\/Inicio\/wp-json\/wp\/v2\/media\/2726"}],"wp:attachment":[{"href":"https:\/\/ortopediagot.net\/Inicio\/wp-json\/wp\/v2\/media?parent=2725"}],"wp:term":[{"taxonomy":"product_brand","embeddable":true,"href":"https:\/\/ortopediagot.net\/Inicio\/wp-json\/wp\/v2\/product_brand?post=2725"},{"taxonomy":"product_cat","embeddable":true,"href":"https:\/\/ortopediagot.net\/Inicio\/wp-json\/wp\/v2\/product_cat?post=2725"},{"taxonomy":"product_tag","embeddable":true,"href":"https:\/\/ortopediagot.net\/Inicio\/wp-json\/wp\/v2\/product_tag?post=2725"}],"curies":[{"name":"wp","href":"https:\/\/api.w.org\/{rel}","templated":true}]}}