{"id":2729,"date":"2024-06-06T11:55:29","date_gmt":"2024-06-06T10:55:29","guid":{"rendered":"https:\/\/ortopediagot.net\/?post_type=product&#038;p=2729"},"modified":"2024-06-06T11:55:30","modified_gmt":"2024-06-06T10:55:30","slug":"rampa-tipo-maleta-plegable-en-4","status":"publish","type":"product","link":"https:\/\/ortopediagot.net\/Inicio\/producto\/rampa-tipo-maleta-plegable-en-4\/","title":{"rendered":"RAMPA TIPO MALETA PLEGABLE EN 4"},"content":{"rendered":"<div>RAMPA TIPO MALETA PLEGABLE EN 4 (825136, 825137, 825138, 825139, 825140)<\/div>\n<div><\/div>\n<div class=\"tsf-campo-acf-titulo tsf-campo-acf-titulo-caracteristicas tsf_campo-acf tsf_caracteristicas\"><strong>Caracter\u00edsticas<\/strong><\/div>\n<div><\/div>\n<div class=\"tsf-campo-acf-valores tsf-campo-acf-valores-caracteristicas tsf_campo-acf tsf_caracteristicas\">F\u00e1cil de guardar en el maletero<br \/>\nEsta gama de rampas tipo maleta es mucho m\u00e1s pr\u00e1ctica para el uso diario porque se pliega en 4, a lo largo y a lo ancho. Es ideal para guardarlo en un maletero. Ofrece su gran anchura de v\u00eda en una sola pieza.<br \/>\nAnchura 78 cm, ancho \u00fatil 76 cm.<br \/>\n5 longitudes disponibles (cm): 122, 152, 183, 213,244<\/div>\n<div><\/div>\n","protected":false},"excerpt":{"rendered":"<p>RAMPA TIPO MALETA PLEGABLE EN 4 (825136, 825137, 825138, 825139, 825140) Caracter\u00edsticas F\u00e1cil de guardar en el maletero Esta gama de rampas tipo maleta es mucho m\u00e1s pr\u00e1ctica para el uso diario porque se pliega en 4, a lo largo y a lo ancho. Es ideal para guardarlo en un maletero. Ofrece su gran anchura [&hellip;]<\/p>\n","protected":false},"featured_media":2731,"comment_status":"open","ping_status":"closed","template":"","meta":{"saved_in_kubio":false},"product_brand":[],"product_cat":[58],"product_tag":[118],"class_list":{"0":"post-2729","1":"product","2":"type-product","3":"status-publish","4":"has-post-thumbnail","6":"product_cat-rampas","7":"product_tag-emo","9":"first","10":"instock","11":"shipping-taxable","12":"product-type-simple"},"_links":{"self":[{"href":"https:\/\/ortopediagot.net\/Inicio\/wp-json\/wp\/v2\/product\/2729"}],"collection":[{"href":"https:\/\/ortopediagot.net\/Inicio\/wp-json\/wp\/v2\/product"}],"about":[{"href":"https:\/\/ortopediagot.net\/Inicio\/wp-json\/wp\/v2\/types\/product"}],"replies":[{"embeddable":true,"href":"https:\/\/ortopediagot.net\/Inicio\/wp-json\/wp\/v2\/comments?post=2729"}],"wp:featuredmedia":[{"embeddable":true,"href":"https:\/\/ortopediagot.net\/Inicio\/wp-json\/wp\/v2\/media\/2731"}],"wp:attachment":[{"href":"https:\/\/ortopediagot.net\/Inicio\/wp-json\/wp\/v2\/media?parent=2729"}],"wp:term":[{"taxonomy":"product_brand","embeddable":true,"href":"https:\/\/ortopediagot.net\/Inicio\/wp-json\/wp\/v2\/product_brand?post=2729"},{"taxonomy":"product_cat","embeddable":true,"href":"https:\/\/ortopediagot.net\/Inicio\/wp-json\/wp\/v2\/product_cat?post=2729"},{"taxonomy":"product_tag","embeddable":true,"href":"https:\/\/ortopediagot.net\/Inicio\/wp-json\/wp\/v2\/product_tag?post=2729"}],"curies":[{"name":"wp","href":"https:\/\/api.w.org\/{rel}","templated":true}]}}