{"id":2732,"date":"2024-06-06T11:57:33","date_gmt":"2024-06-06T10:57:33","guid":{"rendered":"https:\/\/ortopediagot.net\/?post_type=product&#038;p=2732"},"modified":"2024-06-06T11:57:34","modified_gmt":"2024-06-06T10:57:34","slug":"rampa-plegable-ligera-feal-825145-825146-825147-825148","status":"publish","type":"product","link":"https:\/\/ortopediagot.net\/Inicio\/producto\/rampa-plegable-ligera-feal-825145-825146-825147-825148\/","title":{"rendered":"RAMPA PLEGABLE LIGERA FEAL (825145, 825146, 825147, 825148)"},"content":{"rendered":"<p>RAMPA PLEGABLE LIGERA FEAL (825145, 825146, 825147, 825148)<\/p>\n<div class=\"tsf-campo-acf-titulo tsf-campo-acf-titulo-caracteristicas tsf_campo-acf tsf_caracteristicas\"><strong>Caracter\u00edsticas<\/strong><\/div>\n<div><\/div>\n<div class=\"tsf-campo-acf-valores tsf-campo-acf-valores-caracteristicas tsf_campo-acf tsf_caracteristicas\">Rampa perforada y antideslizante que se pliega en 2 para facilitar el acceso a veh\u00edculos o edificios. Asas largas y f\u00e1ciles de agarrar con sistema de bloqueo. Estructura de aluminio. Anchura interior \u00fatil 82 cm. 4 tama\u00f1os disponibles.<\/div>\n<div class=\"tsf-campo-acf-titulo tsf-campo-acf-titulo-pa_medidas tsf_campo-acf tsf_pa_medidas\"><\/div>\n<div><strong>Medidas<\/strong><\/div>\n<div><\/div>\n<div class=\"tsf-campo-acf-valores tsf-campo-acf-valores-pa_medidas tsf_campo-acf tsf_pa_medidas\">200 CM, 280CM, 250CM, 160CM<\/div>\n","protected":false},"excerpt":{"rendered":"<p>RAMPA PLEGABLE LIGERA FEAL (825145, 825146, 825147, 825148) Caracter\u00edsticas Rampa perforada y antideslizante que se pliega en 2 para facilitar el acceso a veh\u00edculos o edificios. Asas largas y f\u00e1ciles de agarrar con sistema de bloqueo. Estructura de aluminio. Anchura interior \u00fatil 82 cm. 4 tama\u00f1os disponibles. Medidas 200 CM, 280CM, 250CM, 160CM<\/p>\n","protected":false},"featured_media":2733,"comment_status":"open","ping_status":"closed","template":"","meta":{"saved_in_kubio":false},"product_brand":[],"product_cat":[58],"product_tag":[118],"class_list":{"0":"post-2732","1":"product","2":"type-product","3":"status-publish","4":"has-post-thumbnail","6":"product_cat-rampas","7":"product_tag-emo","9":"first","10":"instock","11":"shipping-taxable","12":"product-type-simple"},"_links":{"self":[{"href":"https:\/\/ortopediagot.net\/Inicio\/wp-json\/wp\/v2\/product\/2732"}],"collection":[{"href":"https:\/\/ortopediagot.net\/Inicio\/wp-json\/wp\/v2\/product"}],"about":[{"href":"https:\/\/ortopediagot.net\/Inicio\/wp-json\/wp\/v2\/types\/product"}],"replies":[{"embeddable":true,"href":"https:\/\/ortopediagot.net\/Inicio\/wp-json\/wp\/v2\/comments?post=2732"}],"wp:featuredmedia":[{"embeddable":true,"href":"https:\/\/ortopediagot.net\/Inicio\/wp-json\/wp\/v2\/media\/2733"}],"wp:attachment":[{"href":"https:\/\/ortopediagot.net\/Inicio\/wp-json\/wp\/v2\/media?parent=2732"}],"wp:term":[{"taxonomy":"product_brand","embeddable":true,"href":"https:\/\/ortopediagot.net\/Inicio\/wp-json\/wp\/v2\/product_brand?post=2732"},{"taxonomy":"product_cat","embeddable":true,"href":"https:\/\/ortopediagot.net\/Inicio\/wp-json\/wp\/v2\/product_cat?post=2732"},{"taxonomy":"product_tag","embeddable":true,"href":"https:\/\/ortopediagot.net\/Inicio\/wp-json\/wp\/v2\/product_tag?post=2732"}],"curies":[{"name":"wp","href":"https:\/\/api.w.org\/{rel}","templated":true}]}}