{"id":2736,"date":"2024-06-06T11:58:43","date_gmt":"2024-06-06T10:58:43","guid":{"rendered":"https:\/\/ortopediagot.net\/?post_type=product&#038;p=2736"},"modified":"2024-06-06T12:03:48","modified_gmt":"2024-06-06T11:03:48","slug":"rampa-telescopica-perfolight-825149-825150-825151-825152-825153","status":"publish","type":"product","link":"https:\/\/ortopediagot.net\/Inicio\/producto\/rampa-telescopica-perfolight-825149-825150-825151-825152-825153\/","title":{"rendered":"RAMPA TELESC\u00d3PICA PERFOLIGHT"},"content":{"rendered":"<p>RAMPA TELESC\u00d3PICA PERFOLIGHT (825149, 825150, 825151, 825152, 825153)<\/p>\n<div class=\"tsf-campo-acf-titulo tsf-campo-acf-titulo-caracteristicas tsf_campo-acf tsf_caracteristicas\"><strong>Caracter\u00edsticas<\/strong><\/div>\n<div><\/div>\n<div class=\"tsf-campo-acf-valores tsf-campo-acf-valores-caracteristicas tsf_campo-acf tsf_caracteristicas\">Dise\u00f1o perforado ultraligero<br \/>\nPar de rampas de aluminio antideslizantes con un sistema de cierre \u00fanico y seguro. Anchura interior \u00fatil 19 cm para 90, 119 y 202 y 17 cm para 199 y 288 cm.<\/div>\n","protected":false},"excerpt":{"rendered":"<p>RAMPA TELESC\u00d3PICA PERFOLIGHT (825149, 825150, 825151, 825152, 825153) Caracter\u00edsticas Dise\u00f1o perforado ultraligero Par de rampas de aluminio antideslizantes con un sistema de cierre \u00fanico y seguro. Anchura interior \u00fatil 19 cm para 90, 119 y 202 y 17 cm para 199 y 288 cm.<\/p>\n","protected":false},"featured_media":2738,"comment_status":"open","ping_status":"closed","template":"","meta":{"saved_in_kubio":false},"product_brand":[],"product_cat":[58],"product_tag":[118],"class_list":{"0":"post-2736","1":"product","2":"type-product","3":"status-publish","4":"has-post-thumbnail","6":"product_cat-rampas","7":"product_tag-emo","9":"first","10":"instock","11":"shipping-taxable","12":"product-type-simple"},"_links":{"self":[{"href":"https:\/\/ortopediagot.net\/Inicio\/wp-json\/wp\/v2\/product\/2736"}],"collection":[{"href":"https:\/\/ortopediagot.net\/Inicio\/wp-json\/wp\/v2\/product"}],"about":[{"href":"https:\/\/ortopediagot.net\/Inicio\/wp-json\/wp\/v2\/types\/product"}],"replies":[{"embeddable":true,"href":"https:\/\/ortopediagot.net\/Inicio\/wp-json\/wp\/v2\/comments?post=2736"}],"wp:featuredmedia":[{"embeddable":true,"href":"https:\/\/ortopediagot.net\/Inicio\/wp-json\/wp\/v2\/media\/2738"}],"wp:attachment":[{"href":"https:\/\/ortopediagot.net\/Inicio\/wp-json\/wp\/v2\/media?parent=2736"}],"wp:term":[{"taxonomy":"product_brand","embeddable":true,"href":"https:\/\/ortopediagot.net\/Inicio\/wp-json\/wp\/v2\/product_brand?post=2736"},{"taxonomy":"product_cat","embeddable":true,"href":"https:\/\/ortopediagot.net\/Inicio\/wp-json\/wp\/v2\/product_cat?post=2736"},{"taxonomy":"product_tag","embeddable":true,"href":"https:\/\/ortopediagot.net\/Inicio\/wp-json\/wp\/v2\/product_tag?post=2736"}],"curies":[{"name":"wp","href":"https:\/\/api.w.org\/{rel}","templated":true}]}}