{"id":2749,"date":"2024-06-06T12:46:39","date_gmt":"2024-06-06T11:46:39","guid":{"rendered":"https:\/\/ortopediagot.net\/?post_type=product&#038;p=2749"},"modified":"2024-06-06T12:46:40","modified_gmt":"2024-06-06T11:46:40","slug":"scooter-traveller-plus","status":"publish","type":"product","link":"https:\/\/ortopediagot.net\/Inicio\/producto\/scooter-traveller-plus\/","title":{"rendered":"SCOOTER TRAVELLER PLUS"},"content":{"rendered":"<p>SCOOTER TRAVELLER PLUS (824054.BLUE, 824054.BLANC, 824054.ORANGE, 824054.ROUGE)<\/p>\n<div class=\"tsf-campo-acf-titulo tsf-campo-acf-titulo-caracteristicas tsf_campo-acf tsf_caracteristicas\"><strong>Caracter\u00edsticas<\/strong><\/div>\n<div><\/div>\n<div class=\"tsf-campo-acf-valores tsf-campo-acf-valores-caracteristicas tsf_campo-acf tsf_caracteristicas\">Muy c\u00f3modo gracias a sus amortiguadores delanteros y traseros<br \/>\nElegante brazo de control y c\u00f3modos manillares en forma de U<br \/>\nBater\u00eda 20 Ah<br \/>\nEl scooter Traveler Plus es un peque\u00f1o scooter que puede ir a cualquier parte.<br \/>\nPuede ser desmontado sin herramientas en 4 partes para su f\u00e1cil transporte en el maletero de un veh\u00edculo.<br \/>\nEst\u00e1 equipado con un c\u00f3modo asiento acolchado que gira 360\u00b0 y tiene apoyabrazos abatibles. Sistema de desembragado para rueda libre.<br \/>\nAjuste de la inclinaci\u00f3n del manillar. Motor de 220W. Velocidad m\u00e1xima 6,6 Km\/h. Autonom\u00eda 20 kms.<br \/>\nDimensiones : Largo 113 x ancho 57 x alto 94 cm.<br \/>\nPeso 62 kg<br \/>\nPeso m\u00e1ximo usuario: 136 kg.<\/div>\n<div class=\"tsf-campo-acf-titulo tsf-campo-acf-titulo-pa_colores tsf_campo-acf tsf_pa_colores\"><\/div>\n<div><strong>Color<\/strong><\/div>\n<div><\/div>\n<div class=\"tsf-campo-acf-valores tsf-campo-acf-valores-pa_colores tsf_campo-acf tsf_pa_colores\">AZUL, BLANCO, NARANJA, ROJO<\/div>\n","protected":false},"excerpt":{"rendered":"<p>SCOOTER TRAVELLER PLUS (824054.BLUE, 824054.BLANC, 824054.ORANGE, 824054.ROUGE) Caracter\u00edsticas Muy c\u00f3modo gracias a sus amortiguadores delanteros y traseros Elegante brazo de control y c\u00f3modos manillares en forma de U Bater\u00eda 20 Ah El scooter Traveler Plus es un peque\u00f1o scooter que puede ir a cualquier parte. Puede ser desmontado sin herramientas en 4 partes para su [&hellip;]<\/p>\n","protected":false},"featured_media":2750,"comment_status":"open","ping_status":"closed","template":"","meta":{"saved_in_kubio":false},"product_brand":[],"product_cat":[54],"product_tag":[118],"class_list":{"0":"post-2749","1":"product","2":"type-product","3":"status-publish","4":"has-post-thumbnail","6":"product_cat-scooters-electricos","7":"product_tag-emo","9":"first","10":"instock","11":"shipping-taxable","12":"product-type-simple"},"_links":{"self":[{"href":"https:\/\/ortopediagot.net\/Inicio\/wp-json\/wp\/v2\/product\/2749"}],"collection":[{"href":"https:\/\/ortopediagot.net\/Inicio\/wp-json\/wp\/v2\/product"}],"about":[{"href":"https:\/\/ortopediagot.net\/Inicio\/wp-json\/wp\/v2\/types\/product"}],"replies":[{"embeddable":true,"href":"https:\/\/ortopediagot.net\/Inicio\/wp-json\/wp\/v2\/comments?post=2749"}],"wp:featuredmedia":[{"embeddable":true,"href":"https:\/\/ortopediagot.net\/Inicio\/wp-json\/wp\/v2\/media\/2750"}],"wp:attachment":[{"href":"https:\/\/ortopediagot.net\/Inicio\/wp-json\/wp\/v2\/media?parent=2749"}],"wp:term":[{"taxonomy":"product_brand","embeddable":true,"href":"https:\/\/ortopediagot.net\/Inicio\/wp-json\/wp\/v2\/product_brand?post=2749"},{"taxonomy":"product_cat","embeddable":true,"href":"https:\/\/ortopediagot.net\/Inicio\/wp-json\/wp\/v2\/product_cat?post=2749"},{"taxonomy":"product_tag","embeddable":true,"href":"https:\/\/ortopediagot.net\/Inicio\/wp-json\/wp\/v2\/product_tag?post=2749"}],"curies":[{"name":"wp","href":"https:\/\/api.w.org\/{rel}","templated":true}]}}